{"id":14318,"date":"2024-06-20T14:09:54","date_gmt":"2024-06-20T12:09:54","guid":{"rendered":"https:\/\/agora.xtec.cat\/ceeconchaespina\/?page_id=14318"},"modified":"2025-03-06T10:10:15","modified_gmt":"2025-03-06T09:10:15","slug":"infermeria","status":"publish","type":"page","link":"https:\/\/agora.xtec.cat\/ceeconchaespina\/comunitat\/serveis-externs\/infermeria\/","title":{"rendered":"Infermeria"},"content":{"rendered":"<p><img loading=\"lazy\" decoding=\"async\" class=\"alignnone size-thumbnail wp-image-14447\" src=\"https:\/\/agora.xtec.cat\/ceeconchaespina\/wp-content\/uploads\/usu1920\/2024\/07\/INFERMERIA-1-150x150.png\" alt=\"\" width=\"150\" height=\"150\" srcset=\"https:\/\/agora.xtec.cat\/ceeconchaespina\/wp-content\/uploads\/usu1920\/2024\/07\/INFERMERIA-1-150x150.png 150w, https:\/\/agora.xtec.cat\/ceeconchaespina\/wp-content\/uploads\/usu1920\/2024\/07\/INFERMERIA-1-300x300.png 300w, https:\/\/agora.xtec.cat\/ceeconchaespina\/wp-content\/uploads\/usu1920\/2024\/07\/INFERMERIA-1.png 308w\" sizes=\"auto, (max-width: 150px) 100vw, 150px\" \/><\/p>\n<p style=\"text-align: justify;\">L&#8217;objectiu de l&#8217;infermer \u00e9s donar resposta a les necessitats dels equips docents i fam\u00edlies partint de 3 expectatives: INFORMACI\u00d3, FORMACI\u00d3 i COMUNICACI\u00d3.<\/p>\n<p style=\"text-align: justify;\">L&#8217;infermer est\u00e0 present per donar suport assistencial i ajudar els docents a resoldre situacions quotidianes amb l&#8217;alumnat de l\u2019escola.<\/p>\n<p style=\"text-align: justify;\">Realitza sessions te\u00f2ric-pr\u00e0ctiques a l&#8217;equip docent sobre el maneig de situacions habituals amb l&#8217;alumnat, augmentant aix\u00ed el coneixement i la seguretat en les actuacions, el que es tradueix en una millor atenci\u00f3.<\/p>\n<p style=\"text-align: justify;\">Tamb\u00e9 fa petits tallers formatius amb les fam\u00edlies sobre temes que els interessen.<\/p>\n<p style=\"text-align: justify;\">\u00c9s un canal de comunicaci\u00f3 entre la fam\u00edlia, l\u2019escola i els serveis assistencials.<\/p>\n<p>INFORMACI\u00d3 IMPORTANT:<\/p>\n<ul>\n<li><a href=\"https:\/\/www.hospitaldelmar.cat\/es\/noticies\/view.php?ID=1862\">NOT\u00cdCIA<\/a><\/li>\n<li><a href=\"https:\/\/drive.google.com\/file\/d\/1WnCBRX3vc64NLSkLnFe1VVv1c5vQ42pf\/view?usp=drive_link\">ANAFIL\u00b7L\u00c0XIA.<\/a><\/li>\n<li><a href=\"https:\/\/drive.google.com\/file\/d\/1B6PyWBat0he9Cv0JkJUWFqDNK610LMq7\/view?usp=drive_link\">OBSTRUCCI\u00d3 VIA A\u00c8RIA.<\/a><\/li>\n<li><a href=\"https:\/\/drive.google.com\/file\/d\/1haDB8uJ5hDTtEEPIJhMulw3YQXWhQdrg\/view?usp=drive_link\">FARMACOLOG\u00cdA.<\/a><\/li>\n<li><a href=\"https:\/\/agora.xtec.cat\/ceeconchaespina\/wp-content\/uploads\/usu1920\/2025\/03\/HIGIENE-BUCODENTAL-1.pdf\">HIGIENE BUCODENTAL.<\/a><\/li>\n<\/ul>\n","protected":false},"excerpt":{"rendered":"<p>L&#8217;objectiu de l&#8217;infermer \u00e9s donar resposta a les necessitats dels equips docents i fam\u00edlies partint de 3 expectatives: INFORMACI\u00d3, FORMACI\u00d3 i COMUNICACI\u00d3. L&#8217;infermer est\u00e0 present per donar suport assistencial i ajudar els docents a resoldre situacions quotidianes amb l&#8217;alumnat de l\u2019escola. Realitza sessions te\u00f2ric-pr\u00e0ctiques a l&#8217;equip docent sobre el maneig de situacions habituals amb l&#8217;alumnat, [&hellip;]<\/p>\n","protected":false},"author":1,"featured_media":0,"parent":538,"menu_order":10,"comment_status":"closed","ping_status":"closed","template":"page-templates\/side-menu.php","meta":{"_bbp_topic_count":0,"_bbp_reply_count":0,"_bbp_total_topic_count":0,"_bbp_total_reply_count":0,"_bbp_voice_count":0,"_bbp_anonymous_reply_count":0,"_bbp_topic_count_hidden":0,"_bbp_reply_count_hidden":0,"_bbp_forum_subforum_count":0,"site-sidebar-layout":"default","site-content-layout":"","ast-site-content-layout":"","site-content-style":"default","site-sidebar-style":"default","ast-global-header-display":"","ast-banner-title-visibility":"","ast-main-header-display":"","ast-hfb-above-header-display":"","ast-hfb-below-header-display":"","ast-hfb-mobile-header-display":"","site-post-title":"","ast-breadcrumbs-content":"","ast-featured-img":"","footer-sml-layout":"","theme-transparent-header-meta":"","adv-header-id-meta":"","stick-header-meta":"","header-above-stick-meta":"","header-main-stick-meta":"","header-below-stick-meta":"","astra-migrate-meta-layouts":"default","ast-page-background-enabled":"default","ast-page-background-meta":{"desktop":{"background-color":"var(--ast-global-color-4)","background-image":"","background-repeat":"repeat","background-position":"center center","background-size":"auto","background-attachment":"scroll","background-type":"","background-media":"","overlay-type":"","overlay-color":"","overlay-opacity":"","overlay-gradient":""},"tablet":{"background-color":"","background-image":"","background-repeat":"repeat","background-position":"center center","background-size":"auto","background-attachment":"scroll","background-type":"","background-media":"","overlay-type":"","overlay-color":"","overlay-opacity":"","overlay-gradient":""},"mobile":{"background-color":"","background-image":"","background-repeat":"repeat","background-position":"center center","background-size":"auto","background-attachment":"scroll","background-type":"","background-media":"","overlay-type":"","overlay-color":"","overlay-opacity":"","overlay-gradient":""}},"ast-content-background-meta":{"desktop":{"background-color":"var(--ast-global-color-5)","background-image":"","background-repeat":"repeat","background-position":"center center","background-size":"auto","background-attachment":"scroll","background-type":"","background-media":"","overlay-type":"","overlay-color":"","overlay-opacity":"","overlay-gradient":""},"tablet":{"background-color":"var(--ast-global-color-5)","background-image":"","background-repeat":"repeat","background-position":"center center","background-size":"auto","background-attachment":"scroll","background-type":"","background-media":"","overlay-type":"","overlay-color":"","overlay-opacity":"","overlay-gradient":""},"mobile":{"background-color":"var(--ast-global-color-5)","background-image":"","background-repeat":"repeat","background-position":"center center","background-size":"auto","background-attachment":"scroll","background-type":"","background-media":"","overlay-type":"","overlay-color":"","overlay-opacity":"","overlay-gradient":""}},"footnotes":""},"class_list":["post-14318","page","type-page","status-publish","hentry"],"post_mailing_queue_ids":[],"_links":{"self":[{"href":"https:\/\/agora.xtec.cat\/ceeconchaespina\/wp-json\/wp\/v2\/pages\/14318","targetHints":{"allow":["GET"]}}],"collection":[{"href":"https:\/\/agora.xtec.cat\/ceeconchaespina\/wp-json\/wp\/v2\/pages"}],"about":[{"href":"https:\/\/agora.xtec.cat\/ceeconchaespina\/wp-json\/wp\/v2\/types\/page"}],"author":[{"embeddable":true,"href":"https:\/\/agora.xtec.cat\/ceeconchaespina\/wp-json\/wp\/v2\/users\/1"}],"replies":[{"embeddable":true,"href":"https:\/\/agora.xtec.cat\/ceeconchaespina\/wp-json\/wp\/v2\/comments?post=14318"}],"version-history":[{"count":6,"href":"https:\/\/agora.xtec.cat\/ceeconchaespina\/wp-json\/wp\/v2\/pages\/14318\/revisions"}],"predecessor-version":[{"id":14916,"href":"https:\/\/agora.xtec.cat\/ceeconchaespina\/wp-json\/wp\/v2\/pages\/14318\/revisions\/14916"}],"up":[{"embeddable":true,"href":"https:\/\/agora.xtec.cat\/ceeconchaespina\/wp-json\/wp\/v2\/pages\/538"}],"wp:attachment":[{"href":"https:\/\/agora.xtec.cat\/ceeconchaespina\/wp-json\/wp\/v2\/media?parent=14318"}],"curies":[{"name":"wp","href":"https:\/\/api.w.org\/{rel}","templated":true}]}}