{"id":14316,"date":"2024-06-20T14:02:52","date_gmt":"2024-06-20T12:02:52","guid":{"rendered":"https:\/\/agora.xtec.cat\/ceeconchaespina\/?page_id=14316"},"modified":"2024-07-01T12:33:17","modified_gmt":"2024-07-01T10:33:17","slug":"sapcee","status":"publish","type":"page","link":"https:\/\/agora.xtec.cat\/ceeconchaespina\/comunitat\/serveis-externs\/sapcee\/","title":{"rendered":"SAPCEE"},"content":{"rendered":"<p><img loading=\"lazy\" decoding=\"async\" class=\"alignnone size-thumbnail wp-image-14461\" src=\"https:\/\/agora.xtec.cat\/ceeconchaespina\/wp-content\/uploads\/usu1920\/2024\/07\/SAPCEE-150x150.png\" alt=\"\" width=\"150\" height=\"150\" srcset=\"https:\/\/agora.xtec.cat\/ceeconchaespina\/wp-content\/uploads\/usu1920\/2024\/07\/SAPCEE-150x150.png 150w, https:\/\/agora.xtec.cat\/ceeconchaespina\/wp-content\/uploads\/usu1920\/2024\/07\/SAPCEE-300x300.png 300w, https:\/\/agora.xtec.cat\/ceeconchaespina\/wp-content\/uploads\/usu1920\/2024\/07\/SAPCEE.png 308w\" sizes=\"auto, (max-width: 150px) 100vw, 150px\" \/><\/p>\n<p style=\"text-align: justify;\">El SAPCEE (Servei d\u2019Assessorament Psicol\u00f2gic als Centres d\u2019Educaci\u00f3 Especial), consta d&#8217;un especialista vinculat al CEE Vil\u00b7la Joana, sent-ne un servei extern i formant part de l&#8217;Equip Cl\u00ednic, que ofereix orientaci\u00f3 i assessorament psicol\u00f2gic al conjunt de professionals que hi treballen al Centre d\u2019Educaci\u00f3 Especial (CEE) del Consorci d\u2019Educaci\u00f3 de Barcelona (CEB) (equips directius, tutors, educadors, fam\u00edlies, etc.).<\/p>\n<p style=\"text-align: justify;\">El focus d\u2019intervenci\u00f3 i atenci\u00f3 est\u00e0 orientat a aquells alumnes que presenten Trastorn Mental Greu (TMG) que estan actualment escolaritzats.<\/p>\n<p style=\"text-align: justify;\">L&#8217;objectiu del SAPCEE \u00e9s donar una visi\u00f3 clara per entendre les caracter\u00edstiques de l&#8217;alumnat, les seves necessitats i pensar com poder atendre\u2019ls.<\/p>\n","protected":false},"excerpt":{"rendered":"<p>El SAPCEE (Servei d\u2019Assessorament Psicol\u00f2gic als Centres d\u2019Educaci\u00f3 Especial), consta d&#8217;un especialista vinculat al CEE Vil\u00b7la Joana, sent-ne un servei extern i formant part de l&#8217;Equip Cl\u00ednic, que ofereix orientaci\u00f3 i assessorament psicol\u00f2gic al conjunt de professionals que hi treballen al Centre d\u2019Educaci\u00f3 Especial (CEE) del Consorci d\u2019Educaci\u00f3 de Barcelona (CEB) (equips directius, tutors, educadors, [&hellip;]<\/p>\n","protected":false},"author":1,"featured_media":0,"parent":538,"menu_order":9,"comment_status":"closed","ping_status":"closed","template":"page-templates\/side-menu.php","meta":{"_bbp_topic_count":0,"_bbp_reply_count":0,"_bbp_total_topic_count":0,"_bbp_total_reply_count":0,"_bbp_voice_count":0,"_bbp_anonymous_reply_count":0,"_bbp_topic_count_hidden":0,"_bbp_reply_count_hidden":0,"_bbp_forum_subforum_count":0,"site-sidebar-layout":"default","site-content-layout":"","ast-site-content-layout":"","site-content-style":"default","site-sidebar-style":"default","ast-global-header-display":"","ast-banner-title-visibility":"","ast-main-header-display":"","ast-hfb-above-header-display":"","ast-hfb-below-header-display":"","ast-hfb-mobile-header-display":"","site-post-title":"","ast-breadcrumbs-content":"","ast-featured-img":"","footer-sml-layout":"","theme-transparent-header-meta":"","adv-header-id-meta":"","stick-header-meta":"","header-above-stick-meta":"","header-main-stick-meta":"","header-below-stick-meta":"","astra-migrate-meta-layouts":"default","ast-page-background-enabled":"default","ast-page-background-meta":{"desktop":{"background-color":"var(--ast-global-color-4)","background-image":"","background-repeat":"repeat","background-position":"center center","background-size":"auto","background-attachment":"scroll","background-type":"","background-media":"","overlay-type":"","overlay-color":"","overlay-opacity":"","overlay-gradient":""},"tablet":{"background-color":"","background-image":"","background-repeat":"repeat","background-position":"center center","background-size":"auto","background-attachment":"scroll","background-type":"","background-media":"","overlay-type":"","overlay-color":"","overlay-opacity":"","overlay-gradient":""},"mobile":{"background-color":"","background-image":"","background-repeat":"repeat","background-position":"center center","background-size":"auto","background-attachment":"scroll","background-type":"","background-media":"","overlay-type":"","overlay-color":"","overlay-opacity":"","overlay-gradient":""}},"ast-content-background-meta":{"desktop":{"background-color":"var(--ast-global-color-5)","background-image":"","background-repeat":"repeat","background-position":"center center","background-size":"auto","background-attachment":"scroll","background-type":"","background-media":"","overlay-type":"","overlay-color":"","overlay-opacity":"","overlay-gradient":""},"tablet":{"background-color":"var(--ast-global-color-5)","background-image":"","background-repeat":"repeat","background-position":"center center","background-size":"auto","background-attachment":"scroll","background-type":"","background-media":"","overlay-type":"","overlay-color":"","overlay-opacity":"","overlay-gradient":""},"mobile":{"background-color":"var(--ast-global-color-5)","background-image":"","background-repeat":"repeat","background-position":"center center","background-size":"auto","background-attachment":"scroll","background-type":"","background-media":"","overlay-type":"","overlay-color":"","overlay-opacity":"","overlay-gradient":""}},"footnotes":""},"class_list":["post-14316","page","type-page","status-publish","hentry"],"post_mailing_queue_ids":[],"_links":{"self":[{"href":"https:\/\/agora.xtec.cat\/ceeconchaespina\/wp-json\/wp\/v2\/pages\/14316","targetHints":{"allow":["GET"]}}],"collection":[{"href":"https:\/\/agora.xtec.cat\/ceeconchaespina\/wp-json\/wp\/v2\/pages"}],"about":[{"href":"https:\/\/agora.xtec.cat\/ceeconchaespina\/wp-json\/wp\/v2\/types\/page"}],"author":[{"embeddable":true,"href":"https:\/\/agora.xtec.cat\/ceeconchaespina\/wp-json\/wp\/v2\/users\/1"}],"replies":[{"embeddable":true,"href":"https:\/\/agora.xtec.cat\/ceeconchaespina\/wp-json\/wp\/v2\/comments?post=14316"}],"version-history":[{"count":6,"href":"https:\/\/agora.xtec.cat\/ceeconchaespina\/wp-json\/wp\/v2\/pages\/14316\/revisions"}],"predecessor-version":[{"id":14462,"href":"https:\/\/agora.xtec.cat\/ceeconchaespina\/wp-json\/wp\/v2\/pages\/14316\/revisions\/14462"}],"up":[{"embeddable":true,"href":"https:\/\/agora.xtec.cat\/ceeconchaespina\/wp-json\/wp\/v2\/pages\/538"}],"wp:attachment":[{"href":"https:\/\/agora.xtec.cat\/ceeconchaespina\/wp-json\/wp\/v2\/media?parent=14316"}],"curies":[{"name":"wp","href":"https:\/\/api.w.org\/{rel}","templated":true}]}}