{"id":14311,"date":"2024-06-20T13:26:39","date_gmt":"2024-06-20T11:26:39","guid":{"rendered":"https:\/\/agora.xtec.cat\/ceeconchaespina\/?page_id=14311"},"modified":"2024-06-20T13:51:40","modified_gmt":"2024-06-20T11:51:40","slug":"ceepsir","status":"publish","type":"page","link":"https:\/\/agora.xtec.cat\/ceeconchaespina\/ceepsir\/","title":{"rendered":"CEEPSIR"},"content":{"rendered":"<p><img loading=\"lazy\" decoding=\"async\" class=\"alignnone size-thumbnail wp-image-2440\" src=\"https:\/\/agora.xtec.cat\/ceeconchaespina\/wp-content\/uploads\/usu1920\/2020\/10\/SPC_CEEPSIR-150x150.jpg\" alt=\"\" width=\"150\" height=\"150\" srcset=\"https:\/\/agora.xtec.cat\/ceeconchaespina\/wp-content\/uploads\/usu1920\/2020\/10\/SPC_CEEPSIR-150x150.jpg 150w, https:\/\/agora.xtec.cat\/ceeconchaespina\/wp-content\/uploads\/usu1920\/2020\/10\/SPC_CEEPSIR.jpg 283w\" sizes=\"auto, (max-width: 150px) 100vw, 150px\" \/><\/p>\n<p>Com cada any, des del curs 2017-18, dos professionals de l\u2019escola fan ruta per diverses escoles p\u00fabliques i concertades de Barcelona oferint assessorament i recursos als centres ordinaris que atenen alumnat amb necessitats educatives especials, per tal de promoure entorns inclusius, potenciant l\u2019\u00e8xit dels nens i les nenes en els diferents \u00e0mbits de desenvolupament personal, social i curricular.<\/p>\n<p>La col\u00b7laboraci\u00f3 amb l\u2019escola ordin\u00e0ria es realitza quan l\u2019Equip d\u2019Assessorament Psicopedag\u00f2gic (EAP) que at\u00e9n a l\u2019escola ordin\u00e0ria considera que pot ser convenient. Aquest t\u00e9 un paper clau en el proc\u00e9s, ja que \u00e9s qui rep la demanda de l\u2019escola, analitza les necessitats i fa la derivaci\u00f3 al CEEPSIR.<\/p>\n<p>Aquest servei permet obrir una altra porta al m\u00f3n educatiu i, per tant, entendre l\u2019educaci\u00f3 com un treball conjunt i de tota la comunitat educativa. La tasca de tot l\u2019equip del CEEPSIR t\u00e9 com a objectiu ajudar a millorar tant la qualitat de vida de l\u2019alumnat com a l\u2019exercici professional dels docents.<\/p>\n<p>Per assolir aquest objectiu, el CEPPSIR escolta tant a l\u2019equip directiu com al claustre de professors, per tal de comprendre les caracter\u00edstiques i la cultura del centre, valorant els recursos materials i humans dels que es disposa i contribu\u00efnt a construir les estrat\u00e8gies de treball m\u00e9s adequades, per tal d&#8217;eliminar barreres en l\u2019aprenentatge i garantir la participaci\u00f3 de tot l\u2019alumnat del centre.<\/p>\n<p>Tamb\u00e9 col\u00b7labora en l\u2019adaptaci\u00f3 de llibres i materials que es fan servir a la classe, adequant-los tant a en l\u2019\u00e0mbit ling\u00fc\u00edstic com a en l\u2019\u00e0mbit de continguts, seq\u00fcenciant el nivell de dificultat de les activitats segons les capacitats que es volen desenvolupar.<\/p>\n<p>El CEEPSIR, neix amb la voluntat de complir l\u2019enc\u00e0rrec de contribuir, juntament amb els altres serveis educatius de la zona, a dotar als centres d\u2019ensenyament ordinari de recursos personals, t\u00e8cnics i materials per tal d\u2019optimitzar el proc\u00e9s educatiu dels alumnes amb NEE. El suport a la inclusi\u00f3 \u00e9s, doncs, el nou repte a que afronten l\u2019escola especial i els seus professionals.<\/p>\n<p><img loading=\"lazy\" decoding=\"async\" class=\"alignnone wp-image-2442 size-medium\" src=\"https:\/\/agora.xtec.cat\/ceeconchaespina\/wp-content\/uploads\/usu1920\/2020\/10\/20_CEEPSIR-300x225.jpg\" alt=\"\" width=\"300\" height=\"225\" srcset=\"https:\/\/agora.xtec.cat\/ceeconchaespina\/wp-content\/uploads\/usu1920\/2020\/10\/20_CEEPSIR-300x225.jpg 300w, https:\/\/agora.xtec.cat\/ceeconchaespina\/wp-content\/uploads\/usu1920\/2020\/10\/20_CEEPSIR-768x575.jpg 768w, https:\/\/agora.xtec.cat\/ceeconchaespina\/wp-content\/uploads\/usu1920\/2020\/10\/20_CEEPSIR-1024x767.jpg 1024w, https:\/\/agora.xtec.cat\/ceeconchaespina\/wp-content\/uploads\/usu1920\/2020\/10\/20_CEEPSIR-200x150.jpg 200w, https:\/\/agora.xtec.cat\/ceeconchaespina\/wp-content\/uploads\/usu1920\/2020\/10\/20_CEEPSIR.jpg 1125w\" sizes=\"auto, (max-width: 300px) 100vw, 300px\" \/><\/p>\n","protected":false},"excerpt":{"rendered":"<p>Com cada any, des del curs 2017-18, dos professionals de l\u2019escola fan ruta per diverses escoles p\u00fabliques i concertades de Barcelona oferint assessorament i recursos als centres ordinaris que atenen alumnat amb necessitats educatives especials, per tal de promoure entorns inclusius, potenciant l\u2019\u00e8xit dels nens i les nenes en els diferents \u00e0mbits de desenvolupament personal, [&hellip;]<\/p>\n","protected":false},"author":1,"featured_media":0,"parent":0,"menu_order":6,"comment_status":"closed","ping_status":"closed","template":"page-templates\/side-menu.php","meta":{"_bbp_topic_count":0,"_bbp_reply_count":0,"_bbp_total_topic_count":0,"_bbp_total_reply_count":0,"_bbp_voice_count":0,"_bbp_anonymous_reply_count":0,"_bbp_topic_count_hidden":0,"_bbp_reply_count_hidden":0,"_bbp_forum_subforum_count":0,"site-sidebar-layout":"default","site-content-layout":"","ast-site-content-layout":"","site-content-style":"default","site-sidebar-style":"default","ast-global-header-display":"","ast-banner-title-visibility":"","ast-main-header-display":"","ast-hfb-above-header-display":"","ast-hfb-below-header-display":"","ast-hfb-mobile-header-display":"","site-post-title":"","ast-breadcrumbs-content":"","ast-featured-img":"","footer-sml-layout":"","theme-transparent-header-meta":"","adv-header-id-meta":"","stick-header-meta":"","header-above-stick-meta":"","header-main-stick-meta":"","header-below-stick-meta":"","astra-migrate-meta-layouts":"default","ast-page-background-enabled":"default","ast-page-background-meta":{"desktop":{"background-color":"var(--ast-global-color-4)","background-image":"","background-repeat":"repeat","background-position":"center center","background-size":"auto","background-attachment":"scroll","background-type":"","background-media":"","overlay-type":"","overlay-color":"","overlay-opacity":"","overlay-gradient":""},"tablet":{"background-color":"","background-image":"","background-repeat":"repeat","background-position":"center center","background-size":"auto","background-attachment":"scroll","background-type":"","background-media":"","overlay-type":"","overlay-color":"","overlay-opacity":"","overlay-gradient":""},"mobile":{"background-color":"","background-image":"","background-repeat":"repeat","background-position":"center center","background-size":"auto","background-attachment":"scroll","background-type":"","background-media":"","overlay-type":"","overlay-color":"","overlay-opacity":"","overlay-gradient":""}},"ast-content-background-meta":{"desktop":{"background-color":"var(--ast-global-color-5)","background-image":"","background-repeat":"repeat","background-position":"center center","background-size":"auto","background-attachment":"scroll","background-type":"","background-media":"","overlay-type":"","overlay-color":"","overlay-opacity":"","overlay-gradient":""},"tablet":{"background-color":"var(--ast-global-color-5)","background-image":"","background-repeat":"repeat","background-position":"center center","background-size":"auto","background-attachment":"scroll","background-type":"","background-media":"","overlay-type":"","overlay-color":"","overlay-opacity":"","overlay-gradient":""},"mobile":{"background-color":"var(--ast-global-color-5)","background-image":"","background-repeat":"repeat","background-position":"center center","background-size":"auto","background-attachment":"scroll","background-type":"","background-media":"","overlay-type":"","overlay-color":"","overlay-opacity":"","overlay-gradient":""}},"footnotes":""},"class_list":["post-14311","page","type-page","status-publish","hentry"],"post_mailing_queue_ids":[],"_links":{"self":[{"href":"https:\/\/agora.xtec.cat\/ceeconchaespina\/wp-json\/wp\/v2\/pages\/14311","targetHints":{"allow":["GET"]}}],"collection":[{"href":"https:\/\/agora.xtec.cat\/ceeconchaespina\/wp-json\/wp\/v2\/pages"}],"about":[{"href":"https:\/\/agora.xtec.cat\/ceeconchaespina\/wp-json\/wp\/v2\/types\/page"}],"author":[{"embeddable":true,"href":"https:\/\/agora.xtec.cat\/ceeconchaespina\/wp-json\/wp\/v2\/users\/1"}],"replies":[{"embeddable":true,"href":"https:\/\/agora.xtec.cat\/ceeconchaespina\/wp-json\/wp\/v2\/comments?post=14311"}],"version-history":[{"count":1,"href":"https:\/\/agora.xtec.cat\/ceeconchaespina\/wp-json\/wp\/v2\/pages\/14311\/revisions"}],"predecessor-version":[{"id":14312,"href":"https:\/\/agora.xtec.cat\/ceeconchaespina\/wp-json\/wp\/v2\/pages\/14311\/revisions\/14312"}],"wp:attachment":[{"href":"https:\/\/agora.xtec.cat\/ceeconchaespina\/wp-json\/wp\/v2\/media?parent=14311"}],"curies":[{"name":"wp","href":"https:\/\/api.w.org\/{rel}","templated":true}]}}