{"id":1053,"date":"2020-01-20T22:40:10","date_gmt":"2020-01-20T21:40:10","guid":{"rendered":"http:\/\/agora.xtec.cat\/ceeconchaespina\/?page_id=1053"},"modified":"2025-11-24T15:59:42","modified_gmt":"2025-11-24T14:59:42","slug":"horari","status":"publish","type":"page","link":"https:\/\/agora.xtec.cat\/ceeconchaespina\/escola\/horari\/","title":{"rendered":"Horari d&#8217;atenci\u00f3"},"content":{"rendered":"<p><img loading=\"lazy\" decoding=\"async\" class=\"alignnone wp-image-1995 size-thumbnail\" src=\"https:\/\/agora.xtec.cat\/ceeconchaespina\/wp-content\/uploads\/usu1920\/2020\/03\/SPC_Horari-150x150.jpg\" alt=\"\" width=\"150\" height=\"150\" srcset=\"https:\/\/agora.xtec.cat\/ceeconchaespina\/wp-content\/uploads\/usu1920\/2020\/03\/SPC_Horari-150x150.jpg 150w, https:\/\/agora.xtec.cat\/ceeconchaespina\/wp-content\/uploads\/usu1920\/2020\/03\/SPC_Horari.jpg 283w\" sizes=\"auto, (max-width: 150px) 100vw, 150px\" \/><\/p>\n<ul>\n<li><strong>Direcci\u00f3<\/strong>: Tots els matins de dilluns a divendres amb cita pr\u00e8via.<\/li>\n<li><strong>Secretaria<\/strong>: Els dilluns i els dimecres amb cita pr\u00e8via.<\/li>\n<li><strong>Tutories<\/strong>: Per parlar amb el tutor\/a s\u2019ha de trucar de 9:30 a 14:30 h per concertar entrevista. En cas d\u2019urg\u00e8ncia, deixar el missatge.<\/li>\n<li><strong style=\"font-family: inherit; font-size: 1em;\">Administraci\u00f3<\/strong> (Alberto): Tots els dies<span style=\"font-family: inherit; font-size: 1em;\"> de 9:00 h a 14:30 h.<\/span><\/li>\n<li><strong style=\"font-family: inherit; font-size: 1em;\">Psic\u00f2loga itinerant<\/strong>: Amb cita pr\u00e8via.<\/li>\n<li><strong style=\"font-family: inherit; font-size: 1em;\">Treballadora social<\/strong>: Els divendres a concretar.<\/li>\n<li><strong style=\"font-family: inherit; font-size: 1em;\">Psicopedagog de l&#8217;EAP<\/strong>: A concretar.<\/li>\n<li><strong style=\"font-family: inherit; font-size: 1em;\">Fisioterapeuta<\/strong>: A concretar.<\/li>\n<\/ul>\n","protected":false},"excerpt":{"rendered":"<p>Direcci\u00f3: Tots els matins de dilluns a divendres amb cita pr\u00e8via. Secretaria: Els dilluns i els dimecres amb cita pr\u00e8via. Tutories: Per parlar amb el tutor\/a s\u2019ha de trucar de 9:30 a 14:30 h per concertar entrevista. En cas d\u2019urg\u00e8ncia, deixar el missatge. Administraci\u00f3 (Alberto): Tots els dies de 9:00 h a 14:30 h. Psic\u00f2loga [&hellip;]<\/p>\n","protected":false},"author":1,"featured_media":0,"parent":868,"menu_order":7,"comment_status":"closed","ping_status":"closed","template":"page-templates\/side-menu.php","meta":{"_bbp_topic_count":0,"_bbp_reply_count":0,"_bbp_total_topic_count":0,"_bbp_total_reply_count":0,"_bbp_voice_count":0,"_bbp_anonymous_reply_count":0,"_bbp_topic_count_hidden":0,"_bbp_reply_count_hidden":0,"_bbp_forum_subforum_count":0,"site-sidebar-layout":"default","site-content-layout":"","ast-site-content-layout":"","site-content-style":"default","site-sidebar-style":"default","ast-global-header-display":"","ast-banner-title-visibility":"","ast-main-header-display":"","ast-hfb-above-header-display":"","ast-hfb-below-header-display":"","ast-hfb-mobile-header-display":"","site-post-title":"","ast-breadcrumbs-content":"","ast-featured-img":"","footer-sml-layout":"","theme-transparent-header-meta":"","adv-header-id-meta":"","stick-header-meta":"","header-above-stick-meta":"","header-main-stick-meta":"","header-below-stick-meta":"","astra-migrate-meta-layouts":"default","ast-page-background-enabled":"default","ast-page-background-meta":{"desktop":{"background-color":"var(--ast-global-color-4)","background-image":"","background-repeat":"repeat","background-position":"center center","background-size":"auto","background-attachment":"scroll","background-type":"","background-media":"","overlay-type":"","overlay-color":"","overlay-opacity":"","overlay-gradient":""},"tablet":{"background-color":"","background-image":"","background-repeat":"repeat","background-position":"center center","background-size":"auto","background-attachment":"scroll","background-type":"","background-media":"","overlay-type":"","overlay-color":"","overlay-opacity":"","overlay-gradient":""},"mobile":{"background-color":"","background-image":"","background-repeat":"repeat","background-position":"center center","background-size":"auto","background-attachment":"scroll","background-type":"","background-media":"","overlay-type":"","overlay-color":"","overlay-opacity":"","overlay-gradient":""}},"ast-content-background-meta":{"desktop":{"background-color":"var(--ast-global-color-5)","background-image":"","background-repeat":"repeat","background-position":"center center","background-size":"auto","background-attachment":"scroll","background-type":"","background-media":"","overlay-type":"","overlay-color":"","overlay-opacity":"","overlay-gradient":""},"tablet":{"background-color":"var(--ast-global-color-5)","background-image":"","background-repeat":"repeat","background-position":"center center","background-size":"auto","background-attachment":"scroll","background-type":"","background-media":"","overlay-type":"","overlay-color":"","overlay-opacity":"","overlay-gradient":""},"mobile":{"background-color":"var(--ast-global-color-5)","background-image":"","background-repeat":"repeat","background-position":"center center","background-size":"auto","background-attachment":"scroll","background-type":"","background-media":"","overlay-type":"","overlay-color":"","overlay-opacity":"","overlay-gradient":""}},"footnotes":""},"class_list":["post-1053","page","type-page","status-publish","hentry"],"post_mailing_queue_ids":[],"_links":{"self":[{"href":"https:\/\/agora.xtec.cat\/ceeconchaespina\/wp-json\/wp\/v2\/pages\/1053","targetHints":{"allow":["GET"]}}],"collection":[{"href":"https:\/\/agora.xtec.cat\/ceeconchaespina\/wp-json\/wp\/v2\/pages"}],"about":[{"href":"https:\/\/agora.xtec.cat\/ceeconchaespina\/wp-json\/wp\/v2\/types\/page"}],"author":[{"embeddable":true,"href":"https:\/\/agora.xtec.cat\/ceeconchaespina\/wp-json\/wp\/v2\/users\/1"}],"replies":[{"embeddable":true,"href":"https:\/\/agora.xtec.cat\/ceeconchaespina\/wp-json\/wp\/v2\/comments?post=1053"}],"version-history":[{"count":6,"href":"https:\/\/agora.xtec.cat\/ceeconchaespina\/wp-json\/wp\/v2\/pages\/1053\/revisions"}],"predecessor-version":[{"id":15096,"href":"https:\/\/agora.xtec.cat\/ceeconchaespina\/wp-json\/wp\/v2\/pages\/1053\/revisions\/15096"}],"up":[{"embeddable":true,"href":"https:\/\/agora.xtec.cat\/ceeconchaespina\/wp-json\/wp\/v2\/pages\/868"}],"wp:attachment":[{"href":"https:\/\/agora.xtec.cat\/ceeconchaespina\/wp-json\/wp\/v2\/media?parent=1053"}],"curies":[{"name":"wp","href":"https:\/\/api.w.org\/{rel}","templated":true}]}}