{"id":801,"date":"2018-04-05T15:15:11","date_gmt":"2018-04-05T13:15:11","guid":{"rendered":"http:\/\/agora.xtec.cat\/ceecftflordemaig\/?page_id=801"},"modified":"2026-04-16T16:30:33","modified_gmt":"2026-04-16T14:30:33","slug":"aags","status":"publish","type":"page","link":"https:\/\/agora.xtec.cat\/ceecftflordemaig\/estudis\/formacio-laboral-pfi\/aags\/","title":{"rendered":"AAGS"},"content":{"rendered":"<h4>Auxiliar en Arts Gr\u00e0fiques i Serigrafia<\/h4>\n<p>Aquests estudis capaciten per dur a terme tasques auxiliars de treballs de reprografia i operacions b\u00e0siques de suport a la producci\u00f3, manipulaci\u00f3 i acabats de productes gr\u00e0fics.<\/p>\n<p>Adre\u00e7ats a alumnat amb necessitats educatives especials.<\/p>\n<p>Tenen una durada total de 1.000 hores.\u00a0Possibilitat de cursar-los en 2 cursos acad\u00e8mics, depenent del centre.<\/p>\n<p><a href=\"https:\/\/triaeducativa.gencat.cat\/ca\/estudis\/?auxiliar-arts-grafiques-serigrafia-per-alumnat-educacio-especial&amp;p_id=6270\" target=\"_blank\" rel=\"noopener noreferrer\">PFI AAGS\u00a0<\/a><\/p>\n<p><iframe loading=\"lazy\" src=\"https:\/\/player.vimeo.com\/video\/332158087\" width=\"640\" height=\"360\" frameborder=\"0\" allowfullscreen=\"allowfullscreen\" data-mce-fragment=\"1\"><\/iframe><\/p>\n<p><a href=\"https:\/\/vimeo.com\/332158087\">AAGS<\/a> from <a href=\"https:\/\/vimeo.com\/user43291070\">Manolita<\/a> on <a href=\"https:\/\/vimeo.com\">Vimeo<\/a>.<\/p>\n<p><strong>MAT\u00c8RIES I CONTINGUTS QUE S&#8217;IMPARTEIXEN<\/strong><\/p>\n<p><strong>M\u00f2duls de formaci\u00f3 professional (inclouen 200 hores d&#8217;estada formativa a l&#8217;empresa)<\/strong><\/p>\n<ul class=\"llista-especial\">\n<li>Treballs de Reprografia<\/li>\n<li>Acabats en Reprografia i Finalitzaci\u00f3 de Productes Gr\u00e0fics<\/li>\n<li>Operacions de Producci\u00f3 Gr\u00e0fica<\/li>\n<li>T\u00e8cniques de Serigrafia<\/li>\n<li>Formaci\u00f3 B\u00e0sica en Prevenci\u00f3 de Riscos Laborals<\/li>\n<li>Projecte<\/li>\n<\/ul>\n<p><strong>M\u00f2duls de formaci\u00f3 general<\/strong><\/p>\n<ul class=\"llista-especial\">\n<li>Estrat\u00e8gies i Eines de Comunicaci\u00f3<\/li>\n<li>Entorn Social i Territorial<\/li>\n<li>Estrat\u00e8gies i Eines Matem\u00e0tiques<\/li>\n<li>Incorporaci\u00f3 al M\u00f3n Professional<\/li>\n<\/ul>\n<p><strong>Tutoria, seguiment i orientaci\u00f3 personalitzada<\/strong><\/p>\n<p><strong>QU\u00c8 NECESSITO PER ACCEDIR-HI?<\/strong><\/p>\n<p>Poden accedir a aquest programa de formaci\u00f3 i inserci\u00f3 (PFI) els joves no ocupats que compleixin com a m\u00ednim 16 anys d&#8217;edat i com a m\u00e0xim 21 en l&#8217;any d&#8217;inici del programa i que no hagin obtingut el graduat en ESO.<\/p>\n<p><strong>COM PREINSCRIURE&#8217;M<\/strong><\/p>\n<p>Per cursar un programa de formaci\u00f3 i inserci\u00f3 (PFI) del Departament d&#8217;Educaci\u00f3\u00a0(PTT, FIAP i PIP en institut) cal fer la preinscripci\u00f3 i matr\u00edcula segons les directrius d&#8217;aquest Departament.<\/p>\n<p>Per cursar un programa de formaci\u00f3 i inserci\u00f3 (PFI) organitzat per centres docents privats o establiments, cal informar-se&#8217;n en el mateix centre o establiment.<\/p>\n<p>Trobareu m\u00e9s informaci\u00f3 al web\u00a0<a href=\"https:\/\/preinscripcio.gencat.cat\/ca\/estudis\/pfi\/inici\/\" target=\"_blank\" rel=\"noopener\">preinscripcio.gencat.cat<\/a>.<\/p>\n","protected":false},"excerpt":{"rendered":"<p>Auxiliar en Arts Gr\u00e0fiques i Serigrafia<br \/>\nAquests estudis capaciten per dur a terme tasques auxiliars de treballs de reprografia i operacions b\u00e0siques de suport a la producci\u00f3, manipulaci\u00f3 i acabats de productes gr\u00e0fics.<br \/>\nAdre\u00e7ats a alumnat amb necessitats educatives especials.<br \/>\nTenen una durada total de 1.000 hores.\u00a0Possibilitat de&hellip;  <a href=\"https:\/\/agora.xtec.cat\/ceecftflordemaig\/estudis\/formacio-laboral-pfi\/aags\/\" title=\"Read AAGS\">Llegeix m\u00e9s\u00bb<\/a><\/p>\n","protected":false},"author":15,"featured_media":0,"parent":640,"menu_order":20,"comment_status":"closed","ping_status":"closed","template":"page-templates\/side-menu.php","meta":{"_bbp_topic_count":0,"_bbp_reply_count":0,"_bbp_total_topic_count":0,"_bbp_total_reply_count":0,"_bbp_voice_count":0,"_bbp_anonymous_reply_count":0,"_bbp_topic_count_hidden":0,"_bbp_reply_count_hidden":0,"_bbp_forum_subforum_count":0,"footnotes":""},"class_list":["post-801","page","type-page","status-publish","hentry"],"post_mailing_queue_ids":[],"_links":{"self":[{"href":"https:\/\/agora.xtec.cat\/ceecftflordemaig\/wp-json\/wp\/v2\/pages\/801","targetHints":{"allow":["GET"]}}],"collection":[{"href":"https:\/\/agora.xtec.cat\/ceecftflordemaig\/wp-json\/wp\/v2\/pages"}],"about":[{"href":"https:\/\/agora.xtec.cat\/ceecftflordemaig\/wp-json\/wp\/v2\/types\/page"}],"author":[{"embeddable":true,"href":"https:\/\/agora.xtec.cat\/ceecftflordemaig\/wp-json\/wp\/v2\/users\/15"}],"replies":[{"embeddable":true,"href":"https:\/\/agora.xtec.cat\/ceecftflordemaig\/wp-json\/wp\/v2\/comments?post=801"}],"version-history":[{"count":4,"href":"https:\/\/agora.xtec.cat\/ceecftflordemaig\/wp-json\/wp\/v2\/pages\/801\/revisions"}],"predecessor-version":[{"id":2475,"href":"https:\/\/agora.xtec.cat\/ceecftflordemaig\/wp-json\/wp\/v2\/pages\/801\/revisions\/2475"}],"up":[{"embeddable":true,"href":"https:\/\/agora.xtec.cat\/ceecftflordemaig\/wp-json\/wp\/v2\/pages\/640"}],"wp:attachment":[{"href":"https:\/\/agora.xtec.cat\/ceecftflordemaig\/wp-json\/wp\/v2\/media?parent=801"}],"curies":[{"name":"wp","href":"https:\/\/api.w.org\/{rel}","templated":true}]}}