{"id":799,"date":"2018-04-05T15:14:48","date_gmt":"2018-04-05T13:14:48","guid":{"rendered":"http:\/\/agora.xtec.cat\/ceecftflordemaig\/?page_id=799"},"modified":"2026-04-16T16:15:02","modified_gmt":"2026-04-16T14:15:02","slug":"aehr","status":"publish","type":"page","link":"https:\/\/agora.xtec.cat\/ceecftflordemaig\/estudis\/formacio-laboral-pfi\/aehr\/","title":{"rendered":"AEHR"},"content":{"rendered":"<h4>Auxiliar en Establiments Hotelers i Restauraci\u00f3<\/h4>\n<p>Aquests estudis capaciten per dur a terme operacions b\u00e0siques de preparaci\u00f3 d&#8217;elaboracions culin\u00e0ries i begudes senzilles, aix\u00ed com l&#8217;arranjament d&#8217;habitacions i zones comunes en allotjaments i bugaderia, assistint en els processos de servei i atenci\u00f3 al client.<\/p>\n<p>Adre\u00e7ats a alumnat amb necessitats educatives especials.<\/p>\n<p>Tenen una durada total de 1.000 hores.\u00a0Possibilitat de cursar-los en 2 cursos acad\u00e8mics, depenent del centre.<\/p>\n<p><a href=\"http:\/\/agora.xtec.cat\/ceecftflordemaig\/wp-content\/uploads\/usu700\/2018\/04\/PFI_____AEHR.pdf\" target=\"_blank\" rel=\"noopener noreferrer\">PFI AEHR<\/a><\/p>\n<p><iframe loading=\"lazy\" src=\"\/\/player.vimeo.com\/video\/337976058?title=0&amp;amp;byline=0\" width=\"640\" height=\"360\" frameborder=\"0\" allowfullscreen=\"allowfullscreen\"><\/iframe><\/p>\n<p><iframe loading=\"lazy\" src=\"\/\/player.vimeo.com\/video\/392953514?title=0&amp;amp;byline=0\" width=\"640\" height=\"360\" frameborder=\"0\" allowfullscreen=\"allowfullscreen\"><\/iframe><\/p>\n<p><iframe loading=\"lazy\" src=\"\/\/player.vimeo.com\/video\/392963230?title=0&amp;amp;byline=0\" width=\"640\" height=\"480\" frameborder=\"0\" allowfullscreen=\"allowfullscreen\"><\/iframe><\/p>\n<p>Aquests estudis capaciten per dur a terme operacions b\u00e0siques de preparaci\u00f3 d&#8217;elaboracions culin\u00e0ries i begudes senzilles, aix\u00ed com l&#8217;arranjament d&#8217;habitacions i zones comunes en allotjaments i bugaderia, assistint en els processos de servei i atenci\u00f3 al client.<\/p>\n<p>Adre\u00e7ats a alumnat amb necessitats educatives especials.<\/p>\n<p>Tenen una durada total de 1.000 hores.\u00a0Possibilitat de cursar-los en 2 cursos acad\u00e8mics, depenent del centre.<\/p>\n<p><strong>MAT\u00c8RIES I CONTINGUTS QUE S&#8217;IMPARTEIXEN<\/strong><\/p>\n<p><strong>M\u00f2duls de formaci\u00f3 professional (inclouen 200 hores d&#8217;estada formativa a l&#8217;empresa)<\/strong><\/p>\n<ul class=\"llista-especial\">\n<li>Posada a Punt d&#8217;Habitacions i Zones Comunes en Allotjament<\/li>\n<li>Preparaci\u00f3 i Muntatge de Materials per a Col\u00b7lectivitats i C\u00e0tering<\/li>\n<li>Processos B\u00e0sics de Preparaci\u00f3 d&#8217;Aliments i Begudes<\/li>\n<li>T\u00e8cniques B\u00e0siques de Servei<\/li>\n<li>Formaci\u00f3 B\u00e0sica en Prevenci\u00f3 de Riscos Laborals<\/li>\n<li>Projecte<\/li>\n<\/ul>\n<p><strong>M\u00f2duls de formaci\u00f3 general<\/strong><\/p>\n<ul class=\"llista-especial\">\n<li>Estrat\u00e8gies i Eines de Comunicaci\u00f3<\/li>\n<li>Entorn Social i Territorial<\/li>\n<li>Estrat\u00e8gies i Eines Matem\u00e0tiques<\/li>\n<li>Incorporaci\u00f3 al M\u00f3n Professional<\/li>\n<\/ul>\n<p><strong>Tutoria, seguiment i orientaci\u00f3 personalitzada<\/strong><\/p>\n<p><strong>QU\u00c8 NECESSITO PER ACCEDIR-HI?<\/strong><\/p>\n<p>Poden accedir a aquest programa de formaci\u00f3 i inserci\u00f3 (PFI) els joves no ocupats que compleixin com a m\u00ednim 16 anys d&#8217;edat i com a m\u00e0xim 21 en l&#8217;any d&#8217;inici del programa i que no hagin obtingut el graduat en ESO.<\/p>\n<p><strong>COM PREINSCRIURE&#8217;M<\/strong><\/p>\n<p>Per cursar un programa de formaci\u00f3 i inserci\u00f3 (PFI) del Departament d&#8217;Educaci\u00f3\u00a0(PTT, FIAP i PIP en institut) cal fer la preinscripci\u00f3 i matr\u00edcula segons les directrius d&#8217;aquest Departament.<\/p>\n<p>Per cursar un programa de formaci\u00f3 i inserci\u00f3 (PFI) organitzat per centres docents privats o establiments, cal informar-se&#8217;n en el mateix centre o establiment.<\/p>\n<p>Trobareu m\u00e9s informaci\u00f3 al web\u00a0<a href=\"https:\/\/preinscripcio.gencat.cat\/ca\/estudis\/pfi\/inici\/\" target=\"_blank\" rel=\"noopener\">preinscripcio.gencat.cat<\/a>.<\/p>\n<p>&nbsp;<\/p>\n<p><a href=\"http:\/\/queestudiar.gencat.cat\/ca\/estudis\/pfi\/cicles\/hoteleria-turisme\/?p_id=2813&amp;estudi\" target=\"_blank\" rel=\"noopener noreferrer\">M\u00c9S INFORMACI\u00d3<\/a><\/p>\n<p>Visita el nostre canal de cuina per veure algunes de les feines que fem.<\/p>\n<p><a href=\"https:\/\/www.youtube.com\/channel\/UC25lds5liGEL7atx1dsRFTw?view_as=subscriber\" target=\"_blank\" rel=\"noopener noreferrer\"><img loading=\"lazy\" decoding=\"async\" class=\"aligncenter size-full wp-image-888\" src=\"http:\/\/agora.xtec.cat\/ceecftflordemaig\/wp-content\/uploads\/usu700\/2018\/04\/Canal-de-cuina.jpg\" alt=\"\" width=\"448\" height=\"157\" srcset=\"https:\/\/agora.xtec.cat\/ceecftflordemaig\/wp-content\/uploads\/usu700\/2018\/04\/Canal-de-cuina.jpg 448w, https:\/\/agora.xtec.cat\/ceecftflordemaig\/wp-content\/uploads\/usu700\/2018\/04\/Canal-de-cuina-300x105.jpg 300w\" sizes=\"auto, (max-width: 448px) 100vw, 448px\" \/><\/a><\/p>\n","protected":false},"excerpt":{"rendered":"<p>Auxiliar en Establiments Hotelers i Restauraci\u00f3<br \/>\nAquests estudis capaciten per dur a terme operacions b\u00e0siques de preparaci\u00f3 d&#8217;elaboracions culin\u00e0ries i begudes senzilles, aix\u00ed com l&#8217;arranjament d&#8217;habitacions i zones comunes en allotjaments i bugaderia, assistint en els processos de servei i atenci\u00f3 al client.<br \/>\nAdre\u00e7ats a alumnat amb&hellip;  <a href=\"https:\/\/agora.xtec.cat\/ceecftflordemaig\/estudis\/formacio-laboral-pfi\/aehr\/\" title=\"Read AEHR\">Llegeix m\u00e9s\u00bb<\/a><\/p>\n","protected":false},"author":15,"featured_media":0,"parent":640,"menu_order":30,"comment_status":"closed","ping_status":"closed","template":"page-templates\/side-menu.php","meta":{"_bbp_topic_count":0,"_bbp_reply_count":0,"_bbp_total_topic_count":0,"_bbp_total_reply_count":0,"_bbp_voice_count":0,"_bbp_anonymous_reply_count":0,"_bbp_topic_count_hidden":0,"_bbp_reply_count_hidden":0,"_bbp_forum_subforum_count":0,"footnotes":""},"class_list":["post-799","page","type-page","status-publish","hentry"],"post_mailing_queue_ids":[],"_links":{"self":[{"href":"https:\/\/agora.xtec.cat\/ceecftflordemaig\/wp-json\/wp\/v2\/pages\/799","targetHints":{"allow":["GET"]}}],"collection":[{"href":"https:\/\/agora.xtec.cat\/ceecftflordemaig\/wp-json\/wp\/v2\/pages"}],"about":[{"href":"https:\/\/agora.xtec.cat\/ceecftflordemaig\/wp-json\/wp\/v2\/types\/page"}],"author":[{"embeddable":true,"href":"https:\/\/agora.xtec.cat\/ceecftflordemaig\/wp-json\/wp\/v2\/users\/15"}],"replies":[{"embeddable":true,"href":"https:\/\/agora.xtec.cat\/ceecftflordemaig\/wp-json\/wp\/v2\/comments?post=799"}],"version-history":[{"count":5,"href":"https:\/\/agora.xtec.cat\/ceecftflordemaig\/wp-json\/wp\/v2\/pages\/799\/revisions"}],"predecessor-version":[{"id":2474,"href":"https:\/\/agora.xtec.cat\/ceecftflordemaig\/wp-json\/wp\/v2\/pages\/799\/revisions\/2474"}],"up":[{"embeddable":true,"href":"https:\/\/agora.xtec.cat\/ceecftflordemaig\/wp-json\/wp\/v2\/pages\/640"}],"wp:attachment":[{"href":"https:\/\/agora.xtec.cat\/ceecftflordemaig\/wp-json\/wp\/v2\/media?parent=799"}],"curies":[{"name":"wp","href":"https:\/\/api.w.org\/{rel}","templated":true}]}}