{"id":797,"date":"2018-04-05T15:14:27","date_gmt":"2018-04-05T13:14:27","guid":{"rendered":"http:\/\/agora.xtec.cat\/ceecftflordemaig\/?page_id=797"},"modified":"2026-04-16T15:52:00","modified_gmt":"2026-04-16T13:52:00","slug":"avoap-2","status":"publish","type":"page","link":"https:\/\/agora.xtec.cat\/ceecftflordemaig\/estudis\/formacio-laboral-pfi\/avoap-2\/","title":{"rendered":"AAOSAG"},"content":{"rendered":"<h4>Auxiliar d&#8217;Activitats d&#8217;Oficina i en Serveis Administratius Generals<\/h4>\n<p>&nbsp;<\/p>\n<p>Aquests estudis capaciten per dur a terme tasques auxiliars de comercialitzaci\u00f3, marxandatge i emmagatzematge de productes i mercaderies, aix\u00ed com organitzar els procediments administratius d\u2019aquesta activitat.<\/p>\n<p><iframe loading=\"lazy\" src=\"\/\/player.vimeo.com\/video\/365466414?title=0&amp;amp;byline=0\" width=\"640\" height=\"360\" frameborder=\"0\" allowfullscreen=\"allowfullscreen\" data-mce-fragment=\"1\"><\/iframe><\/p>\n<p><a href=\"https:\/\/vimeo.com\/365466414\">avoap<\/a> from <a href=\"https:\/\/vimeo.com\/user43291070\">MPC<\/a> on <a href=\"https:\/\/vimeo.com\">Vimeo<\/a>.<\/p>\n<p><a href=\"https:\/\/triaeducativa.gencat.cat\/ca\/estudis\/?auxiliar-activitats-oficina-serveis-administratius-generals-per-alumnat-educacio-especial&amp;p_id=6271\" target=\"_blank\" rel=\"noopener noreferrer\">PFI AAOSAG<\/a><\/p>\n<p>Aquests estudis capaciten per dur a terme tasques auxiliars en l&#8217;\u00e0mbit de l&#8217;administraci\u00f3 i gesti\u00f3, aix\u00ed com l&#8217;enregistrament i la verificaci\u00f3 de dades i documents.<\/p>\n<p>Adre\u00e7ats a alumnat amb necessitats educatives especials.<\/p>\n<p>Tenen una durada total de 1.000 hores.\u00a0Possibilitat de cursar-los en 2 cursos acad\u00e8mics, depenent del centre.<\/p>\n<p><strong>Mat\u00e8ries i continguts que s&#8217;imparteixen<\/strong><\/p>\n<p>M\u00f2duls de formaci\u00f3 professional (inclouen 200 hores d&#8217;estada formativa a l&#8217;empresa)<\/p>\n<ul class=\"llista-especial\">\n<li>T\u00e8cniques Administratives B\u00e0siques<\/li>\n<li>Arxiu i Comunicaci\u00f3<\/li>\n<li>Ofim\u00e0tica<\/li>\n<li>Formaci\u00f3 B\u00e0sica en Prevenci\u00f3 de Riscos Laborals<\/li>\n<li>Projecte<\/li>\n<\/ul>\n<p><strong>M\u00f2duls de formaci\u00f3 general<\/strong><\/p>\n<ul class=\"llista-especial\">\n<li>Estrat\u00e8gies i Eines de Comunicaci\u00f3<\/li>\n<li>Entorn Social i Territorial<\/li>\n<li>Estrat\u00e8gies i Eines Matem\u00e0tiques<\/li>\n<li>Incorporaci\u00f3 al M\u00f3n Professional<\/li>\n<li>Tutoria, seguiment i orientaci\u00f3 personalitzada<\/li>\n<\/ul>\n<p><strong>Qu\u00e8 necessito per accedir-hi?<\/strong><\/p>\n<p>Poden accedir a aquest programa de formaci\u00f3 i inserci\u00f3 (PFI) els joves no ocupats que compleixin com a m\u00ednim 16 anys d&#8217;edat i com a m\u00e0xim 21 en l&#8217;any d&#8217;inici del programa i que no hagin obtingut el graduat en ESO.<\/p>\n<p><strong>Com preinscriure&#8217;m?<\/strong><\/p>\n<p>Per cursar un programa de formaci\u00f3 i inserci\u00f3 (PFI) del Departament d&#8217;Educaci\u00f3\u00a0i Formaci\u00f3 Professional\u00a0(PTT, FIAP i PIP en institut) cal fer la preinscripci\u00f3 i matr\u00edcula segons les directrius d&#8217;aquest Departament.<\/p>\n<p>Per cursar un programa de formaci\u00f3 i inserci\u00f3 (PFI) organitzat per centres docents privats o establiments, cal informar-se&#8217;n en el mateix centre o establiment.<\/p>\n<p>Trobareu m\u00e9s informaci\u00f3 al web\u00a0<a href=\"https:\/\/preinscripcio.gencat.cat\/ca\/estudis\/pfi\/inici\/\" target=\"_blank\" rel=\"noopener\">preinscripcio.gencat.cat<\/a>.<\/p>\n","protected":false},"excerpt":{"rendered":"<p>Auxiliar d&#8217;Activitats d&#8217;Oficina i en Serveis Administratius Generals<br \/>\n&nbsp;<br \/>\nAquests estudis capaciten per dur a terme tasques auxiliars de comercialitzaci\u00f3, marxandatge i emmagatzematge de productes i mercaderies, aix\u00ed com organitzar els procediments administratius d\u2019aquesta activitat.<\/p>\n<p><a href=\"https:\/\/vimeo.com\/365466414\">avoap<\/a> from <a href=\"https:\/\/vimeo.com\/user43291070\">MPC<\/a> on <a href=\"https:\/\/vimeo.com\">Vimeo<\/a>.<br \/>\n<a href=\"https:\/\/triaeducativa.gencat.cat\/ca\/estudis\/?auxiliar-activitats-oficina-serveis-administratius-generals-per-alumnat-educacio-especial&amp;p_id=6271\" target=\"_blank\" rel=\"noopener noreferrer\">PFI AAOSAG<\/a><br \/>\nAquests&hellip;  <a href=\"https:\/\/agora.xtec.cat\/ceecftflordemaig\/estudis\/formacio-laboral-pfi\/avoap-2\/\" title=\"Read AAOSAG\">Llegeix m\u00e9s\u00bb<\/a><\/p>\n","protected":false},"author":15,"featured_media":0,"parent":640,"menu_order":50,"comment_status":"closed","ping_status":"closed","template":"page-templates\/side-menu.php","meta":{"_bbp_topic_count":0,"_bbp_reply_count":0,"_bbp_total_topic_count":0,"_bbp_total_reply_count":0,"_bbp_voice_count":0,"_bbp_anonymous_reply_count":0,"_bbp_topic_count_hidden":0,"_bbp_reply_count_hidden":0,"_bbp_forum_subforum_count":0,"footnotes":""},"class_list":["post-797","page","type-page","status-publish","hentry"],"post_mailing_queue_ids":[],"_links":{"self":[{"href":"https:\/\/agora.xtec.cat\/ceecftflordemaig\/wp-json\/wp\/v2\/pages\/797","targetHints":{"allow":["GET"]}}],"collection":[{"href":"https:\/\/agora.xtec.cat\/ceecftflordemaig\/wp-json\/wp\/v2\/pages"}],"about":[{"href":"https:\/\/agora.xtec.cat\/ceecftflordemaig\/wp-json\/wp\/v2\/types\/page"}],"author":[{"embeddable":true,"href":"https:\/\/agora.xtec.cat\/ceecftflordemaig\/wp-json\/wp\/v2\/users\/15"}],"replies":[{"embeddable":true,"href":"https:\/\/agora.xtec.cat\/ceecftflordemaig\/wp-json\/wp\/v2\/comments?post=797"}],"version-history":[{"count":5,"href":"https:\/\/agora.xtec.cat\/ceecftflordemaig\/wp-json\/wp\/v2\/pages\/797\/revisions"}],"predecessor-version":[{"id":2469,"href":"https:\/\/agora.xtec.cat\/ceecftflordemaig\/wp-json\/wp\/v2\/pages\/797\/revisions\/2469"}],"up":[{"embeddable":true,"href":"https:\/\/agora.xtec.cat\/ceecftflordemaig\/wp-json\/wp\/v2\/pages\/640"}],"wp:attachment":[{"href":"https:\/\/agora.xtec.cat\/ceecftflordemaig\/wp-json\/wp\/v2\/media?parent=797"}],"curies":[{"name":"wp","href":"https:\/\/api.w.org\/{rel}","templated":true}]}}