{"id":788,"date":"2018-04-05T15:03:39","date_gmt":"2018-04-05T13:03:39","guid":{"rendered":"http:\/\/agora.xtec.cat\/ceecftflordemaig\/?page_id=788"},"modified":"2026-04-16T15:58:05","modified_gmt":"2026-04-16T13:58:05","slug":"afm","status":"publish","type":"page","link":"https:\/\/agora.xtec.cat\/ceecftflordemaig\/estudis\/formacio-laboral-pfi\/afm\/","title":{"rendered":"AFM"},"content":{"rendered":"<h4>Auxiliar de Fabricaci\u00f3 Mec\u00e0nica<\/h4>\n<p>Aquests estudis capaciten per dur a terme operacions auxiliars en els processos de mecanitzaci\u00f3 i muntatge per a la fabricaci\u00f3 mec\u00e0nica amb diferents materials.<\/p>\n<p>Adre\u00e7ats a alumnat amb necessitats educatives especials.<\/p>\n<p>Tenen una durada total de 1.000 hores. Possibilitat de cursar-los en 2 cursos acad\u00e8mics.<\/p>\n<p>&nbsp;<\/p>\n<p><iframe loading=\"lazy\" src=\"\/\/player.vimeo.com\/video\/337975013?title=0&amp;amp;byline=0\" width=\"640\" height=\"360\" frameborder=\"0\" allowfullscreen=\"allowfullscreen\" data-mce-fragment=\"1\"><\/iframe><\/p>\n<p><a href=\"https:\/\/vimeo.com\/337975013\">AFMIE<\/a> from <a href=\"https:\/\/vimeo.com\/user43291070\">Manolita<\/a> on <a href=\"https:\/\/vimeo.com\">Vimeo<\/a>.<\/p>\n<p><iframe loading=\"lazy\" src=\"\/\/player.vimeo.com\/video\/365498332?title=0&amp;amp;byline=0\" width=\"640\" height=\"360\" frameborder=\"0\" allowfullscreen=\"allowfullscreen\" data-mce-fragment=\"1\"><\/iframe><\/p>\n<p><a href=\"https:\/\/vimeo.com\/365498332\">AFMIE FERRO<\/a> from <a href=\"https:\/\/vimeo.com\/user43291070\">MPC<\/a> on <a href=\"https:\/\/vimeo.com\">Vimeo<\/a>.<\/p>\n<p><a href=\"https:\/\/triaeducativa.gencat.cat\/ca\/estudis\/?auxiliar-fabricacio-mecanica-per-alumnat-educacio-especial&amp;p_id=6870\" target=\"_blank\" rel=\"noopener noreferrer\">PFI AFM<\/a><\/p>\n<p><strong>MAT\u00c8RIES I CONTINGUTS QUE S&#8217;IMPARTEIXEN<\/strong><\/p>\n<p><strong>M\u00f2duls de formaci\u00f3 professional (inclouen 200 hores d&#8217;estada formativa a l&#8217;empresa)<\/strong><\/p>\n<ul class=\"llista-especial\">\n<li>Operacions B\u00e0siques de Fabricaci\u00f3<\/li>\n<li>Soldadura i Tancaments Met\u00e0l\u00b7lics<\/li>\n<li>Tancaments d&#8217;Alumini i PVC<\/li>\n<li>Processos de Conformaci\u00f3<\/li>\n<li>Formaci\u00f3 B\u00e0sica en Prevenci\u00f3 de Riscos Laborals<\/li>\n<li>Projecte<\/li>\n<\/ul>\n<p><strong>M\u00f2duls de formaci\u00f3 general<\/strong><\/p>\n<ul class=\"llista-especial\">\n<li>Estrat\u00e8gies i Eines de Comunicaci\u00f3<\/li>\n<li>Entorn Social i Territorial<\/li>\n<li>Estrat\u00e8gies i Eines Matem\u00e0tiques<\/li>\n<li>Incorporaci\u00f3 al M\u00f3n Professional<\/li>\n<\/ul>\n<p><strong>Tutoria, seguiment i orientaci\u00f3 personalitzada<\/strong><\/p>\n<p><strong>QU\u00c8 NECESSITO PER ACCEDIR-HI?<\/strong><\/p>\n<p>Poden accedir a aquest programa de formaci\u00f3 i inserci\u00f3 (PFI) els joves no ocupats que compleixin com a m\u00ednim 16 anys d&#8217;edat i com a m\u00e0xim 21 en l&#8217;any d&#8217;inici del programa i que no hagin obtingut el graduat en ESO.<\/p>\n<p><strong>COM PREINSCRIURE&#8217;M<\/strong><\/p>\n<p>Per cursar un programa de formaci\u00f3 i inserci\u00f3 (PFI) del Departament d&#8217;Educaci\u00f3\u00a0(PTT, FIAP i PIP en institut) cal fer la preinscripci\u00f3 i matr\u00edcula segons les directrius d&#8217;aquest Departament.<\/p>\n<p>Per cursar un programa de formaci\u00f3 i inserci\u00f3 (PFI) organitzat per centres docents privats o establiments, cal informar-se&#8217;n en el mateix centre o establiment.<\/p>\n<p>Trobareu m\u00e9s informaci\u00f3 al web\u00a0<a href=\"https:\/\/preinscripcio.gencat.cat\/ca\/estudis\/pfi\/inici\/\" target=\"_blank\" rel=\"noopener\">preinscripcio.gencat.cat<\/a>.<\/p>\n<p><a href=\"http:\/\/agora.xtec.cat\/ceecftflordemaig\/wp-content\/uploads\/usu700\/2018\/04\/IMG_20171121_112729.jpg\"><img loading=\"lazy\" decoding=\"async\" class=\"wp-image-789 alignleft\" src=\"http:\/\/agora.xtec.cat\/ceecftflordemaig\/wp-content\/uploads\/usu700\/2018\/04\/IMG_20171121_112729-1024x768.jpg\" alt=\"\" width=\"209\" height=\"157\" srcset=\"https:\/\/agora.xtec.cat\/ceecftflordemaig\/wp-content\/uploads\/usu700\/2018\/04\/IMG_20171121_112729-1024x768.jpg 1024w, https:\/\/agora.xtec.cat\/ceecftflordemaig\/wp-content\/uploads\/usu700\/2018\/04\/IMG_20171121_112729-300x225.jpg 300w, https:\/\/agora.xtec.cat\/ceecftflordemaig\/wp-content\/uploads\/usu700\/2018\/04\/IMG_20171121_112729-768x576.jpg 768w, https:\/\/agora.xtec.cat\/ceecftflordemaig\/wp-content\/uploads\/usu700\/2018\/04\/IMG_20171121_112729-200x150.jpg 200w\" sizes=\"auto, (max-width: 209px) 100vw, 209px\" \/><\/a><\/p>\n<p><a href=\"http:\/\/agora.xtec.cat\/ceecftflordemaig\/wp-content\/uploads\/usu700\/2018\/04\/IMG_20171121_112842.jpg\"><img loading=\"lazy\" decoding=\"async\" class=\"aligncenter wp-image-790\" src=\"http:\/\/agora.xtec.cat\/ceecftflordemaig\/wp-content\/uploads\/usu700\/2018\/04\/IMG_20171121_112842-1024x768.jpg\" alt=\"\" width=\"208\" height=\"156\" srcset=\"https:\/\/agora.xtec.cat\/ceecftflordemaig\/wp-content\/uploads\/usu700\/2018\/04\/IMG_20171121_112842-1024x768.jpg 1024w, https:\/\/agora.xtec.cat\/ceecftflordemaig\/wp-content\/uploads\/usu700\/2018\/04\/IMG_20171121_112842-300x225.jpg 300w, https:\/\/agora.xtec.cat\/ceecftflordemaig\/wp-content\/uploads\/usu700\/2018\/04\/IMG_20171121_112842-768x576.jpg 768w, https:\/\/agora.xtec.cat\/ceecftflordemaig\/wp-content\/uploads\/usu700\/2018\/04\/IMG_20171121_112842-200x150.jpg 200w\" sizes=\"auto, (max-width: 208px) 100vw, 208px\" \/><\/a><\/p>\n<p>&nbsp;<\/p>\n","protected":false},"excerpt":{"rendered":"<p>Auxiliar de Fabricaci\u00f3 Mec\u00e0nica<br \/>\nAquests estudis capaciten per dur a terme operacions auxiliars en els processos de mecanitzaci\u00f3 i muntatge per a la fabricaci\u00f3 mec\u00e0nica amb diferents materials.<br \/>\nAdre\u00e7ats a alumnat amb necessitats educatives especials.<br \/>\nTenen una durada total de 1.000 hores. Possibilitat de cursar-los en 2 cursos&hellip;  <a href=\"https:\/\/agora.xtec.cat\/ceecftflordemaig\/estudis\/formacio-laboral-pfi\/afm\/\" title=\"Read AFM\">Llegeix m\u00e9s\u00bb<\/a><\/p>\n","protected":false},"author":15,"featured_media":0,"parent":640,"menu_order":0,"comment_status":"closed","ping_status":"closed","template":"page-templates\/side-menu.php","meta":{"_bbp_topic_count":0,"_bbp_reply_count":0,"_bbp_total_topic_count":0,"_bbp_total_reply_count":0,"_bbp_voice_count":0,"_bbp_anonymous_reply_count":0,"_bbp_topic_count_hidden":0,"_bbp_reply_count_hidden":0,"_bbp_forum_subforum_count":0,"footnotes":""},"class_list":["post-788","page","type-page","status-publish","hentry"],"post_mailing_queue_ids":[],"_links":{"self":[{"href":"https:\/\/agora.xtec.cat\/ceecftflordemaig\/wp-json\/wp\/v2\/pages\/788","targetHints":{"allow":["GET"]}}],"collection":[{"href":"https:\/\/agora.xtec.cat\/ceecftflordemaig\/wp-json\/wp\/v2\/pages"}],"about":[{"href":"https:\/\/agora.xtec.cat\/ceecftflordemaig\/wp-json\/wp\/v2\/types\/page"}],"author":[{"embeddable":true,"href":"https:\/\/agora.xtec.cat\/ceecftflordemaig\/wp-json\/wp\/v2\/users\/15"}],"replies":[{"embeddable":true,"href":"https:\/\/agora.xtec.cat\/ceecftflordemaig\/wp-json\/wp\/v2\/comments?post=788"}],"version-history":[{"count":6,"href":"https:\/\/agora.xtec.cat\/ceecftflordemaig\/wp-json\/wp\/v2\/pages\/788\/revisions"}],"predecessor-version":[{"id":2471,"href":"https:\/\/agora.xtec.cat\/ceecftflordemaig\/wp-json\/wp\/v2\/pages\/788\/revisions\/2471"}],"up":[{"embeddable":true,"href":"https:\/\/agora.xtec.cat\/ceecftflordemaig\/wp-json\/wp\/v2\/pages\/640"}],"wp:attachment":[{"href":"https:\/\/agora.xtec.cat\/ceecftflordemaig\/wp-json\/wp\/v2\/media?parent=788"}],"curies":[{"name":"wp","href":"https:\/\/api.w.org\/{rel}","templated":true}]}}