{"id":77,"date":"2014-09-18T10:29:25","date_gmt":"2014-09-18T08:29:25","guid":{"rendered":"http:\/\/agora.xtec.cat\/ceecftflordemaig\/?page_id=77"},"modified":"2018-09-25T16:38:17","modified_gmt":"2018-09-25T14:38:17","slug":"transport-escolar","status":"publish","type":"page","link":"https:\/\/agora.xtec.cat\/ceecftflordemaig\/serveis\/transport-escolar\/","title":{"rendered":"Transport escolar"},"content":{"rendered":"<p style=\"color: #000000;\">El Consell Comarcal gestiona el servei transport escolar per delegaci\u00f3 de la Generalitat de Catalunya. Amb la finalitat de poder oferir aquest servei, cada curs escolar, es signa un conveni de col\u00b7laboraci\u00f3 amb el Departament d\u2019Ensenyament, que aporta el finan\u00e7ament.<br \/>\nEl <strong>servei de transport escolar<\/strong> en la modalitat d\u2019obligatori i gratu\u00eft s\u2019adre\u00e7a a l\u2019alumnat que, a proposta dels Serveis Territorials d\u2019Ensenyament, ha d\u2019escolaritzar-se fora del seu municipi de resid\u00e8ncia. Destinat a alumnes que cursen l&#8217;ESO.<\/p>\n<p style=\"color: #000000;\">Els alumnes de FL ja que no estan cursant una formaci\u00f3 obligat\u00f2ria no poden gaudir d&#8217;aquest servei i han d&#8217;arribar al centre amb transport p\u00fablic. Actualment hi ha una l\u00ednia d&#8217;autob\u00fas urb\u00e0 que arriba des de Cerdanyola del Vall\u00e8s al nostre centre:<\/p>\n<h6><a href=\"https:\/\/www.moventis.es\/es\/lineas-horarios\/servei-urba-cerdanyola-del-valles-1\" target=\"_blank\" rel=\"noopener noreferrer\">SU1 SERVEI URBA CERDANYOLA DEL VALLES 1<\/a><\/h6>\n<p style=\"color: #000000;\">\u00a0<a href=\"https:\/\/www.moventis.es\/es\/lineas-horarios\/servei-urba-cerdanyola-del-valles-1\" target=\"_blank\" rel=\"noopener noreferrer\"><img loading=\"lazy\" decoding=\"async\" class=\"aligncenter size-full wp-image-783\" src=\"http:\/\/agora.xtec.cat\/ceecftflordemaig\/wp-content\/uploads\/usu700\/2014\/09\/Su1.jpg\" alt=\"\" width=\"361\" height=\"521\" srcset=\"https:\/\/agora.xtec.cat\/ceecftflordemaig\/wp-content\/uploads\/usu700\/2014\/09\/Su1.jpg 361w, https:\/\/agora.xtec.cat\/ceecftflordemaig\/wp-content\/uploads\/usu700\/2014\/09\/Su1-208x300.jpg 208w\" sizes=\"auto, (max-width: 361px) 100vw, 361px\" \/><\/a><a href=\"https:\/\/www.moventis.es\/es\/lineas-horarios\/servei-urba-cerdanyola-del-valles-1\" target=\"_blank\" rel=\"noopener noreferrer\"><br \/>\n<\/a><\/p>\n","protected":false},"excerpt":{"rendered":"<p>El Consell Comarcal gestiona el servei transport escolar per delegaci\u00f3 de la Generalitat de Catalunya. Amb la finalitat de poder oferir aquest servei, cada curs escolar, es signa un conveni de col\u00b7laboraci\u00f3 amb el Departament d\u2019Ensenyament, que aporta el finan\u00e7ament.<br \/>\nEl servei de transport escolar en&hellip;  <a href=\"https:\/\/agora.xtec.cat\/ceecftflordemaig\/serveis\/transport-escolar\/\" title=\"Read Transport escolar\">Llegeix m\u00e9s\u00bb<\/a><\/p>\n","protected":false},"author":1,"featured_media":0,"parent":63,"menu_order":20,"comment_status":"closed","ping_status":"closed","template":"page-templates\/side-menu.php","meta":{"_bbp_topic_count":0,"_bbp_reply_count":0,"_bbp_total_topic_count":0,"_bbp_total_reply_count":0,"_bbp_voice_count":0,"_bbp_anonymous_reply_count":0,"_bbp_topic_count_hidden":0,"_bbp_reply_count_hidden":0,"_bbp_forum_subforum_count":0,"footnotes":""},"class_list":["post-77","page","type-page","status-publish","hentry"],"post_mailing_queue_ids":[],"_links":{"self":[{"href":"https:\/\/agora.xtec.cat\/ceecftflordemaig\/wp-json\/wp\/v2\/pages\/77","targetHints":{"allow":["GET"]}}],"collection":[{"href":"https:\/\/agora.xtec.cat\/ceecftflordemaig\/wp-json\/wp\/v2\/pages"}],"about":[{"href":"https:\/\/agora.xtec.cat\/ceecftflordemaig\/wp-json\/wp\/v2\/types\/page"}],"author":[{"embeddable":true,"href":"https:\/\/agora.xtec.cat\/ceecftflordemaig\/wp-json\/wp\/v2\/users\/1"}],"replies":[{"embeddable":true,"href":"https:\/\/agora.xtec.cat\/ceecftflordemaig\/wp-json\/wp\/v2\/comments?post=77"}],"version-history":[{"count":3,"href":"https:\/\/agora.xtec.cat\/ceecftflordemaig\/wp-json\/wp\/v2\/pages\/77\/revisions"}],"predecessor-version":[{"id":948,"href":"https:\/\/agora.xtec.cat\/ceecftflordemaig\/wp-json\/wp\/v2\/pages\/77\/revisions\/948"}],"up":[{"embeddable":true,"href":"https:\/\/agora.xtec.cat\/ceecftflordemaig\/wp-json\/wp\/v2\/pages\/63"}],"wp:attachment":[{"href":"https:\/\/agora.xtec.cat\/ceecftflordemaig\/wp-json\/wp\/v2\/media?parent=77"}],"curies":[{"name":"wp","href":"https:\/\/api.w.org\/{rel}","templated":true}]}}