{"id":703,"date":"2017-09-14T10:31:14","date_gmt":"2017-09-14T08:31:14","guid":{"rendered":"http:\/\/agora.xtec.cat\/ceecftflordemaig\/?page_id=703"},"modified":"2018-09-25T16:21:42","modified_gmt":"2018-09-25T14:21:42","slug":"biblioteca","status":"publish","type":"page","link":"https:\/\/agora.xtec.cat\/ceecftflordemaig\/serveis\/biblioteca\/","title":{"rendered":"Biblioteca"},"content":{"rendered":"<header class=\"entry-header\"><\/header>\n<header class=\"entry-header\"><\/header>\n<header class=\"entry-header\"><\/header>\n<header>La biblioteca del centre \u00e9s un projecte i un espai molt important per a nosaltres. Volem apropar la cultura i la il\u00b7lusi\u00f3 per la lectura de la forma m\u00e9s atractiva possible.<\/header>\n<header>\u00a0 \u00a0 \u00a0<\/header>\n<header><\/header>\n<header><\/header>\n<header>Tenim moltes ganes de compartir amb tothom all\u00f2 que podem fer i que estigui relacionat \u00a0amb els llibres.<\/header>\n<header>\u00a0 \u00a0\u00a0<\/header>\n<header class=\"entry-header\"><\/header>\n<header class=\"entry-header\"><\/header>\n<header class=\"entry-header\"><\/header>\n<header class=\"entry-header\"><\/header>\n<header class=\"entry-header\"><\/header>\n<header class=\"entry-header\"><\/header>\n<header class=\"entry-header\"><\/header>\n<header class=\"entry-header\"><\/header>\n<header class=\"entry-header\"><\/header>\n<header class=\"entry-header\"><\/header>\n<header class=\"entry-header\"><\/header>\n<header class=\"entry-header\"><\/header>\n<header class=\"entry-header\"><\/header>\n<header class=\"entry-header\"><strong>COM \u00c9S LA NOSTRA BIBLIOTECA\u00a0<\/strong><\/p>\n<ul>\n<li><strong>Viva i din\u00e0mica:\u00a0<\/strong>oberta a tota la comunitat educativa. Un espai dinamitzat amb propostes suggerents que estimulin la lectura i la recerca.<\/li>\n<li><strong>Moderna, actualitzada i acollidora:\u00a0<\/strong>amb diferents espais i recursos per a totes les \u00e0rees curriculars. Un lloc acollidor on els infants se sentin a gust.<\/li>\n<li><strong>Educativa:\u00a0<\/strong>un lloc de promoci\u00f3 de la lectura, de recerca i transformaci\u00f3 de la informaci\u00f3, que incentivi als nens i nens a apropar-se al m\u00f3n del llibre d\u2019una manera lliure i activa.<\/li>\n<li><strong>Continua:\u00a0<\/strong>amb persones responsables que puguin impulsar i donar continu\u00eftat al projecte.<\/li>\n<\/ul>\n<p><strong>HORARI<\/strong><\/p>\n<p>La Biblioteca est\u00e0 oberta de dilluns a divendres de 8:45h a 9:30h, per fer pr\u00e9stec i durant l\u2019hora del pati, com un espai d\u2019estudi, consultes i reserva de pr\u00e9stec.<\/p>\n<p style=\"text-align: center;\"><strong>BLOC DE LA BIBLIOTECA<\/strong><\/p>\n<p><a href=\"http:\/\/blocs.xtec.cat\/bibliotecacftflordemaig\/\" target=\"_blank\" rel=\"noopener noreferrer\"><img loading=\"lazy\" decoding=\"async\" class=\"aligncenter wp-image-749\" src=\"http:\/\/agora.xtec.cat\/ceecftflordemaig\/wp-content\/uploads\/usu700\/2017\/09\/cropped-biblioteca-0032.jpg\" alt=\"\" width=\"398\" height=\"166\" srcset=\"https:\/\/agora.xtec.cat\/ceecftflordemaig\/wp-content\/uploads\/usu700\/2017\/09\/cropped-biblioteca-0032.jpg 940w, https:\/\/agora.xtec.cat\/ceecftflordemaig\/wp-content\/uploads\/usu700\/2017\/09\/cropped-biblioteca-0032-300x125.jpg 300w, https:\/\/agora.xtec.cat\/ceecftflordemaig\/wp-content\/uploads\/usu700\/2017\/09\/cropped-biblioteca-0032-768x321.jpg 768w\" sizes=\"auto, (max-width: 398px) 100vw, 398px\" \/><\/a><\/p>\n<\/header>\n<p>&nbsp;<\/p>\n","protected":false},"excerpt":{"rendered":"<p>La biblioteca del centre \u00e9s un projecte i un espai molt important per a nosaltres. Volem apropar la cultura i la il\u00b7lusi\u00f3 per la lectura de la forma m\u00e9s atractiva possible.<br \/>\n\u00a0 \u00a0 \u00a0<\/p>\n<p>Tenim moltes ganes de compartir amb tothom all\u00f2 que podem fer i que&hellip;  <a href=\"https:\/\/agora.xtec.cat\/ceecftflordemaig\/serveis\/biblioteca\/\" title=\"Read Biblioteca\">Llegeix m\u00e9s\u00bb<\/a><\/p>\n","protected":false},"author":12,"featured_media":0,"parent":63,"menu_order":0,"comment_status":"closed","ping_status":"closed","template":"page-templates\/side-menu.php","meta":{"_bbp_topic_count":0,"_bbp_reply_count":0,"_bbp_total_topic_count":0,"_bbp_total_reply_count":0,"_bbp_voice_count":0,"_bbp_anonymous_reply_count":0,"_bbp_topic_count_hidden":0,"_bbp_reply_count_hidden":0,"_bbp_forum_subforum_count":0,"footnotes":""},"class_list":["post-703","page","type-page","status-publish","hentry"],"post_mailing_queue_ids":[],"_links":{"self":[{"href":"https:\/\/agora.xtec.cat\/ceecftflordemaig\/wp-json\/wp\/v2\/pages\/703","targetHints":{"allow":["GET"]}}],"collection":[{"href":"https:\/\/agora.xtec.cat\/ceecftflordemaig\/wp-json\/wp\/v2\/pages"}],"about":[{"href":"https:\/\/agora.xtec.cat\/ceecftflordemaig\/wp-json\/wp\/v2\/types\/page"}],"author":[{"embeddable":true,"href":"https:\/\/agora.xtec.cat\/ceecftflordemaig\/wp-json\/wp\/v2\/users\/12"}],"replies":[{"embeddable":true,"href":"https:\/\/agora.xtec.cat\/ceecftflordemaig\/wp-json\/wp\/v2\/comments?post=703"}],"version-history":[{"count":3,"href":"https:\/\/agora.xtec.cat\/ceecftflordemaig\/wp-json\/wp\/v2\/pages\/703\/revisions"}],"predecessor-version":[{"id":947,"href":"https:\/\/agora.xtec.cat\/ceecftflordemaig\/wp-json\/wp\/v2\/pages\/703\/revisions\/947"}],"up":[{"embeddable":true,"href":"https:\/\/agora.xtec.cat\/ceecftflordemaig\/wp-json\/wp\/v2\/pages\/63"}],"wp:attachment":[{"href":"https:\/\/agora.xtec.cat\/ceecftflordemaig\/wp-json\/wp\/v2\/media?parent=703"}],"curies":[{"name":"wp","href":"https:\/\/api.w.org\/{rel}","templated":true}]}}