{"id":640,"date":"2017-03-20T11:53:38","date_gmt":"2017-03-20T10:53:38","guid":{"rendered":"http:\/\/agora.xtec.cat\/ceecftflordemaig\/?page_id=640"},"modified":"2026-04-16T16:41:09","modified_gmt":"2026-04-16T14:41:09","slug":"formacio-laboral-pfi","status":"publish","type":"page","link":"https:\/\/agora.xtec.cat\/ceecftflordemaig\/estudis\/formacio-laboral-pfi\/","title":{"rendered":"Programes de Formaci\u00f3 i Inserci\u00f3 (PFI)"},"content":{"rendered":"<p>Els\u00a0<strong>programes de formaci\u00f3 i inserci\u00f3<\/strong>\u00a0s\u00f3n voluntaris i estan adre\u00e7ats als joves que compleixin com a m\u00ednim 16 anys d&#8217;edat i com a m\u00e0xim 21 en l&#8217;any d&#8217;inici del programa, que hagin deixat l&#8217;educaci\u00f3 secund\u00e0ria obligat\u00f2ria (ESO) sense obtenir-ne el t\u00edtol i que, en el moment d&#8217;iniciar els programes, no segueixin estudis en el sistema educatiu ni participin en altres accions de formaci\u00f3.<\/p>\n<p>La\u00a0<strong>finalitat<\/strong>\u00a0d&#8217;aquests programes \u00e9s proporcionar a aquests joves la possibilitat d&#8217;incorporar-se de nou al sistema educatiu per continuar estudis de formaci\u00f3 professional. Han de facilitar, tamb\u00e9, l&#8217;aprenentatge imprescindible per accedir al mercat de treball amb millors possibilitats d&#8217;obtenir una ocupaci\u00f3 qualificada i duradora.<\/p>\n<p>Tenen una durada total de 1.000 hores, dos\u00a0cursos acad\u00e8mics en el nostre centre.<\/p>\n<ul style=\"list-style-type: circle;\">\n<li>Oferta FPI<br \/>\n\uf0b7 Auxiliar d&#8217;activitats d&#8217;oficina i en serveis administratius generals<br \/>\n\uf0b7 Auxiliar en comer\u00e7 i atenci\u00f3 al p\u00fablic<br \/>\n\uf0b7 Auxiliar d&#8217;arts gr\u00e0fiques i serigrafia<br \/>\n\uf0b7 Auxiliar en fusteria i instal\u00b7laci\u00f3 de mobles<br \/>\n\uf0b7 Auxiliar de fabricaci\u00f3 mec\u00e0nica<br \/>\n\uf0b7 Auxiliar en establiments hotelers i de restauraci\u00f3<\/li>\n<li>\uf0b7 Pla de transici\u00f3 a la vida adulta<\/li>\n<\/ul>\n<p><strong>ESTRUCTURA<\/strong><\/p>\n<p>Els programes de formaci\u00f3 i inserci\u00f3 s&#8217;<strong>estructuren<\/strong>\u00a0en:<\/p>\n<ul>\n<li><em>M\u00f2duls de formaci\u00f3 professional<\/em>, per a l&#8217;assoliment de les compet\u00e8ncies professionals, que inclouen un m\u00f2dul de pr\u00e0ctiques en alternan\u00e7a en centres de treball.<\/li>\n<li><em>M\u00f2duls de formaci\u00f3 general<\/em>\u00a0per a l&#8217;adquisici\u00f3 de compet\u00e8ncies instrumentals b\u00e0siques.<\/li>\n<li><em>Accions de seguiment i orientaci\u00f3<\/em>\u00a0de l&#8217;alumne.<\/li>\n<\/ul>\n<p>Poden accedir a aquest programa de formaci\u00f3 i inserci\u00f3 (PFI) els joves no ocupats que compleixin com a m\u00ednim 16 anys d&#8217;edat i com a m\u00e0xim 21 en l&#8217;any d\u2019inici del programa i que no hagin obtingut el graduat en ESO.<\/p>\n<p><strong>ACC\u00c9S<\/strong><\/p>\n<p>Els\u00a0<em>tr\u00e0mits\u00a0<\/em>s\u00f3n:<\/p>\n<ul>\n<li>per cursar un programa de formaci\u00f3 i inserci\u00f3 organitzat pel Departament d&#8217;Ensenyament (PTT, FIAP i PIP en institut) cal fer la preinscripci\u00f3 i matr\u00edcula segons les directrius d&#8217;aquest Departament.<\/li>\n<li>per cursar un programa de formaci\u00f3 i inserci\u00f3 (PFI) organitzat per centres docents privats o establiments, cal informar-se&#8217;n en el mateix centre o establiment.<\/li>\n<\/ul>\n<p><strong>CONTINU\u00cfTAT<\/strong><\/p>\n<p>La superaci\u00f3 d&#8217;aquest programa de formaci\u00f3 i inserci\u00f3 (PFI) comporta:<\/p>\n<ul>\n<li>Certificaci\u00f3 acad\u00e8mica i professional que cont\u00e9 la qualificaci\u00f3 final obtinguda en el programa de formaci\u00f3 i inserci\u00f3 (PFI) i acredita les compet\u00e8ncies professionals assolides.<\/li>\n<li>Millors possibilitats per a la superaci\u00f3 de la prova d&#8217;acc\u00e9s als cicles formatius de grau mitj\u00e0.<\/li>\n<li>Reconeixement dels m\u00f2duls professionals superats en el programa de formaci\u00f3 i inserci\u00f3 (PFI) per a l&#8217;obtenci\u00f3 del t\u00edtol professional b\u00e0sic associat al perfil.<\/li>\n<li>Obtenci\u00f3 d&#8217;un certificat de professionalitat que emet l&#8217;Administraci\u00f3 laboral.<\/li>\n<li>Acc\u00e9s als centres de formaci\u00f3 d&#8217;adults per obtenir el GESO, sense complir el requisit de tenir 18 anys.<\/li>\n<\/ul>\n<p><a href=\"http:\/\/queestudiar.gencat.cat\/ca\/estudis\/pfi\/\" target=\"_blank\" rel=\"noopener noreferrer\">M\u00c9S INFORMACI\u00d3<\/a><\/p>\n","protected":false},"excerpt":{"rendered":"<p>Els\u00a0programes de formaci\u00f3 i inserci\u00f3\u00a0s\u00f3n voluntaris i estan adre\u00e7ats als joves que compleixin com a m\u00ednim 16 anys d&#8217;edat i com a m\u00e0xim 21 en l&#8217;any d&#8217;inici del programa, que hagin deixat l&#8217;educaci\u00f3 secund\u00e0ria obligat\u00f2ria (ESO) sense obtenir-ne el t\u00edtol i que, en el moment&hellip;  <a href=\"https:\/\/agora.xtec.cat\/ceecftflordemaig\/estudis\/formacio-laboral-pfi\/\" title=\"Read Programes de Formaci\u00f3 i Inserci\u00f3 (PFI)\">Llegeix m\u00e9s\u00bb<\/a><\/p>\n","protected":false},"author":15,"featured_media":0,"parent":195,"menu_order":20,"comment_status":"closed","ping_status":"closed","template":"page-templates\/side-menu.php","meta":{"_bbp_topic_count":0,"_bbp_reply_count":0,"_bbp_total_topic_count":0,"_bbp_total_reply_count":0,"_bbp_voice_count":0,"_bbp_anonymous_reply_count":0,"_bbp_topic_count_hidden":0,"_bbp_reply_count_hidden":0,"_bbp_forum_subforum_count":0,"footnotes":""},"class_list":["post-640","page","type-page","status-publish","hentry"],"post_mailing_queue_ids":[],"_links":{"self":[{"href":"https:\/\/agora.xtec.cat\/ceecftflordemaig\/wp-json\/wp\/v2\/pages\/640","targetHints":{"allow":["GET"]}}],"collection":[{"href":"https:\/\/agora.xtec.cat\/ceecftflordemaig\/wp-json\/wp\/v2\/pages"}],"about":[{"href":"https:\/\/agora.xtec.cat\/ceecftflordemaig\/wp-json\/wp\/v2\/types\/page"}],"author":[{"embeddable":true,"href":"https:\/\/agora.xtec.cat\/ceecftflordemaig\/wp-json\/wp\/v2\/users\/15"}],"replies":[{"embeddable":true,"href":"https:\/\/agora.xtec.cat\/ceecftflordemaig\/wp-json\/wp\/v2\/comments?post=640"}],"version-history":[{"count":4,"href":"https:\/\/agora.xtec.cat\/ceecftflordemaig\/wp-json\/wp\/v2\/pages\/640\/revisions"}],"predecessor-version":[{"id":2476,"href":"https:\/\/agora.xtec.cat\/ceecftflordemaig\/wp-json\/wp\/v2\/pages\/640\/revisions\/2476"}],"up":[{"embeddable":true,"href":"https:\/\/agora.xtec.cat\/ceecftflordemaig\/wp-json\/wp\/v2\/pages\/195"}],"wp:attachment":[{"href":"https:\/\/agora.xtec.cat\/ceecftflordemaig\/wp-json\/wp\/v2\/media?parent=640"}],"curies":[{"name":"wp","href":"https:\/\/api.w.org\/{rel}","templated":true}]}}