{"id":49,"date":"2014-09-17T16:55:55","date_gmt":"2014-09-17T16:55:55","guid":{"rendered":"http:\/\/agora.xtec.cat\/ceecftflordemaig\/?page_id=49"},"modified":"2025-02-10T09:13:03","modified_gmt":"2025-02-10T08:13:03","slug":"normes-dorganitzacio-i-funcionament","status":"publish","type":"page","link":"https:\/\/agora.xtec.cat\/ceecftflordemaig\/linstitut\/normes-dorganitzacio-i-funcionament\/","title":{"rendered":"Normes i funcionament"},"content":{"rendered":"<p><strong><a href=\"https:\/\/agora.xtec.cat\/ceecftflordemaig\/wp-content\/uploads\/usu700\/2021\/02\/PEC-CFT-Flor-de-Maig.pdf\">PEC CFT Flor de Maig<\/a><\/strong><\/p>\n<p><strong><a href=\"https:\/\/drive.google.com\/file\/d\/1tO8YvNDUu2qKSnREfiGNhIUwZqqWpobf\/view\" target=\"_blank\" rel=\"noopener noreferrer\">NOFC<\/a><\/strong><\/p>\n<p><strong><a href=\"https:\/\/agora.xtec.cat\/ceecftflordemaig\/wp-content\/uploads\/usu700\/2020\/05\/Projecte-Lingu\u00edstic-2019-2020.pdf\">Projecte Lingu\u00edstic <\/a> <\/strong><\/p>\n<p><strong><a href=\"https:\/\/agora.xtec.cat\/ceecftflordemaig\/wp-content\/uploads\/usu700\/2020\/05\/Projecte-Conviv\u00e8ncia-2019-2020.pdf\">Projecte Conviv\u00e8ncia <\/a> <\/strong><\/p>\n<p><strong>Educaci\u00f3 i inclusi\u00f3 <\/strong><\/p>\n<p>L&#8217;educaci\u00f3 constitueix un dels instruments m\u00e9s importants per desenvolupar les capacitats intel\u00b7lectuals i socials de les persones amb intel\u00b7lig\u00e8ncia l\u00edmit i per garantir una igualtat d&#8217;oportunitats.<\/p>\n<p>L&#8217;educaci\u00f3 \u00e9s tamb\u00e9 un factor essencial perqu\u00e8 les persones amb necessitats educatives especials puguin fer un acostament progressiu al m\u00f3n del treball i desenvolupar una vida activa amb la m\u00e0xima independ\u00e8ncia.<\/p>\n<p>La contribuci\u00f3 del Centre de Formaci\u00f3 i Treball al proc\u00e9s d&#8217;inclusi\u00f3 social suposa no nom\u00e9s donar una resposta educativa adequada a les necessitats personals del nostre alumnat, sin\u00f3 tamb\u00e9 generar din\u00e0miques que possibilitin les mateixes oportunitats que l&#8217;altre jovent de poder esdevenir ciutadans i ciutadanes de ple dret i responsables actius en la comunitat on viuen.<\/p>\n<p>&nbsp;<\/p>\n<p><strong>Ideari<\/strong><\/p>\n<p>L&#8217;actuaci\u00f3 del Centre s&#8217;articula a partir d&#8217;uns principis socioeducatius, entre els quals destaquen els seg\u00fcents:<\/p>\n<ul>\n<li>Afavorir l&#8217;autonomia i la capacitat d&#8217;autoconcepte.<\/li>\n<li>Aplicar metodologies que propici\u00efn el proc\u00e9s d&#8217;ensenyament &#8211; aprenentatge individualitzat.<\/li>\n<li>Facilitar el desplegament de recursos personals i socials per poder participar, amb la m\u00e0xima plenitud, en els entorns habituals i a m\u00e9s, donar prioritat als aprenentatges pr\u00e0ctics i funcionals.<\/li>\n<li>Oferir a les fam\u00edlies un paper prominent en el proc\u00e9s d&#8217;aprenentatge.<\/li>\n<li>Treballar per fer possible que tot l&#8217;alumnat sigui respectu\u00f3s de les difer\u00e8ncies i capa\u00e7os de compensar aquelles que comportin m\u00e9s desigualtat.<\/li>\n<\/ul>\n<p>El sistema d&#8217;organitzaci\u00f3 de l&#8217;Escola es configura amb una clara voluntat de promoure i donar prioritat al desenvolupament dels processos d&#8217;ensenyament\/aprenentatge que potencien la socialitzaci\u00f3 de l&#8217;alumnat i la incorporaci\u00f3 a la vida adulta des d&#8217;una perspectiva integradora.<\/p>\n","protected":false},"excerpt":{"rendered":"<p><a href=\"https:\/\/agora.xtec.cat\/ceecftflordemaig\/wp-content\/uploads\/usu700\/2021\/02\/PEC-CFT-Flor-de-Maig.pdf\">PEC CFT Flor de Maig<\/a><br \/>\n<a href=\"https:\/\/drive.google.com\/file\/d\/1tO8YvNDUu2qKSnREfiGNhIUwZqqWpobf\/view\" target=\"_blank\" rel=\"noopener noreferrer\">NOFC<\/a><br \/>\n<a href=\"https:\/\/agora.xtec.cat\/ceecftflordemaig\/wp-content\/uploads\/usu700\/2020\/05\/Projecte-Lingu\u00edstic-2019-2020.pdf\">Projecte Lingu\u00edstic <\/a><br \/>\n<a href=\"https:\/\/agora.xtec.cat\/ceecftflordemaig\/wp-content\/uploads\/usu700\/2020\/05\/Projecte-Conviv\u00e8ncia-2019-2020.pdf\">Projecte Conviv\u00e8ncia <\/a><br \/>\nEducaci\u00f3 i inclusi\u00f3<br \/>\nL&#8217;educaci\u00f3 constitueix un dels instruments m\u00e9s importants per desenvolupar les capacitats intel\u00b7lectuals i socials de les persones amb intel\u00b7lig\u00e8ncia l\u00edmit i per garantir una igualtat&hellip;  <a href=\"https:\/\/agora.xtec.cat\/ceecftflordemaig\/linstitut\/normes-dorganitzacio-i-funcionament\/\" title=\"Read Normes i funcionament\">Llegeix m\u00e9s\u00bb<\/a><\/p>\n","protected":false},"author":1,"featured_media":0,"parent":19,"menu_order":50,"comment_status":"closed","ping_status":"closed","template":"page-templates\/side-menu.php","meta":{"_bbp_topic_count":0,"_bbp_reply_count":0,"_bbp_total_topic_count":0,"_bbp_total_reply_count":0,"_bbp_voice_count":0,"_bbp_anonymous_reply_count":0,"_bbp_topic_count_hidden":0,"_bbp_reply_count_hidden":0,"_bbp_forum_subforum_count":0,"footnotes":""},"class_list":["post-49","page","type-page","status-publish","hentry"],"post_mailing_queue_ids":[],"_links":{"self":[{"href":"https:\/\/agora.xtec.cat\/ceecftflordemaig\/wp-json\/wp\/v2\/pages\/49","targetHints":{"allow":["GET"]}}],"collection":[{"href":"https:\/\/agora.xtec.cat\/ceecftflordemaig\/wp-json\/wp\/v2\/pages"}],"about":[{"href":"https:\/\/agora.xtec.cat\/ceecftflordemaig\/wp-json\/wp\/v2\/types\/page"}],"author":[{"embeddable":true,"href":"https:\/\/agora.xtec.cat\/ceecftflordemaig\/wp-json\/wp\/v2\/users\/1"}],"replies":[{"embeddable":true,"href":"https:\/\/agora.xtec.cat\/ceecftflordemaig\/wp-json\/wp\/v2\/comments?post=49"}],"version-history":[{"count":5,"href":"https:\/\/agora.xtec.cat\/ceecftflordemaig\/wp-json\/wp\/v2\/pages\/49\/revisions"}],"predecessor-version":[{"id":2315,"href":"https:\/\/agora.xtec.cat\/ceecftflordemaig\/wp-json\/wp\/v2\/pages\/49\/revisions\/2315"}],"up":[{"embeddable":true,"href":"https:\/\/agora.xtec.cat\/ceecftflordemaig\/wp-json\/wp\/v2\/pages\/19"}],"wp:attachment":[{"href":"https:\/\/agora.xtec.cat\/ceecftflordemaig\/wp-json\/wp\/v2\/media?parent=49"}],"curies":[{"name":"wp","href":"https:\/\/api.w.org\/{rel}","templated":true}]}}