{"id":46,"date":"2014-09-17T16:53:45","date_gmt":"2014-09-17T16:53:45","guid":{"rendered":"http:\/\/agora.xtec.cat\/ceecftflordemaig\/?page_id=46"},"modified":"2026-04-16T15:29:50","modified_gmt":"2026-04-16T13:29:50","slug":"organigrama","status":"publish","type":"page","link":"https:\/\/agora.xtec.cat\/ceecftflordemaig\/linstitut\/organigrama\/","title":{"rendered":"Organigrama"},"content":{"rendered":"<p><em><strong>EQUIP DIRECTIU I COORDINADORES<\/strong><\/em><\/p>\n<ul>\n<li>Direcci\u00f3: Esther Vizcaino<\/li>\n<li>Secret\u00e0ria docent: Anna Casellas<\/li>\n<li>Cap d&#8217;estudis: Daniel Sarabia<\/li>\n<li>Coordinadora d&#8217;ESO: X\u00e8nia Delgado<\/li>\n<li>Coordinador de PFI: Maite Forn\u00e9<\/li>\n<li>Coordinadora LIC: Alba Sanchez<\/li>\n<\/ul>\n<p><em><strong>ESO<\/strong><\/em><\/p>\n<ul>\n<li>Tutors de 1r Cicle de l&#8217;ESO\n<ul>\n<li>1r A: Cristina Gonz\u00e1lez\n<ul>\n<li style=\"list-style-type: none;\">\n<ul>\n<li>Suport: Meritxell Llaurens<\/li>\n<\/ul>\n<\/li>\n<\/ul>\n<\/li>\n<li>1r B: M\u00edriam S\u00e1nchez\n<ul>\n<li style=\"list-style-type: none;\">\n<ul>\n<li>Suport Miguel \u00c1ngel Fern\u00e1ndez<\/li>\n<\/ul>\n<\/li>\n<\/ul>\n<\/li>\n<\/ul>\n<\/li>\n<li>Tutores de 2n Cicle de l&#8217;ESO\n<ul>\n<li>3r: X\u00e8nia Delgado\n<ul>\n<li>Suport: N\u00e0dia Iduriaga \/ Cristina L\u00f3pez<\/li>\n<\/ul>\n<\/li>\n<li>4t A: Marta Culi\n<ul>\n<li>Suport:N\u00e0dia Iduriaga \/ Cristina L\u00f3pez<\/li>\n<\/ul>\n<\/li>\n<li>4t B: Alba S\u00e1nchez\n<ul>\n<li>Suport: Manolita P\u00e9rez<\/li>\n<\/ul>\n<\/li>\n<\/ul>\n<\/li>\n<li>Especialistes\n<ul>\n<li>Especialista d&#8217;Educaci\u00f3 F\u00edsica: Miquel \u00c0ngel Fern\u00e1ndez<\/li>\n<li>Especialista d&#8217;Angl\u00e8s: Meritxell Llaurens<\/li>\n<li>Especialista de m\u00fasica: Manolita P\u00e9rez<\/li>\n<\/ul>\n<\/li>\n<\/ul>\n<p><em><strong>FL<\/strong><\/em><\/p>\n<ul style=\"list-style-type: disc;\">\n<li>Tutors\/es de FL:\n<ul>\n<li>AFMIE:Cristina Arruga<\/li>\n<li>AVOAP: Gemma Rubio<\/li>\n<li>AAGS: Yolanda Mota<\/li>\n<li>ACAP: Anna Barba<\/li>\n<li>AEHR: Maite Forn\u00e9<\/li>\n<li>ATFIM: Sandra Gonz\u00e1lez<\/li>\n<li>PTVA 1: Sara Gim\u00e9nez<\/li>\n<li>PTVA 2: M\u00edriam Romero<\/li>\n<\/ul>\n<\/li>\n<li>Altres Professors de FL\n<ul>\n<li>Anna Casellas<\/li>\n<li>Leyre Hern\u00e1ndez<\/li>\n<li>Alberto Artu\u00f1edo<\/li>\n<li>M\u00edriam Romero<\/li>\n<li>G\u00e9nesis Guzm\u00e1n<\/li>\n<\/ul>\n<\/li>\n<li>Orientadora:<\/li>\n<li>Especialistes\n<ul>\n<li>Especialista d&#8217;Angl\u00e8s: Leyre Hern\u00e1ndez<\/li>\n<li>Tic: Cristina Navarro<\/li>\n<\/ul>\n<\/li>\n<li>Educadors\n<ul style=\"list-style-type: circle;\">\n<li>Ona Ferr\u00e9<\/li>\n<li>Mar Hern\u00e1ndez<\/li>\n<li>S\u00edlvia L\u00f3pez<\/li>\n<\/ul>\n<\/li>\n<li>PAS\n<ul>\n<li>Administratiu: Sandro Cano<\/li>\n<li>Conserge: Joel Sunyer Quir\u00f3s<\/li>\n<\/ul>\n<\/li>\n<\/ul>\n<p><!--a=1--><\/p>\n","protected":false},"excerpt":{"rendered":"<p>EQUIP DIRECTIU I COORDINADORES<\/p>\n<ul>\n<li>Direcci\u00f3: Esther Vizcaino<\/li>\n<li>Secret\u00e0ria docent: Anna Casellas<\/li>\n<li>Cap d&#8217;estudis: Daniel Sarabia<\/li>\n<li>Coordinadora d&#8217;ESO: X\u00e8nia Delgado<\/li>\n<li>Coordinador de PFI: Maite Forn\u00e9<\/li>\n<li>Coordinadora LIC: Alba Sanchez<\/li>\n<\/ul>\n<p>ESO<\/p>\n<ul>\n<li>Tutors de 1r Cicle de l&#8217;ESO\n<ul>\n<li>1r A: Cristina Gonz\u00e1lez\n<ul>\n<li style=\"list-style-type: none;\">\n<ul>\n<li>Suport: Meritxell Llaurens<\/li>\n<\/ul>\n<\/li>\n<\/ul>\n<\/li>\n<li>1r B: M\u00edriam S\u00e1nchez\n<ul>\n<li style=\"list-style-type: none;\">\n<ul>\n<li>Suport Miguel \u00c1ngel Fern\u00e1ndez<\/li>\n<\/ul>\n<\/li>\n<\/ul>\n<\/li>\n<\/ul>\n<\/li>\n<li>Tutores de 2n Cicle&hellip;  <a href=\"https:\/\/agora.xtec.cat\/ceecftflordemaig\/linstitut\/organigrama\/\" title=\"Read Organigrama\">Llegeix m\u00e9s\u00bb<\/a><br \/>\n","protected":false},"author":1,"featured_media":0,"parent":19,"menu_order":50,"comment_status":"closed","ping_status":"closed","template":"page-templates\/side-menu.php","meta":{"_bbp_topic_count":0,"_bbp_reply_count":0,"_bbp_total_topic_count":0,"_bbp_total_reply_count":0,"_bbp_voice_count":0,"_bbp_anonymous_reply_count":0,"_bbp_topic_count_hidden":0,"_bbp_reply_count_hidden":0,"_bbp_forum_subforum_count":0,"footnotes":""},"class_list":["post-46","page","type-page","status-publish","hentry"],"post_mailing_queue_ids":[],"_links":{"self":[{"href":"https:\/\/agora.xtec.cat\/ceecftflordemaig\/wp-json\/wp\/v2\/pages\/46","targetHints":{"allow":["GET"]}}],"collection":[{"href":"https:\/\/agora.xtec.cat\/ceecftflordemaig\/wp-json\/wp\/v2\/pages"}],"about":[{"href":"https:\/\/agora.xtec.cat\/ceecftflordemaig\/wp-json\/wp\/v2\/types\/page"}],"author":[{"embeddable":true,"href":"https:\/\/agora.xtec.cat\/ceecftflordemaig\/wp-json\/wp\/v2\/users\/1"}],"replies":[{"embeddable":true,"href":"https:\/\/agora.xtec.cat\/ceecftflordemaig\/wp-json\/wp\/v2\/comments?post=46"}],"version-history":[{"count":9,"href":"https:\/\/agora.xtec.cat\/ceecftflordemaig\/wp-json\/wp\/v2\/pages\/46\/revisions"}],"predecessor-version":[{"id":2467,"href":"https:\/\/agora.xtec.cat\/ceecftflordemaig\/wp-json\/wp\/v2\/pages\/46\/revisions\/2467"}],"up":[{"embeddable":true,"href":"https:\/\/agora.xtec.cat\/ceecftflordemaig\/wp-json\/wp\/v2\/pages\/19"}],"wp:attachment":[{"href":"https:\/\/agora.xtec.cat\/ceecftflordemaig\/wp-json\/wp\/v2\/media?parent=46"}],"curies":[{"name":"wp","href":"https:\/\/api.w.org\/{rel}","templated":true}]}}