{"id":337,"date":"2016-02-13T12:59:44","date_gmt":"2016-02-13T11:59:44","guid":{"rendered":"http:\/\/agora.xtec.cat\/ceecftflordemaig\/?page_id=337"},"modified":"2018-04-13T09:24:53","modified_gmt":"2018-04-13T07:24:53","slug":"treball-per-projectes","status":"publish","type":"page","link":"https:\/\/agora.xtec.cat\/ceecftflordemaig\/estudis\/eso\/2n-cicle-deso\/treball-per-projectes\/","title":{"rendered":"Treball per projectes"},"content":{"rendered":"<p>El treball per projectes \u00e9s una disciplina que el que pret\u00e9n \u00e9s que els alumnes siguin els protagonistes del seu proc\u00e9s d\u2019ensenyament i aprenentatge, tot investigant i reflexionant al voltant d\u2019un tema, i per tant,\u00a0 no realitzant assignatures per separat, sin\u00f3 que es treballen continguts de forma globalitzada tal i com passa en la nostra vida quotidiana. Aquesta metodologia d\u00f3na l&#8217;oportunitat als infants i als adolescents d&#8217;escollir quins temes volen treballar i qu\u00e8 els interessa i aix\u00f2 fa que tot el que aprenen tingui un significat per a ells i elles.<\/p>\n<p>El treball mitjan\u00e7ant aquesta metodologia ens permet, a banda de treballar els continguts d\u2019una forma interdisciplinar, tractar altres continguts actitudinals i de valors com ara, el treball en equip, el pensament cr\u00edtic, l\u2019autonomia, la inciativa a l\u2019hora de resoldre problemes, etc.<\/p>\n<p>Al nostre centre treballen per projectes \u00fanicament els alumnes de 2n cicle realitzant 8h d\u2019aquesta \u00e0rea a la setmana. Habitualment es treballa amb el grup-classe tot i que a vegades ens barregem per interessos depenent del tema que iniciem. Tot i que es tracti d\u2019una metodologia on els alumnes han d\u2019investigar, el mestre far\u00e0 el guiatge pertinent en cada cas i adaptar\u00e0 activitats i continguts per als alumnes que ho necessitin.<\/p>\n<p><a href=\"http:\/\/agora.xtec.cat\/ceecftflordemaig\/wp-content\/uploads\/usu700\/2016\/02\/dibus.png\"><img loading=\"lazy\" decoding=\"async\" class=\"alignnone size-full wp-image-338\" src=\"http:\/\/agora.xtec.cat\/ceecftflordemaig\/wp-content\/uploads\/usu700\/2016\/02\/dibus.png\" alt=\"dibus\" width=\"400\" height=\"300\" srcset=\"https:\/\/agora.xtec.cat\/ceecftflordemaig\/wp-content\/uploads\/usu700\/2016\/02\/dibus.png 400w, https:\/\/agora.xtec.cat\/ceecftflordemaig\/wp-content\/uploads\/usu700\/2016\/02\/dibus-300x225.png 300w, https:\/\/agora.xtec.cat\/ceecftflordemaig\/wp-content\/uploads\/usu700\/2016\/02\/dibus-200x150.png 200w\" sizes=\"auto, (max-width: 400px) 100vw, 400px\" \/><\/a><a href=\"http:\/\/agora.xtec.cat\/ceecftflordemaig\/wp-content\/uploads\/usu700\/2016\/02\/imma1.jpeg\"><img loading=\"lazy\" decoding=\"async\" class=\"alignnone size-full wp-image-339\" src=\"http:\/\/agora.xtec.cat\/ceecftflordemaig\/wp-content\/uploads\/usu700\/2016\/02\/imma1.jpeg\" alt=\"imma1\" width=\"400\" height=\"300\" srcset=\"https:\/\/agora.xtec.cat\/ceecftflordemaig\/wp-content\/uploads\/usu700\/2016\/02\/imma1.jpeg 400w, https:\/\/agora.xtec.cat\/ceecftflordemaig\/wp-content\/uploads\/usu700\/2016\/02\/imma1-300x225.jpeg 300w, https:\/\/agora.xtec.cat\/ceecftflordemaig\/wp-content\/uploads\/usu700\/2016\/02\/imma1-200x150.jpeg 200w\" sizes=\"auto, (max-width: 400px) 100vw, 400px\" \/><\/a><\/p>\n","protected":false},"excerpt":{"rendered":"<p>El treball per projectes \u00e9s una disciplina que el que pret\u00e9n \u00e9s que els alumnes siguin els protagonistes del seu proc\u00e9s d\u2019ensenyament i aprenentatge, tot investigant i reflexionant al voltant d\u2019un tema, i per tant,\u00a0 no realitzant assignatures per separat, sin\u00f3 que es treballen continguts&hellip;  <a href=\"https:\/\/agora.xtec.cat\/ceecftflordemaig\/estudis\/eso\/2n-cicle-deso\/treball-per-projectes\/\" title=\"Read Treball per projectes\">Llegeix m\u00e9s\u00bb<\/a><\/p>\n","protected":false},"author":1,"featured_media":0,"parent":837,"menu_order":10,"comment_status":"closed","ping_status":"closed","template":"","meta":{"_bbp_topic_count":0,"_bbp_reply_count":0,"_bbp_total_topic_count":0,"_bbp_total_reply_count":0,"_bbp_voice_count":0,"_bbp_anonymous_reply_count":0,"_bbp_topic_count_hidden":0,"_bbp_reply_count_hidden":0,"_bbp_forum_subforum_count":0,"footnotes":""},"class_list":["post-337","page","type-page","status-publish","hentry"],"post_mailing_queue_ids":[],"_links":{"self":[{"href":"https:\/\/agora.xtec.cat\/ceecftflordemaig\/wp-json\/wp\/v2\/pages\/337","targetHints":{"allow":["GET"]}}],"collection":[{"href":"https:\/\/agora.xtec.cat\/ceecftflordemaig\/wp-json\/wp\/v2\/pages"}],"about":[{"href":"https:\/\/agora.xtec.cat\/ceecftflordemaig\/wp-json\/wp\/v2\/types\/page"}],"author":[{"embeddable":true,"href":"https:\/\/agora.xtec.cat\/ceecftflordemaig\/wp-json\/wp\/v2\/users\/1"}],"replies":[{"embeddable":true,"href":"https:\/\/agora.xtec.cat\/ceecftflordemaig\/wp-json\/wp\/v2\/comments?post=337"}],"version-history":[{"count":1,"href":"https:\/\/agora.xtec.cat\/ceecftflordemaig\/wp-json\/wp\/v2\/pages\/337\/revisions"}],"predecessor-version":[{"id":341,"href":"https:\/\/agora.xtec.cat\/ceecftflordemaig\/wp-json\/wp\/v2\/pages\/337\/revisions\/341"}],"up":[{"embeddable":true,"href":"https:\/\/agora.xtec.cat\/ceecftflordemaig\/wp-json\/wp\/v2\/pages\/837"}],"wp:attachment":[{"href":"https:\/\/agora.xtec.cat\/ceecftflordemaig\/wp-json\/wp\/v2\/media?parent=337"}],"curies":[{"name":"wp","href":"https:\/\/api.w.org\/{rel}","templated":true}]}}