{"id":195,"date":"2014-09-22T10:39:39","date_gmt":"2014-09-22T10:39:39","guid":{"rendered":"http:\/\/agora.xtec.cat\/ceecftflordemaig\/?page_id=195"},"modified":"2018-04-16T11:31:00","modified_gmt":"2018-04-16T09:31:00","slug":"estudis","status":"publish","type":"page","link":"https:\/\/agora.xtec.cat\/ceecftflordemaig\/estudis\/","title":{"rendered":"Estudis"},"content":{"rendered":"<p>El Centre orienta l&#8217;oferta educativa a <em>joves amb diversitat funcional<\/em>, en una doble vessant; per una part du a terme l&#8217;activitat docent en el marc de l&#8217;<strong>E<\/strong><strong>nsenyament de la Secundaria Obligat\u00f2ria<\/strong> modificada, (<strong>ESO<\/strong>) , i tamb\u00e9 ensenyaments de processos formatius per al treball i per a la vida adulta, <strong>Programes de Formaci\u00f3 Professional Inicial<\/strong>, (<strong>FPI<\/strong>).<\/p>\n<p>Les dues etapes ofertades configuren un projecte educatiu que t\u00e9 com a missi\u00f3 fonamental la promoci\u00f3, potenciaci\u00f3, implementaci\u00f3 i desenvolupament de programes i accions educatives amb la finalitat de millorar i enfortir el coneixement de la realitat que conforma el m\u00f3n de les persones amb diversitat funcional i cap a la consecuci\u00f3 d&#8217;un objectiu integrador.<\/p>\n<p><strong>Els processos de preinscripci\u00f3 i matriculaci\u00f3<\/strong> es regulen mitjan\u00e7ant resoluci\u00f3 de l&#8217;Administraci\u00f3 Educativa.<\/p>\n<p>L\u2019\u00e0rea d\u2019influ\u00e8ncia del centre \u00e9s: Castellbisbal, Rubi, Cerdanyola del Vall\u00e8s i Sant Cugat del Vall\u00e8s.<\/p>\n<p>L&#8217;Equip d&#8217;Assessorament Psicol\u00f2gic (EAP) de Cerdanyola del Vall\u00e8s B-44, es responsabilitza d&#8217;acollir i formalitzar les demandes i, conjuntament amb la inspecci\u00f3 educativa del Departament d&#8217;Educaci\u00f3 de la Generalitat de Catalunya, i el propi Centre, avaluar-ne la idone\u00eftat, sempre en funci\u00f3 a les possibilitats educatives del noi\/a.<\/p>\n","protected":false},"excerpt":{"rendered":"<p>El Centre orienta l&#8217;oferta educativa a joves amb diversitat funcional, en una doble vessant; per una part du a terme l&#8217;activitat docent en el marc de l&#8217;Ensenyament de la Secundaria Obligat\u00f2ria modificada, (ESO) , i tamb\u00e9 ensenyaments de processos formatius per al treball i per&hellip;  <a href=\"https:\/\/agora.xtec.cat\/ceecftflordemaig\/estudis\/\" title=\"Read Estudis\">Llegeix m\u00e9s\u00bb<\/a><\/p>\n","protected":false},"author":1,"featured_media":0,"parent":0,"menu_order":0,"comment_status":"closed","ping_status":"closed","template":"page-templates\/side-menu.php","meta":{"_bbp_topic_count":0,"_bbp_reply_count":0,"_bbp_total_topic_count":0,"_bbp_total_reply_count":0,"_bbp_voice_count":0,"_bbp_anonymous_reply_count":0,"_bbp_topic_count_hidden":0,"_bbp_reply_count_hidden":0,"_bbp_forum_subforum_count":0,"footnotes":""},"class_list":["post-195","page","type-page","status-publish","hentry"],"post_mailing_queue_ids":[],"_links":{"self":[{"href":"https:\/\/agora.xtec.cat\/ceecftflordemaig\/wp-json\/wp\/v2\/pages\/195","targetHints":{"allow":["GET"]}}],"collection":[{"href":"https:\/\/agora.xtec.cat\/ceecftflordemaig\/wp-json\/wp\/v2\/pages"}],"about":[{"href":"https:\/\/agora.xtec.cat\/ceecftflordemaig\/wp-json\/wp\/v2\/types\/page"}],"author":[{"embeddable":true,"href":"https:\/\/agora.xtec.cat\/ceecftflordemaig\/wp-json\/wp\/v2\/users\/1"}],"replies":[{"embeddable":true,"href":"https:\/\/agora.xtec.cat\/ceecftflordemaig\/wp-json\/wp\/v2\/comments?post=195"}],"version-history":[{"count":2,"href":"https:\/\/agora.xtec.cat\/ceecftflordemaig\/wp-json\/wp\/v2\/pages\/195\/revisions"}],"predecessor-version":[{"id":780,"href":"https:\/\/agora.xtec.cat\/ceecftflordemaig\/wp-json\/wp\/v2\/pages\/195\/revisions\/780"}],"wp:attachment":[{"href":"https:\/\/agora.xtec.cat\/ceecftflordemaig\/wp-json\/wp\/v2\/media?parent=195"}],"curies":[{"name":"wp","href":"https:\/\/api.w.org\/{rel}","templated":true}]}}