{"id":19,"date":"2014-09-17T14:56:56","date_gmt":"2014-09-17T14:56:56","guid":{"rendered":"http:\/\/agora.xtec.cat\/ceecftflordemaig\/?page_id=19"},"modified":"2025-03-12T11:04:30","modified_gmt":"2025-03-12T10:04:30","slug":"linstitut","status":"publish","type":"page","link":"https:\/\/agora.xtec.cat\/ceecftflordemaig\/","title":{"rendered":"El centre"},"content":{"rendered":"<p><strong><a href=\"https:\/\/agora.xtec.cat\/ceecftflordemaig\/wp-content\/uploads\/usu700\/2025\/03\/Diseno-sin-titulo-14.png\"><img loading=\"lazy\" decoding=\"async\" class=\"wp-image-2378 alignleft\" src=\"https:\/\/agora.xtec.cat\/ceecftflordemaig\/wp-content\/uploads\/usu700\/2025\/03\/Diseno-sin-titulo-14-212x300.png\" alt=\"\" width=\"127\" height=\"179\" srcset=\"https:\/\/agora.xtec.cat\/ceecftflordemaig\/wp-content\/uploads\/usu700\/2025\/03\/Diseno-sin-titulo-14-212x300.png 212w, https:\/\/agora.xtec.cat\/ceecftflordemaig\/wp-content\/uploads\/usu700\/2025\/03\/Diseno-sin-titulo-14-724x1024.png 724w, https:\/\/agora.xtec.cat\/ceecftflordemaig\/wp-content\/uploads\/usu700\/2025\/03\/Diseno-sin-titulo-14-768x1086.png 768w, https:\/\/agora.xtec.cat\/ceecftflordemaig\/wp-content\/uploads\/usu700\/2025\/03\/Diseno-sin-titulo-14-1086x1536.png 1086w, https:\/\/agora.xtec.cat\/ceecftflordemaig\/wp-content\/uploads\/usu700\/2025\/03\/Diseno-sin-titulo-14-1448x2048.png 1448w, https:\/\/agora.xtec.cat\/ceecftflordemaig\/wp-content\/uploads\/usu700\/2025\/03\/Diseno-sin-titulo-14.png 1587w\" sizes=\"auto, (max-width: 127px) 100vw, 127px\" \/><\/a>Matr\u00edcula per al curs 2025-26 <\/strong><\/p>\n<p>Oferta de places al Vall\u00e8s Occidental:<\/p>\n<p><a href=\"https:\/\/tauler.seu-e.cat\/detall?idEns=1&amp;idEdicte=553275\" target=\"_blank\" rel=\"noopener\">AQU\u00cd<\/a><\/p>\n<p>Obert el per\u00edode de preinscripci\u00f3 per a nou alumnat d&#8217;ESO a partir del divendres 14-03-2025.<\/p>\n<p>Emplenar el seg\u00fcent formulari: <a href=\"https:\/\/documents.espai.educacio.gencat.cat\/FormularisModels\/CentresGestioAdministrativa\/A908.pdf\" target=\"_blank\" rel=\"noopener\">https:\/\/documents.espai.educacio.gencat.cat\/FormularisModels\/CentresGestioAdministrativa\/A908.pdf<\/a><\/p>\n<p>Teniu <strong>dues opcions<\/strong> de lliurar-lo:<\/p>\n<p><strong>Opci\u00f3 1:<\/strong> dur-lo presencialment a Serveis Territorials del Departament d&#8217;educaci\u00f3 al Vall\u00e8s Occidental. (Marqu\u00e9s de Comillas, 67-69 de Sabadell)<\/p>\n<p><strong>Opci\u00f3 2:<\/strong> Per internet mitjan\u00e7ant el seg\u00fcent enlla\u00e7:<\/p>\n<p><a href=\"https:\/\/web.gencat.cat\/ca\/tramits\/tramits-temes\/Peticio-generica\" target=\"_blank\" rel=\"noopener\">https:\/\/web.gencat.cat\/ca\/tramits\/tramits-temes\/Peticio-generica<\/a><\/p>\n<p>&nbsp;<\/p>\n","protected":false},"excerpt":{"rendered":"<p><a href=\"https:\/\/agora.xtec.cat\/ceecftflordemaig\/wp-content\/uploads\/usu700\/2025\/03\/Diseno-sin-titulo-14.png\"><\/a>Matr\u00edcula per al curs 2025-26<br \/>\nOferta de places al Vall\u00e8s Occidental:<br \/>\n<a href=\"https:\/\/tauler.seu-e.cat\/detall?idEns=1&amp;idEdicte=553275\" target=\"_blank\" rel=\"noopener\">AQU\u00cd<\/a><br \/>\nObert el per\u00edode de preinscripci\u00f3 per a nou alumnat d&#8217;ESO a partir del divendres 14-03-2025.<br \/>\nEmplenar el seg\u00fcent formulari: <a href=\"https:\/\/documents.espai.educacio.gencat.cat\/FormularisModels\/CentresGestioAdministrativa\/A908.pdf\" target=\"_blank\" rel=\"noopener\">https:\/\/documents.espai.educacio.gencat.cat\/FormularisModels\/CentresGestioAdministrativa\/A908.pdf<\/a><br \/>\nTeniu dues opcions de lliurar-lo:<br \/>\nOpci\u00f3 1: dur-lo presencialment a Serveis&hellip;  <a href=\"https:\/\/agora.xtec.cat\/ceecftflordemaig\/\" title=\"Read El centre\">Llegeix m\u00e9s\u00bb<\/a><\/p>\n","protected":false},"author":1,"featured_media":0,"parent":0,"menu_order":0,"comment_status":"closed","ping_status":"closed","template":"page-templates\/front-page.php","meta":{"_bbp_topic_count":0,"_bbp_reply_count":0,"_bbp_total_topic_count":0,"_bbp_total_reply_count":0,"_bbp_voice_count":0,"_bbp_anonymous_reply_count":0,"_bbp_topic_count_hidden":0,"_bbp_reply_count_hidden":0,"_bbp_forum_subforum_count":0,"footnotes":""},"class_list":["post-19","page","type-page","status-publish","hentry"],"post_mailing_queue_ids":[],"_links":{"self":[{"href":"https:\/\/agora.xtec.cat\/ceecftflordemaig\/wp-json\/wp\/v2\/pages\/19","targetHints":{"allow":["GET"]}}],"collection":[{"href":"https:\/\/agora.xtec.cat\/ceecftflordemaig\/wp-json\/wp\/v2\/pages"}],"about":[{"href":"https:\/\/agora.xtec.cat\/ceecftflordemaig\/wp-json\/wp\/v2\/types\/page"}],"author":[{"embeddable":true,"href":"https:\/\/agora.xtec.cat\/ceecftflordemaig\/wp-json\/wp\/v2\/users\/1"}],"replies":[{"embeddable":true,"href":"https:\/\/agora.xtec.cat\/ceecftflordemaig\/wp-json\/wp\/v2\/comments?post=19"}],"version-history":[{"count":6,"href":"https:\/\/agora.xtec.cat\/ceecftflordemaig\/wp-json\/wp\/v2\/pages\/19\/revisions"}],"predecessor-version":[{"id":2383,"href":"https:\/\/agora.xtec.cat\/ceecftflordemaig\/wp-json\/wp\/v2\/pages\/19\/revisions\/2383"}],"wp:attachment":[{"href":"https:\/\/agora.xtec.cat\/ceecftflordemaig\/wp-json\/wp\/v2\/media?parent=19"}],"curies":[{"name":"wp","href":"https:\/\/api.w.org\/{rel}","templated":true}]}}