{"id":864,"date":"2025-07-29T14:49:24","date_gmt":"2025-07-29T12:49:24","guid":{"rendered":"https:\/\/agora.xtec.cat\/ceecanvila\/?page_id=864"},"modified":"2025-12-08T17:13:07","modified_gmt":"2025-12-08T16:13:07","slug":"articles","status":"publish","type":"page","link":"https:\/\/agora.xtec.cat\/ceecanvila\/articles\/","title":{"rendered":"Articles"},"content":{"rendered":"\n<p><\/p>\n\n\n\n<p><a href=\"https:\/\/agora.xtec.cat\/ceecanvila\/portada\/el-pessebre-a-lajuntament-2025\/\">Pessebre Ajuntament de Mollet 2025 <\/a><\/p>\n\n\n\n<p><a href=\"https:\/\/agora.xtec.cat\/ceecanvila\/general\/noticia-valles-visio-dia-de-la-discapacitat-2025\/\">Not\u00edcia Vall\u00e8s Visi\u00f3 Dia de la Discapacitat 3-12-2025<\/a><\/p>\n\n\n\n<p><a href=\"https:\/\/agora.xtec.cat\/ceecanvila\/general\/dia-de-la-discapacitat-3-12-2025\/\">Dia de la Discapacitat 3-12-25<\/a><\/p>\n\n\n\n<p><a href=\"https:\/\/agora.xtec.cat\/ceecanvila\/general\/educacio-viaria-primaria-2n-cicle\/\">Educaci\u00f3 Vi\u00e0ria Prim\u00e0ria Segon Cicle <\/a>  <\/p>\n\n\n\n<p><a href=\"https:\/\/agora.xtec.cat\/ceecanvila\/articles\/calendari-escolar-25-26\/\">Calendari Escolar 25-26<\/a><\/p>\n\n\n\n<p><a href=\"https:\/\/agora.xtec.cat\/ceecanvila\/portada\/activitats-amb-la-biblioteca-de-can-butjosa-2\/\">Activitats amb la Biblioteca de Can Butjosa<\/a><\/p>\n\n\n\n<p><a href=\"https:\/\/agora.xtec.cat\/ceecanvila\/portada\/jornades-darts-plastiques\/\">Jornades d&#8217;Arts Pl\u00e0stiques<\/a><\/p>\n\n\n\n<p><a href=\"https:\/\/agora.xtec.cat\/ceecanvila\/articles\/decathlon-2\/\">Decathlon<\/a><\/p>\n\n\n\n<p><a href=\"https:\/\/agora.xtec.cat\/ceecanvila\/ampa\/ii-jornada-de-families-2\/\">II Jornada Fam\u00edlies<\/a><\/p>\n\n\n\n<p><a href=\"https:\/\/agora.xtec.cat\/ceecanvila\/portada\/concurs-bbva-de-dibuix-escolar-2\/\">Concurs BBVA de Dibuix Escolar<\/a><\/p>\n\n\n\n<p><a href=\"https:\/\/agora.xtec.cat\/ceecanvila\/articles\/premis-baldiri-2\/\">Premis Baldiri<\/a><\/p>\n\n\n\n<p><a href=\"https:\/\/agora.xtec.cat\/ceecanvila\/articles\/fira-de-sant-ponc-entrevista-a-radio-mollet-2\/\">Fira de Sant Pon\u00e7 &#8211; Entrevista a R\u00e0dio Mollet<\/a><br><\/p>\n\n\n\n<p><a href=\"https:\/\/agora.xtec.cat\/ceecanvila\/articles\/departament-dhabilitats-basiques-i-dinteraccio-amb-lentorn\/\" data-type=\"link\" data-id=\"https:\/\/agora.xtec.cat\/ceecanvila\/articles\/departament-dhabilitats-basiques-i-dinteraccio-amb-lentorn\/\">Departament d&#8217;Habilitats B\u00e0siques i d&#8217;Interacci\u00f3 amb l&#8217;Entorn<\/a><\/p>\n\n\n\n<p><a href=\"https:\/\/agora.xtec.cat\/ceecanvila\/articles\/ins-vilatzara\/\" data-type=\"link\" data-id=\"https:\/\/agora.xtec.cat\/ceecanvila\/articles\/ins-vilatzara\/\">INS Vilatzara <\/a><\/p>\n\n\n\n<p><a href=\"https:\/\/agora.xtec.cat\/ceecanvila\/articles\/teatre-aei\/\" data-type=\"link\" data-id=\"https:\/\/agora.xtec.cat\/ceecanvila\/articles\/teatre-aei\/\">Teatre AEI<\/a><\/p>\n\n\n\n<p><a href=\"https:\/\/agora.xtec.cat\/ceecanvila\/articles\/carnestoltes-24-25\/\" data-type=\"link\" data-id=\"https:\/\/agora.xtec.cat\/ceecanvila\/articles\/carnestoltes-24-25\/\">Carnestoltes 24-25<\/a><\/p>\n\n\n\n<p><a href=\"https:\/\/agora.xtec.cat\/ceecanvila\/articles\/la-sala-sensorial\/\" data-type=\"link\" data-id=\"https:\/\/agora.xtec.cat\/ceecanvila\/articles\/la-sala-sensorial\/\">La sala sensorial<\/a><\/p>\n\n\n\n<p><a href=\"https:\/\/agora.xtec.cat\/ceecanvila\/articles\/projecte-delements-de-natura\/\">Projecte d&#8217;elements de natura<\/a><\/p>\n\n\n\n<p><a href=\"https:\/\/agora.xtec.cat\/ceecanvila\/articles\/anem-al-liceu\/\">Anem al Liceu<\/a><\/p>\n\n\n\n<p><\/p>\n\n\n\n<p><a href=\"https:\/\/agora.xtec.cat\/ceecanvila\/articles\/psicomotricitat\/\" data-type=\"link\" data-id=\"https:\/\/agora.xtec.cat\/ceecanvila\/articles\/psicomotricitat\/\">Psicomotricitat<\/a><\/p>\n\n\n\n<p><a href=\"https:\/\/agora.xtec.cat\/ceecanvila\/articles\/pessebre-24-25-2\/\" data-type=\"link\" data-id=\"https:\/\/agora.xtec.cat\/ceecanvila\/articles\/pessebre-24-25-2\/\">Pessebre 24-25<\/a><\/p>\n\n\n\n<p><a href=\"https:\/\/www.molletvalles.cat\/ca\/actualitat\/noticies\/l2019ajuntament-de-mollet-guanya-la-sentencia-contra-la-generalitat-per-l2019escola-d2019educacio-especial-can-vila\" data-type=\"link\" data-id=\"https:\/\/www.molletvalles.cat\/ca\/actualitat\/noticies\/l2019ajuntament-de-mollet-guanya-la-sentencia-contra-la-generalitat-per-l2019escola-d2019educacio-especial-can-vila\">Sent\u00e8ncia dels edificis de l&#8217;escola<\/a><\/p>\n\n\n\n<p><a href=\"https:\/\/agora.xtec.cat\/ceecanvila\/articles\/recollida-de-taps-2023\/\" data-type=\"link\" data-id=\"https:\/\/agora.xtec.cat\/ceecanvila\/articles\/recollida-de-taps-2023\/\">Recollida de Taps 2023<\/a><\/p>\n\n\n\n<p><a href=\"https:\/\/agora.xtec.cat\/ceecanvila\/general\/jornada-de-bones-practiques-educatives-2023\/\" data-type=\"link\" data-id=\"https:\/\/agora.xtec.cat\/ceecanvila\/general\/jornada-de-bones-practiques-educatives-2023\/\">Jornada de bones pr\u00e0ctiques educatives 2023<\/a><\/p>\n\n\n\n<p><a href=\"https:\/\/agora.xtec.cat\/ceecanvila\/articles\/imsd-premi-solidari-grup-social-once-catalunya-2022\/\" data-type=\"link\" data-id=\"https:\/\/agora.xtec.cat\/ceecanvila\/articles\/imsd-premi-solidari-grup-social-once-catalunya-2022\/\">IMSD Premi Solidari Grup Social ONCE Catalunya 2022<\/a><\/p>\n\n\n\n<p><a href=\"https:\/\/agora.xtec.cat\/ceecanvila\/articles\/xxviii-fira-dartesans-de-mollet\/\" data-type=\"link\" data-id=\"https:\/\/agora.xtec.cat\/ceecanvila\/articles\/xxviii-fira-dartesans-de-mollet\/\">XXVIII Fira d\u2019Artesans de Mollet<\/a><\/p>\n\n\n\n<p><a href=\"https:\/\/agora.xtec.cat\/ceecanvila\/articles\/recollida-de-taps\/\" data-type=\"link\" data-id=\"https:\/\/agora.xtec.cat\/ceecanvila\/articles\/recollida-de-taps\/\">Recollida de Taps<\/a> <\/p>\n\n\n\n<p><a href=\"https:\/\/agora.xtec.cat\/ceecanvila\/articles\/direccio-can-vila\/\">Direcci\u00f3 Can Vila<\/a><\/p>\n\n\n\n<p><a href=\"https:\/\/agora.xtec.cat\/ceecanvila\/articles\/homenatge-a-montse-tarres\/\" data-type=\"link\" data-id=\"https:\/\/agora.xtec.cat\/ceecanvila\/articles\/homenatge-a-montse-tarres\/\">Homenatge a Montse Tarr\u00e9s <\/a><\/p>\n\n\n\n<p><a href=\"https:\/\/agora.xtec.cat\/ceecanvila\/general\/montse-tarres\/\" data-type=\"link\" data-id=\"https:\/\/agora.xtec.cat\/ceecanvila\/general\/montse-tarres\/\">Montse Tarr\u00e9s <\/a><\/p>\n\n\n\n<p><a href=\"https:\/\/agora.xtec.cat\/ceecanvila\/articles\/sant-ponc-2021\/\" data-type=\"link\" data-id=\"https:\/\/agora.xtec.cat\/ceecanvila\/articles\/sant-ponc-2021\/\">Sant Pon\u00e7 2021<\/a><\/p>\n\n\n\n<p><a href=\"https:\/\/agora.xtec.cat\/ceecanvila\/wp-admin\/post.php?post=900&amp;action=edit\" data-type=\"link\" data-id=\"https:\/\/agora.xtec.cat\/ceecanvila\/wp-admin\/post.php?post=900&amp;action=edit\">8M- No hi ha excuses!!!<\/a><\/p>\n\n\n\n<p><a href=\"https:\/\/agora.xtec.cat\/ceecanvila\/articles\/prego-carnestoltes-2021\/\" data-type=\"link\" data-id=\"https:\/\/agora.xtec.cat\/ceecanvila\/articles\/prego-carnestoltes-2021\/\">Preg\u00f3 Carnestoltes 2021<\/a><\/p>\n\n\n\n<p><a href=\"https:\/\/agora.xtec.cat\/ceecanvila\/general\/sant-ponc-2020\/\">Sant Pon\u00e7 2020<\/a><\/p>\n\n\n\n<p><a href=\"https:\/\/agora.xtec.cat\/ceecanvila\/wp-admin\/post.php?post=882&amp;action=edit\" data-type=\"link\" data-id=\"https:\/\/agora.xtec.cat\/ceecanvila\/wp-admin\/post.php?post=882&amp;action=edit\">Dia de les persones amb discapacitat. 3 de Desembre de 2019<\/a><\/p>\n\n\n\n<p><a href=\"https:\/\/agora.xtec.cat\/ceecanvila\/articles\/reconeixement-de-serveis-socials-a-lajuntament-de-mollet\/\" data-type=\"link\" data-id=\"https:\/\/agora.xtec.cat\/ceecanvila\/articles\/reconeixement-de-serveis-socials-a-lajuntament-de-mollet\/\">Reconeixement de Serveis Socials a l&#8217;Ajuntament de Mollet <\/a><\/p>\n\n\n\n<p><a href=\"https:\/\/agora.xtec.cat\/ceecanvila\/general\/collaboracio-amazon\/\" data-type=\"link\" data-id=\"https:\/\/agora.xtec.cat\/ceecanvila\/general\/collaboracio-amazon\/\">Col\u00b7laboraci\u00f3 AMAZON<\/a><\/p>\n\n\n\n<p><a href=\"https:\/\/agora.xtec.cat\/ceecanvila\/general\/nit-de-lesport-millor-escola-can-vila\/\" data-type=\"link\" data-id=\"https:\/\/agora.xtec.cat\/ceecanvila\/general\/nit-de-lesport-millor-escola-can-vila\/\">Nit de l&#8217;Esport. Millor Escola &#8220;Can Vila&#8221;<\/a><\/p>\n\n\n\n<p><\/p>\n","protected":false},"excerpt":{"rendered":"<p>Pessebre Ajuntament de Mollet 2025 Not\u00edcia Vall\u00e8s Visi\u00f3 Dia de la Discapacitat 3-12-2025 Dia de la Discapacitat 3-12-25 Educaci\u00f3 Vi\u00e0ria Prim\u00e0ria Segon Cicle Calendari Escolar 25-26 Activitats amb la Biblioteca de Can Butjosa Jornades d&#8217;Arts Pl\u00e0stiques Decathlon II Jornada Fam\u00edlies Concurs BBVA de Dibuix Escolar Premis Baldiri Fira de Sant Pon\u00e7 &#8211; Entrevista a R\u00e0dio [&hellip;]<\/p>\n","protected":false},"author":1,"featured_media":0,"parent":0,"menu_order":0,"comment_status":"closed","ping_status":"close","template":"","meta":{"site-sidebar-layout":"default","site-content-layout":"","ast-site-content-layout":"default","site-content-style":"default","site-sidebar-style":"default","ast-global-header-display":"","ast-banner-title-visibility":"","ast-main-header-display":"","ast-hfb-above-header-display":"","ast-hfb-below-header-display":"","ast-hfb-mobile-header-display":"","site-post-title":"","ast-breadcrumbs-content":"","ast-featured-img":"","footer-sml-layout":"","theme-transparent-header-meta":"","adv-header-id-meta":"","stick-header-meta":"","header-above-stick-meta":"","header-main-stick-meta":"","header-below-stick-meta":"","astra-migrate-meta-layouts":"set","ast-page-background-enabled":"default","ast-page-background-meta":{"desktop":{"background-color":"var(--ast-global-color-4)","background-image":"","background-repeat":"repeat","background-position":"center center","background-size":"auto","background-attachment":"scroll","background-type":"","background-media":"","overlay-type":"","overlay-color":"","overlay-opacity":"","overlay-gradient":""},"tablet":{"background-color":"","background-image":"","background-repeat":"repeat","background-position":"center center","background-size":"auto","background-attachment":"scroll","background-type":"","background-media":"","overlay-type":"","overlay-color":"","overlay-opacity":"","overlay-gradient":""},"mobile":{"background-color":"","background-image":"","background-repeat":"repeat","background-position":"center center","background-size":"auto","background-attachment":"scroll","background-type":"","background-media":"","overlay-type":"","overlay-color":"","overlay-opacity":"","overlay-gradient":""}},"ast-content-background-meta":{"desktop":{"background-color":"var(--ast-global-color-5)","background-image":"","background-repeat":"repeat","background-position":"center center","background-size":"auto","background-attachment":"scroll","background-type":"","background-media":"","overlay-type":"","overlay-color":"","overlay-opacity":"","overlay-gradient":""},"tablet":{"background-color":"var(--ast-global-color-5)","background-image":"","background-repeat":"repeat","background-position":"center center","background-size":"auto","background-attachment":"scroll","background-type":"","background-media":"","overlay-type":"","overlay-color":"","overlay-opacity":"","overlay-gradient":""},"mobile":{"background-color":"var(--ast-global-color-5)","background-image":"","background-repeat":"repeat","background-position":"center center","background-size":"auto","background-attachment":"scroll","background-type":"","background-media":"","overlay-type":"","overlay-color":"","overlay-opacity":"","overlay-gradient":""}},"footnotes":""},"class_list":["post-864","page","type-page","status-publish","hentry"],"post_mailing_queue_ids":[],"_links":{"self":[{"href":"https:\/\/agora.xtec.cat\/ceecanvila\/wp-json\/wp\/v2\/pages\/864","targetHints":{"allow":["GET"]}}],"collection":[{"href":"https:\/\/agora.xtec.cat\/ceecanvila\/wp-json\/wp\/v2\/pages"}],"about":[{"href":"https:\/\/agora.xtec.cat\/ceecanvila\/wp-json\/wp\/v2\/types\/page"}],"author":[{"embeddable":true,"href":"https:\/\/agora.xtec.cat\/ceecanvila\/wp-json\/wp\/v2\/users\/1"}],"replies":[{"embeddable":true,"href":"https:\/\/agora.xtec.cat\/ceecanvila\/wp-json\/wp\/v2\/comments?post=864"}],"version-history":[{"count":6,"href":"https:\/\/agora.xtec.cat\/ceecanvila\/wp-json\/wp\/v2\/pages\/864\/revisions"}],"predecessor-version":[{"id":1271,"href":"https:\/\/agora.xtec.cat\/ceecanvila\/wp-json\/wp\/v2\/pages\/864\/revisions\/1271"}],"wp:attachment":[{"href":"https:\/\/agora.xtec.cat\/ceecanvila\/wp-json\/wp\/v2\/media?parent=864"}],"curies":[{"name":"wp","href":"https:\/\/api.w.org\/{rel}","templated":true}]}}