{"id":808,"date":"2025-07-25T14:15:03","date_gmt":"2025-07-25T12:15:03","guid":{"rendered":"https:\/\/agora.xtec.cat\/ceecanvila\/?page_id=808"},"modified":"2025-10-22T00:32:09","modified_gmt":"2025-10-21T22:32:09","slug":"autoritzacions-2","status":"publish","type":"page","link":"https:\/\/agora.xtec.cat\/ceecanvila\/autoritzacions-2\/","title":{"rendered":"Autoritzacions"},"content":{"rendered":"\n<p class=\"has-black-color has-text-color has-link-color wp-elements-a921eeb9bfd637699519d974102cc717\"><a href=\"https:\/\/drive.google.com\/file\/d\/1MA3OowMGlbCR6VwrCCsXolC5ie6t9HeO\/view?usp=sharing\">Autoritzaci\u00f3 de sortides i piscina<\/a><\/p>\n\n\n\n<p class=\"has-black-color has-text-color has-link-color wp-elements-4e07a4f7d4af7c7baf7bf7b4814cabba\"><a href=\"https:\/\/drive.google.com\/file\/d\/1IJEExBeo9rtjjSSG64wwfU82ufTnQPGo\/view?usp=sharing\">Autoritzaci\u00f3 d&#8217;\u00fas del correu electr\u00f2nic<\/a><\/p>\n\n\n\n<p class=\"has-black-color has-text-color has-link-color wp-elements-ec6aeeec9805a2b0ab103c0158b87738\"><a href=\"https:\/\/drive.google.com\/file\/d\/16PYqgUXdUfDl1SMqXs-T5Kblf_aM9GDZ\/view?usp=sharing\">Autoritzaci\u00f3 de medicaci\u00f3 habitual<\/a><\/p>\n\n\n\n<p class=\"has-black-color has-text-color has-link-color wp-elements-e796c3cf9e419d419c44be18840940ae\"><a href=\"https:\/\/drive.google.com\/file\/d\/1mBxxfH5LjTP-twu1ONIxi4Gq9zRgDPf_\/view?usp=sharing\">Autoritzaci\u00f3 puntual de medicaci\u00f3<\/a><\/p>\n\n\n\n<p class=\"has-black-color has-text-color has-link-color wp-elements-d9cddccb045b5d548d99cac6df4fbeb0\"><a href=\"https:\/\/drive.google.com\/file\/d\/1q8o7TtR2tPsBSE65R9KchNmOznUnSRot\/view?usp=sharing\">Protecci\u00f3 de dades<\/a><\/p>\n\n\n\n<p class=\"has-black-color has-text-color has-link-color wp-elements-d7d9c50358678103eb24e72d88643b05\"><a href=\"https:\/\/drive.google.com\/file\/d\/1w07H1rmd658yvEJYPc7453rqCk1e87lX\/view?usp=sharing\">Ordre de domiciliaci\u00f3 per fer pagaments (SEPA)<\/a><\/p>\n\n\n\n<p><\/p>\n","protected":false},"excerpt":{"rendered":"<p>Autoritzaci\u00f3 de sortides i piscina Autoritzaci\u00f3 d&#8217;\u00fas del correu electr\u00f2nic Autoritzaci\u00f3 de medicaci\u00f3 habitual Autoritzaci\u00f3 puntual de medicaci\u00f3 Protecci\u00f3 de dades Ordre de domiciliaci\u00f3 per fer pagaments (SEPA)<\/p>\n","protected":false},"author":1,"featured_media":0,"parent":0,"menu_order":0,"comment_status":"closed","ping_status":"close","template":"","meta":{"site-sidebar-layout":"default","site-content-layout":"","ast-site-content-layout":"default","site-content-style":"default","site-sidebar-style":"default","ast-global-header-display":"","ast-banner-title-visibility":"","ast-main-header-display":"","ast-hfb-above-header-display":"","ast-hfb-below-header-display":"","ast-hfb-mobile-header-display":"","site-post-title":"","ast-breadcrumbs-content":"","ast-featured-img":"","footer-sml-layout":"","theme-transparent-header-meta":"","adv-header-id-meta":"","stick-header-meta":"","header-above-stick-meta":"","header-main-stick-meta":"","header-below-stick-meta":"","astra-migrate-meta-layouts":"set","ast-page-background-enabled":"default","ast-page-background-meta":{"desktop":{"background-color":"var(--ast-global-color-4)","background-image":"","background-repeat":"repeat","background-position":"center center","background-size":"auto","background-attachment":"scroll","background-type":"","background-media":"","overlay-type":"","overlay-color":"","overlay-opacity":"","overlay-gradient":""},"tablet":{"background-color":"","background-image":"","background-repeat":"repeat","background-position":"center center","background-size":"auto","background-attachment":"scroll","background-type":"","background-media":"","overlay-type":"","overlay-color":"","overlay-opacity":"","overlay-gradient":""},"mobile":{"background-color":"","background-image":"","background-repeat":"repeat","background-position":"center center","background-size":"auto","background-attachment":"scroll","background-type":"","background-media":"","overlay-type":"","overlay-color":"","overlay-opacity":"","overlay-gradient":""}},"ast-content-background-meta":{"desktop":{"background-color":"var(--ast-global-color-5)","background-image":"","background-repeat":"repeat","background-position":"center center","background-size":"auto","background-attachment":"scroll","background-type":"","background-media":"","overlay-type":"","overlay-color":"","overlay-opacity":"","overlay-gradient":""},"tablet":{"background-color":"var(--ast-global-color-5)","background-image":"","background-repeat":"repeat","background-position":"center center","background-size":"auto","background-attachment":"scroll","background-type":"","background-media":"","overlay-type":"","overlay-color":"","overlay-opacity":"","overlay-gradient":""},"mobile":{"background-color":"var(--ast-global-color-5)","background-image":"","background-repeat":"repeat","background-position":"center center","background-size":"auto","background-attachment":"scroll","background-type":"","background-media":"","overlay-type":"","overlay-color":"","overlay-opacity":"","overlay-gradient":""}},"footnotes":""},"class_list":["post-808","page","type-page","status-publish","hentry"],"post_mailing_queue_ids":[],"_links":{"self":[{"href":"https:\/\/agora.xtec.cat\/ceecanvila\/wp-json\/wp\/v2\/pages\/808","targetHints":{"allow":["GET"]}}],"collection":[{"href":"https:\/\/agora.xtec.cat\/ceecanvila\/wp-json\/wp\/v2\/pages"}],"about":[{"href":"https:\/\/agora.xtec.cat\/ceecanvila\/wp-json\/wp\/v2\/types\/page"}],"author":[{"embeddable":true,"href":"https:\/\/agora.xtec.cat\/ceecanvila\/wp-json\/wp\/v2\/users\/1"}],"replies":[{"embeddable":true,"href":"https:\/\/agora.xtec.cat\/ceecanvila\/wp-json\/wp\/v2\/comments?post=808"}],"version-history":[{"count":5,"href":"https:\/\/agora.xtec.cat\/ceecanvila\/wp-json\/wp\/v2\/pages\/808\/revisions"}],"predecessor-version":[{"id":1100,"href":"https:\/\/agora.xtec.cat\/ceecanvila\/wp-json\/wp\/v2\/pages\/808\/revisions\/1100"}],"wp:attachment":[{"href":"https:\/\/agora.xtec.cat\/ceecanvila\/wp-json\/wp\/v2\/media?parent=808"}],"curies":[{"name":"wp","href":"https:\/\/api.w.org\/{rel}","templated":true}]}}