{"id":749,"date":"2025-07-24T10:46:23","date_gmt":"2025-07-24T08:46:23","guid":{"rendered":"https:\/\/agora.xtec.cat\/ceecanvila\/?page_id=749"},"modified":"2025-12-01T14:55:13","modified_gmt":"2025-12-01T13:55:13","slug":"contacte-2","status":"publish","type":"page","link":"https:\/\/agora.xtec.cat\/ceecanvila\/contacte-2\/","title":{"rendered":"Contacte"},"content":{"rendered":"\n<p><strong>TEL\u00c8FON:<\/strong> <\/p>\n\n\n\n<p>93 570 56 20 &#8211; 682 144 660<\/p>\n\n\n\n<p><strong>CORREU ELECTR\u00d2NIC: <\/strong><\/p>\n\n\n\n<p>canvila@gmail.com<\/p>\n\n\n\n<p>ceecanvila@xtec.cat<\/p>\n\n\n\n<p><strong>HORARI D&#8217;ATENCI\u00d3<\/strong> <\/p>\n\n\n\n<figure class=\"wp-block-table\"><table class=\"has-fixed-layout\"><tbody><tr><td>Dilluns<\/td><td>9:00-17:00<\/td><\/tr><tr><td>Dimarts<\/td><td>9:00-17:00<\/td><\/tr><tr><td>Dimecres<\/td><td>9:00-17:00<\/td><\/tr><tr><td>Dijous <\/td><td>9:00-17:00<\/td><\/tr><tr><td>Divendres<\/td><td>9:00-15:00<\/td><\/tr><tr><td>Dissabte<\/td><td>Tancat<\/td><\/tr><tr><td>Diumenge<\/td><td>Tancat<\/td><\/tr><\/tbody><\/table><\/figure>\n\n\n\n<p><\/p>\n","protected":false},"excerpt":{"rendered":"<p>TEL\u00c8FON: 93 570 56 20 &#8211; 682 144 660 CORREU ELECTR\u00d2NIC: canvila@gmail.com ceecanvila@xtec.cat HORARI D&#8217;ATENCI\u00d3 Dilluns 9:00-17:00 Dimarts 9:00-17:00 Dimecres 9:00-17:00 Dijous 9:00-17:00 Divendres 9:00-15:00 Dissabte Tancat Diumenge Tancat<\/p>\n","protected":false},"author":1,"featured_media":0,"parent":0,"menu_order":0,"comment_status":"closed","ping_status":"close","template":"","meta":{"site-sidebar-layout":"no-sidebar","site-content-layout":"","ast-site-content-layout":"full-width-container","site-content-style":"default","site-sidebar-style":"default","ast-global-header-display":"","ast-banner-title-visibility":"","ast-main-header-display":"","ast-hfb-above-header-display":"","ast-hfb-below-header-display":"","ast-hfb-mobile-header-display":"","site-post-title":"","ast-breadcrumbs-content":"","ast-featured-img":"","footer-sml-layout":"","theme-transparent-header-meta":"","adv-header-id-meta":"","stick-header-meta":"","header-above-stick-meta":"","header-main-stick-meta":"","header-below-stick-meta":"","astra-migrate-meta-layouts":"set","ast-page-background-enabled":"default","ast-page-background-meta":{"desktop":{"background-color":"var(--ast-global-color-4)","background-image":"","background-repeat":"repeat","background-position":"center center","background-size":"auto","background-attachment":"scroll","background-type":"","background-media":"","overlay-type":"","overlay-color":"","overlay-opacity":"","overlay-gradient":""},"tablet":{"background-color":"","background-image":"","background-repeat":"repeat","background-position":"center center","background-size":"auto","background-attachment":"scroll","background-type":"","background-media":"","overlay-type":"","overlay-color":"","overlay-opacity":"","overlay-gradient":""},"mobile":{"background-color":"","background-image":"","background-repeat":"repeat","background-position":"center center","background-size":"auto","background-attachment":"scroll","background-type":"","background-media":"","overlay-type":"","overlay-color":"","overlay-opacity":"","overlay-gradient":""}},"ast-content-background-meta":{"desktop":{"background-color":"var(--ast-global-color-5)","background-image":"","background-repeat":"repeat","background-position":"center center","background-size":"auto","background-attachment":"scroll","background-type":"","background-media":"","overlay-type":"","overlay-color":"","overlay-opacity":"","overlay-gradient":""},"tablet":{"background-color":"var(--ast-global-color-5)","background-image":"","background-repeat":"repeat","background-position":"center center","background-size":"auto","background-attachment":"scroll","background-type":"","background-media":"","overlay-type":"","overlay-color":"","overlay-opacity":"","overlay-gradient":""},"mobile":{"background-color":"var(--ast-global-color-5)","background-image":"","background-repeat":"repeat","background-position":"center center","background-size":"auto","background-attachment":"scroll","background-type":"","background-media":"","overlay-type":"","overlay-color":"","overlay-opacity":"","overlay-gradient":""}},"footnotes":""},"class_list":["post-749","page","type-page","status-publish","hentry"],"post_mailing_queue_ids":[],"_links":{"self":[{"href":"https:\/\/agora.xtec.cat\/ceecanvila\/wp-json\/wp\/v2\/pages\/749","targetHints":{"allow":["GET"]}}],"collection":[{"href":"https:\/\/agora.xtec.cat\/ceecanvila\/wp-json\/wp\/v2\/pages"}],"about":[{"href":"https:\/\/agora.xtec.cat\/ceecanvila\/wp-json\/wp\/v2\/types\/page"}],"author":[{"embeddable":true,"href":"https:\/\/agora.xtec.cat\/ceecanvila\/wp-json\/wp\/v2\/users\/1"}],"replies":[{"embeddable":true,"href":"https:\/\/agora.xtec.cat\/ceecanvila\/wp-json\/wp\/v2\/comments?post=749"}],"version-history":[{"count":4,"href":"https:\/\/agora.xtec.cat\/ceecanvila\/wp-json\/wp\/v2\/pages\/749\/revisions"}],"predecessor-version":[{"id":1238,"href":"https:\/\/agora.xtec.cat\/ceecanvila\/wp-json\/wp\/v2\/pages\/749\/revisions\/1238"}],"wp:attachment":[{"href":"https:\/\/agora.xtec.cat\/ceecanvila\/wp-json\/wp\/v2\/media?parent=749"}],"curies":[{"name":"wp","href":"https:\/\/api.w.org\/{rel}","templated":true}]}}