{"id":742,"date":"2025-07-23T13:11:42","date_gmt":"2025-07-23T11:11:42","guid":{"rendered":"https:\/\/agora.xtec.cat\/ceecanvila\/?page_id=742"},"modified":"2025-12-01T14:48:48","modified_gmt":"2025-12-01T13:48:48","slug":"documentacio-de-centre","status":"publish","type":"page","link":"https:\/\/agora.xtec.cat\/ceecanvila\/documentacio-de-centre\/","title":{"rendered":"Documentaci\u00f3 de Centre"},"content":{"rendered":"\n<p><a href=\"https:\/\/drive.google.com\/file\/d\/1wXEA8xa7X-nVcVg4nz5BtGV4Smy1qH4j\/view?usp=sharing\">Programaci\u00f3 General (PGA) Curs 2025-26<\/a><\/p>\n\n\n\n<p><a href=\"https:\/\/drive.google.com\/file\/d\/14RgkknieUdHVYlrBO7PZNXwXC9ImcanO\/view?usp=drive_link\">Estrat\u00e8gia Digital de Centre<\/a><\/p>\n\n\n\n<p><a href=\"https:\/\/sites.google.com\/xtec.cat\/canvilaedc\/p%C3%A0gina-principal\">Estrat\u00e8gia Digital de Centre (SITES)<\/a><\/p>\n\n\n\n<p><a href=\"https:\/\/drive.google.com\/file\/d\/1Zm0ggIcY-3q5KqvzlPeGCN0AiRPsoM17\/view?usp=drive_link\">Projecte Ling\u00fc\u00edstic de Centre<\/a><\/p>\n\n\n\n<p><a href=\"https:\/\/drive.google.com\/file\/d\/1tsGzkRXSS7n3FjUeQ_d___-UguaNjnYk\/view?usp=drive_link\">NOFC (Normes d&#8217;Organitzaci\u00f3 i Funcionament del Centre)<\/a><\/p>\n\n\n\n<p><a href=\"https:\/\/drive.google.com\/file\/d\/1vMXBb2_TZpm4vIsQQT1pqvKk90zXHAA1\/view?usp=drive_link\">PEC (Resum)<\/a><\/p>\n\n\n\n<p><a href=\"https:\/\/drive.google.com\/file\/d\/1Oa_lA4L8LLp11BI9n3eycTT67sY6dxaX\/view?usp=drive_link\">PEC (Projecte Educatiu de Centre) <\/a><\/p>\n\n\n\n<p><a href=\"https:\/\/sites.google.com\/xtec.cat\/recursos-digitals-can-vila\/inici\">Recursos Digitals Can Vila<\/a><\/p>\n\n\n\n<p><\/p>\n","protected":false},"excerpt":{"rendered":"<p>Programaci\u00f3 General (PGA) Curs 2025-26 Estrat\u00e8gia Digital de Centre Estrat\u00e8gia Digital de Centre (SITES) Projecte Ling\u00fc\u00edstic de Centre NOFC (Normes d&#8217;Organitzaci\u00f3 i Funcionament del Centre) PEC (Resum) PEC (Projecte Educatiu de Centre) Recursos Digitals Can Vila<\/p>\n","protected":false},"author":1,"featured_media":0,"parent":0,"menu_order":0,"comment_status":"closed","ping_status":"close","template":"","meta":{"site-sidebar-layout":"no-sidebar","site-content-layout":"","ast-site-content-layout":"default","site-content-style":"default","site-sidebar-style":"default","ast-global-header-display":"","ast-banner-title-visibility":"","ast-main-header-display":"","ast-hfb-above-header-display":"","ast-hfb-below-header-display":"","ast-hfb-mobile-header-display":"","site-post-title":"","ast-breadcrumbs-content":"","ast-featured-img":"","footer-sml-layout":"","theme-transparent-header-meta":"","adv-header-id-meta":"","stick-header-meta":"","header-above-stick-meta":"","header-main-stick-meta":"","header-below-stick-meta":"","astra-migrate-meta-layouts":"set","ast-page-background-enabled":"default","ast-page-background-meta":{"desktop":{"background-color":"var(--ast-global-color-4)","background-image":"","background-repeat":"repeat","background-position":"center center","background-size":"auto","background-attachment":"scroll","background-type":"","background-media":"","overlay-type":"","overlay-color":"","overlay-opacity":"","overlay-gradient":""},"tablet":{"background-color":"","background-image":"","background-repeat":"repeat","background-position":"center center","background-size":"auto","background-attachment":"scroll","background-type":"","background-media":"","overlay-type":"","overlay-color":"","overlay-opacity":"","overlay-gradient":""},"mobile":{"background-color":"","background-image":"","background-repeat":"repeat","background-position":"center center","background-size":"auto","background-attachment":"scroll","background-type":"","background-media":"","overlay-type":"","overlay-color":"","overlay-opacity":"","overlay-gradient":""}},"ast-content-background-meta":{"desktop":{"background-color":"var(--ast-global-color-5)","background-image":"","background-repeat":"repeat","background-position":"center center","background-size":"auto","background-attachment":"scroll","background-type":"","background-media":"","overlay-type":"","overlay-color":"","overlay-opacity":"","overlay-gradient":""},"tablet":{"background-color":"var(--ast-global-color-5)","background-image":"","background-repeat":"repeat","background-position":"center center","background-size":"auto","background-attachment":"scroll","background-type":"","background-media":"","overlay-type":"","overlay-color":"","overlay-opacity":"","overlay-gradient":""},"mobile":{"background-color":"var(--ast-global-color-5)","background-image":"","background-repeat":"repeat","background-position":"center center","background-size":"auto","background-attachment":"scroll","background-type":"","background-media":"","overlay-type":"","overlay-color":"","overlay-opacity":"","overlay-gradient":""}},"footnotes":""},"class_list":["post-742","page","type-page","status-publish","hentry"],"post_mailing_queue_ids":[],"_links":{"self":[{"href":"https:\/\/agora.xtec.cat\/ceecanvila\/wp-json\/wp\/v2\/pages\/742","targetHints":{"allow":["GET"]}}],"collection":[{"href":"https:\/\/agora.xtec.cat\/ceecanvila\/wp-json\/wp\/v2\/pages"}],"about":[{"href":"https:\/\/agora.xtec.cat\/ceecanvila\/wp-json\/wp\/v2\/types\/page"}],"author":[{"embeddable":true,"href":"https:\/\/agora.xtec.cat\/ceecanvila\/wp-json\/wp\/v2\/users\/1"}],"replies":[{"embeddable":true,"href":"https:\/\/agora.xtec.cat\/ceecanvila\/wp-json\/wp\/v2\/comments?post=742"}],"version-history":[{"count":6,"href":"https:\/\/agora.xtec.cat\/ceecanvila\/wp-json\/wp\/v2\/pages\/742\/revisions"}],"predecessor-version":[{"id":1233,"href":"https:\/\/agora.xtec.cat\/ceecanvila\/wp-json\/wp\/v2\/pages\/742\/revisions\/1233"}],"wp:attachment":[{"href":"https:\/\/agora.xtec.cat\/ceecanvila\/wp-json\/wp\/v2\/media?parent=742"}],"curies":[{"name":"wp","href":"https:\/\/api.w.org\/{rel}","templated":true}]}}