{"id":1616,"date":"2026-05-13T08:00:00","date_gmt":"2026-05-13T06:00:00","guid":{"rendered":"https:\/\/agora.xtec.cat\/ceecanvila\/?page_id=1616"},"modified":"2026-05-15T15:21:26","modified_gmt":"2026-05-15T13:21:26","slug":"taller-de-radio-primaria-2026","status":"publish","type":"page","link":"https:\/\/agora.xtec.cat\/ceecanvila\/radio-2\/radio\/taller-de-radio-primaria-2026\/","title":{"rendered":"Taller de R\u00e0dio Prim\u00e0ria  2026"},"content":{"rendered":"\n<p><a href=\"https:\/\/drive.google.com\/file\/d\/1PlsidlBCdHuVtsrVFJ-pNyLmidYC0wgk\/view?usp=sharing\">Programa 3 amb l&#8217;Al\u00e8xia.mp3<\/a><\/p>\n\n\n\n<p><a href=\"https:\/\/drive.google.com\/file\/d\/1STsmIO6NM6TVOcnZSJQ3oz9fJo4jgavA\/view?usp=sharing\">Programa 4 amb en V\u00edctor.mp3<\/a><\/p>\n\n\n\n<p><a href=\"https:\/\/drive.google.com\/file\/d\/1ctsTOE_09zv9nzp4cDriub2yToo0EvCR\/view?usp=sharing\">Programa 5 amb en V\u00edctor.mp3<\/a><\/p>\n\n\n\n<p><a href=\"https:\/\/drive.google.com\/file\/d\/1H8p2DRtEJXHLrnSQFN0JR-lOWkwzrR9Z\/view?usp=sharing\">Programa 6 amb la Gala.mp3<\/a><\/p>\n\n\n\n<p><a href=\"https:\/\/drive.google.com\/file\/d\/1E4DWgTSwFadCxz50vMxEKkBbBbA4zcQq\/view?usp=sharing\">Programa 7 amb la Lorea.mp3<\/a><\/p>\n\n\n\n<p><a href=\"https:\/\/drive.google.com\/file\/d\/17UkyMwvNlbcGvalGSFeLVFmF3R9pbESa\/view?usp=sharing\">Programa 9 amb l&#8217;\u00c8ric.mp3<\/a><\/p>\n\n\n\n<p><a href=\"https:\/\/drive.google.com\/file\/d\/1MsgirT3U20p3qckIWP8NyIZZS3MZO0Hn\/view?usp=sharing\">Programa 10 amb l&#8217;Omar.mp3<\/a><\/p>\n\n\n\n<p><a href=\"https:\/\/drive.google.com\/file\/d\/1b-DYdyv86v0Dd4UwUuLh_OfiabqfzWqy\/view?usp=sharing\">Programa 11 especial el temps.mp3<\/a><\/p>\n\n\n\n<p><a href=\"https:\/\/drive.google.com\/file\/d\/1lRr3hEqretuKumpzb_sBaQqmJ4PLYtkb\/view?usp=sharing\">Programa 13 La petanca amb Jose Lopera.mp3<\/a><\/p>\n\n\n\n<p><a href=\"https:\/\/drive.google.com\/file\/d\/1r4ijfIRUnl8Pz55Aj-yOrjp8PDA8kca7\/view?usp=sharing\">Programa 14 Recomanaci\u00f3 Sant Jordi\u00a0<\/a><\/p>\n\n\n\n<p><a href=\"https:\/\/drive.google.com\/file\/d\/1-u5KfNbaPOcTe-9yBg1r6ql5clsInLFB\/view?usp=sharing\">Programa 14 Sant Jordi&#8217;26<\/a><\/p>\n\n\n\n<p><a href=\"https:\/\/drive.google.com\/file\/d\/1VwvYfIP1bI8OtbAvdZ9zsGPVZne07QRj\/view?usp=sharing\">Programa 16 especial piscina<\/a><\/p>\n\n\n\n<p><a href=\"https:\/\/drive.google.com\/file\/d\/1iYmWfHV_p3l9f2k2GDMlZW--97DM956Y\/view?usp=sharing\">Programa 17 amb Pablo<\/a><\/p>\n","protected":false},"excerpt":{"rendered":"<p>Programa 3 amb l&#8217;Al\u00e8xia.mp3 Programa 4 amb en V\u00edctor.mp3 Programa 5 amb en V\u00edctor.mp3 Programa 6 amb la Gala.mp3 Programa 7 amb la Lorea.mp3 Programa 9 amb l&#8217;\u00c8ric.mp3 Programa 10 amb l&#8217;Omar.mp3 Programa 11 especial el temps.mp3 Programa 13 La petanca amb Jose Lopera.mp3 Programa 14 Recomanaci\u00f3 Sant Jordi\u00a0 Programa 14 Sant Jordi&#8217;26 Programa 16 [&hellip;]<\/p>\n","protected":false},"author":1,"featured_media":1508,"parent":1089,"menu_order":0,"comment_status":"closed","ping_status":"close","template":"","meta":{"site-sidebar-layout":"no-sidebar","site-content-layout":"","ast-site-content-layout":"normal-width-container","site-content-style":"default","site-sidebar-style":"default","ast-global-header-display":"","ast-banner-title-visibility":"","ast-main-header-display":"","ast-hfb-above-header-display":"","ast-hfb-below-header-display":"","ast-hfb-mobile-header-display":"","site-post-title":"","ast-breadcrumbs-content":"","ast-featured-img":"","footer-sml-layout":"","theme-transparent-header-meta":"","adv-header-id-meta":"","stick-header-meta":"","header-above-stick-meta":"","header-main-stick-meta":"","header-below-stick-meta":"","astra-migrate-meta-layouts":"set","ast-page-background-enabled":"default","ast-page-background-meta":{"desktop":{"background-color":"var(--ast-global-color-4)","background-image":"","background-repeat":"repeat","background-position":"center center","background-size":"auto","background-attachment":"scroll","background-type":"","background-media":"","overlay-type":"","overlay-color":"","overlay-opacity":"","overlay-gradient":""},"tablet":{"background-color":"","background-image":"","background-repeat":"repeat","background-position":"center center","background-size":"auto","background-attachment":"scroll","background-type":"","background-media":"","overlay-type":"","overlay-color":"","overlay-opacity":"","overlay-gradient":""},"mobile":{"background-color":"","background-image":"","background-repeat":"repeat","background-position":"center center","background-size":"auto","background-attachment":"scroll","background-type":"","background-media":"","overlay-type":"","overlay-color":"","overlay-opacity":"","overlay-gradient":""}},"ast-content-background-meta":{"desktop":{"background-color":"var(--ast-global-color-5)","background-image":"","background-repeat":"repeat","background-position":"center center","background-size":"auto","background-attachment":"scroll","background-type":"","background-media":"","overlay-type":"","overlay-color":"","overlay-opacity":"","overlay-gradient":""},"tablet":{"background-color":"var(--ast-global-color-5)","background-image":"","background-repeat":"repeat","background-position":"center center","background-size":"auto","background-attachment":"scroll","background-type":"","background-media":"","overlay-type":"","overlay-color":"","overlay-opacity":"","overlay-gradient":""},"mobile":{"background-color":"var(--ast-global-color-5)","background-image":"","background-repeat":"repeat","background-position":"center center","background-size":"auto","background-attachment":"scroll","background-type":"","background-media":"","overlay-type":"","overlay-color":"","overlay-opacity":"","overlay-gradient":""}},"footnotes":""},"class_list":["post-1616","page","type-page","status-publish","has-post-thumbnail","hentry"],"post_mailing_queue_ids":[],"_links":{"self":[{"href":"https:\/\/agora.xtec.cat\/ceecanvila\/wp-json\/wp\/v2\/pages\/1616","targetHints":{"allow":["GET"]}}],"collection":[{"href":"https:\/\/agora.xtec.cat\/ceecanvila\/wp-json\/wp\/v2\/pages"}],"about":[{"href":"https:\/\/agora.xtec.cat\/ceecanvila\/wp-json\/wp\/v2\/types\/page"}],"author":[{"embeddable":true,"href":"https:\/\/agora.xtec.cat\/ceecanvila\/wp-json\/wp\/v2\/users\/1"}],"replies":[{"embeddable":true,"href":"https:\/\/agora.xtec.cat\/ceecanvila\/wp-json\/wp\/v2\/comments?post=1616"}],"version-history":[{"count":1,"href":"https:\/\/agora.xtec.cat\/ceecanvila\/wp-json\/wp\/v2\/pages\/1616\/revisions"}],"predecessor-version":[{"id":1617,"href":"https:\/\/agora.xtec.cat\/ceecanvila\/wp-json\/wp\/v2\/pages\/1616\/revisions\/1617"}],"up":[{"embeddable":true,"href":"https:\/\/agora.xtec.cat\/ceecanvila\/wp-json\/wp\/v2\/pages\/1089"}],"wp:featuredmedia":[{"embeddable":true,"href":"https:\/\/agora.xtec.cat\/ceecanvila\/wp-json\/wp\/v2\/media\/1508"}],"wp:attachment":[{"href":"https:\/\/agora.xtec.cat\/ceecanvila\/wp-json\/wp\/v2\/media?parent=1616"}],"curies":[{"name":"wp","href":"https:\/\/api.w.org\/{rel}","templated":true}]}}