{"id":1083,"date":"2025-10-21T23:06:24","date_gmt":"2025-10-21T21:06:24","guid":{"rendered":"https:\/\/agora.xtec.cat\/ceecanvila\/?page_id=1083"},"modified":"2025-10-21T23:06:24","modified_gmt":"2025-10-21T21:06:24","slug":"taller-de-radio-el-galliner-dhabilitats","status":"publish","type":"page","link":"https:\/\/agora.xtec.cat\/ceecanvila\/radio-2\/taller-de-radio-el-galliner-dhabilitats\/","title":{"rendered":"Taller de r\u00e0dio: &#8220;El galliner d&#8217;Habilitats&#8221;"},"content":{"rendered":"\n<p>Us volem presentar el nou taller de R\u00e0dio que hem iniciat aquest curs al departament d&#8217;Habilitats anomenat &#8220;EL GALLINER D&#8217;HABILITATS&#8221;.<\/p>\n\n\n\n<p>\u00c9s un taller molt divertit i motivador, a partir del qual abordem aspectes relacionats amb la comunicaci\u00f3 i la planificaci\u00f3 de tasques. En aquest article podeu veure el resultat, per\u00f2 el proc\u00e9s ha sigut molt m\u00e9s enriquidor. Els\/les participants han escollit el nom del programa, la m\u00fasica i han creat el gui\u00f3. Esperem que us agradi!<\/p>\n\n\n\n<p><a href=\"https:\/\/drive.google.com\/file\/d\/1dpMxpwQb3JnZzj00yAAkAXZoV4t9qlLM\/view?usp=drive_link\">Programa<\/a><\/p>\n","protected":false},"excerpt":{"rendered":"<p>Us volem presentar el nou taller de R\u00e0dio que hem iniciat aquest curs al departament d&#8217;Habilitats anomenat &#8220;EL GALLINER D&#8217;HABILITATS&#8221;. \u00c9s un taller molt divertit i motivador, a partir del qual abordem aspectes relacionats amb la comunicaci\u00f3 i la planificaci\u00f3 de tasques. En aquest article podeu veure el resultat, per\u00f2 el proc\u00e9s ha sigut molt [&hellip;]<\/p>\n","protected":false},"author":1,"featured_media":0,"parent":785,"menu_order":0,"comment_status":"closed","ping_status":"close","template":"","meta":{"site-sidebar-layout":"no-sidebar","site-content-layout":"","ast-site-content-layout":"default","site-content-style":"default","site-sidebar-style":"default","ast-global-header-display":"","ast-banner-title-visibility":"","ast-main-header-display":"","ast-hfb-above-header-display":"","ast-hfb-below-header-display":"","ast-hfb-mobile-header-display":"","site-post-title":"","ast-breadcrumbs-content":"","ast-featured-img":"","footer-sml-layout":"","theme-transparent-header-meta":"","adv-header-id-meta":"","stick-header-meta":"","header-above-stick-meta":"","header-main-stick-meta":"","header-below-stick-meta":"","astra-migrate-meta-layouts":"set","ast-page-background-enabled":"default","ast-page-background-meta":{"desktop":{"background-color":"var(--ast-global-color-4)","background-image":"","background-repeat":"repeat","background-position":"center center","background-size":"auto","background-attachment":"scroll","background-type":"","background-media":"","overlay-type":"","overlay-color":"","overlay-opacity":"","overlay-gradient":""},"tablet":{"background-color":"","background-image":"","background-repeat":"repeat","background-position":"center center","background-size":"auto","background-attachment":"scroll","background-type":"","background-media":"","overlay-type":"","overlay-color":"","overlay-opacity":"","overlay-gradient":""},"mobile":{"background-color":"","background-image":"","background-repeat":"repeat","background-position":"center center","background-size":"auto","background-attachment":"scroll","background-type":"","background-media":"","overlay-type":"","overlay-color":"","overlay-opacity":"","overlay-gradient":""}},"ast-content-background-meta":{"desktop":{"background-color":"var(--ast-global-color-5)","background-image":"","background-repeat":"repeat","background-position":"center center","background-size":"auto","background-attachment":"scroll","background-type":"","background-media":"","overlay-type":"","overlay-color":"","overlay-opacity":"","overlay-gradient":""},"tablet":{"background-color":"var(--ast-global-color-5)","background-image":"","background-repeat":"repeat","background-position":"center center","background-size":"auto","background-attachment":"scroll","background-type":"","background-media":"","overlay-type":"","overlay-color":"","overlay-opacity":"","overlay-gradient":""},"mobile":{"background-color":"var(--ast-global-color-5)","background-image":"","background-repeat":"repeat","background-position":"center center","background-size":"auto","background-attachment":"scroll","background-type":"","background-media":"","overlay-type":"","overlay-color":"","overlay-opacity":"","overlay-gradient":""}},"footnotes":""},"class_list":["post-1083","page","type-page","status-publish","hentry"],"post_mailing_queue_ids":[],"_links":{"self":[{"href":"https:\/\/agora.xtec.cat\/ceecanvila\/wp-json\/wp\/v2\/pages\/1083","targetHints":{"allow":["GET"]}}],"collection":[{"href":"https:\/\/agora.xtec.cat\/ceecanvila\/wp-json\/wp\/v2\/pages"}],"about":[{"href":"https:\/\/agora.xtec.cat\/ceecanvila\/wp-json\/wp\/v2\/types\/page"}],"author":[{"embeddable":true,"href":"https:\/\/agora.xtec.cat\/ceecanvila\/wp-json\/wp\/v2\/users\/1"}],"replies":[{"embeddable":true,"href":"https:\/\/agora.xtec.cat\/ceecanvila\/wp-json\/wp\/v2\/comments?post=1083"}],"version-history":[{"count":1,"href":"https:\/\/agora.xtec.cat\/ceecanvila\/wp-json\/wp\/v2\/pages\/1083\/revisions"}],"predecessor-version":[{"id":1084,"href":"https:\/\/agora.xtec.cat\/ceecanvila\/wp-json\/wp\/v2\/pages\/1083\/revisions\/1084"}],"up":[{"embeddable":true,"href":"https:\/\/agora.xtec.cat\/ceecanvila\/wp-json\/wp\/v2\/pages\/785"}],"wp:attachment":[{"href":"https:\/\/agora.xtec.cat\/ceecanvila\/wp-json\/wp\/v2\/media?parent=1083"}],"curies":[{"name":"wp","href":"https:\/\/api.w.org\/{rel}","templated":true}]}}