{"id":9,"date":"2014-09-17T15:08:18","date_gmt":"2014-09-17T14:08:18","guid":{"rendered":"http:\/\/agora.xtec.cat\/ceebalmes2\/?page_id=9"},"modified":"2025-03-02T21:10:06","modified_gmt":"2025-03-02T20:10:06","slug":"pagina-dinici-buida","status":"publish","type":"page","link":"https:\/\/agora.xtec.cat\/ceebalmes2\/","title":{"rendered":"CEE BALMES II"},"content":{"rendered":"<h5 style=\"text-align: justify;\">En el marc de la Instituci\u00f3 Balmes, creada al 1969, trobem el Centre d&#8217;Educaci\u00f3 Especialitzada Balmes II, amb una traject\u00f2ria reconeguda per la seva singularitat en l&#8217;atenci\u00f3 d&#8217;alumnes amb necessitats espec\u00edfiques de suport educatiu i que requereixen mesures altament individualitzades, conceptes clau que es recullen al Decret 150\/2017 del Departament d&#8217;Educaci\u00f3 de la Generalitat de Catalunya<em>.<\/em><\/h5>\n<p>&nbsp;<\/p>\n<div style=\"width: 558px;\" class=\"wp-video\"><!--[if lt IE 9]><script>document.createElement('video');<\/script><![endif]-->\n<video class=\"wp-video-shortcode\" id=\"video-9-1\" width=\"558\" height=\"396\" poster=\"https:\/\/agora.xtec.cat\/ceebalmes2\/wp-content\/uploads\/usu1973\/2025\/03\/Screenshot_20250302_210740_com_android_chrome_CustomTabActivity.jpg\" loop=\"1\" autoplay=\"1\" preload=\"metadata\" controls=\"controls\"><source type=\"video\/mp4\" src=\"https:\/\/agora.xtec.cat\/ceebalmes2\/wp-content\/uploads\/usu1973\/2024\/12\/Postal-mensaje-amigas-frase-motivacional-amistosas_20241219_180918_0001.mp4?_=1\" \/><a href=\"https:\/\/agora.xtec.cat\/ceebalmes2\/wp-content\/uploads\/usu1973\/2024\/12\/Postal-mensaje-amigas-frase-motivacional-amistosas_20241219_180918_0001.mp4\">https:\/\/agora.xtec.cat\/ceebalmes2\/wp-content\/uploads\/usu1973\/2024\/12\/Postal-mensaje-amigas-frase-motivacional-amistosas_20241219_180918_0001.mp4<\/a><\/video><\/div>\n<p>&nbsp;<\/p>\n<h4 style=\"padding-left: 40px;\"><a href=\"https:\/\/www.instagram.com\/reel\/DDzXzUaMmYi\/?igsh=bzRveG15cHJ3bncy\" target=\"_blank\" rel=\"noopener\">Cliqueu <span style=\"color: #339966;\">aqu\u00ed<\/span> per accedir al nostre compte d&#8217;Instagram i veureu una mica del que fem&#8230;\ud83d\udc46<\/a><\/h4>\n<p>&nbsp;<\/p>\n<p><a href=\"https:\/\/www.instagram.com\/ceebalmes2?igsh=MTI2bWF6bGRkbG1yaw==\" target=\"_blank\" rel=\"noopener\"><img loading=\"lazy\" decoding=\"async\" class=\"aligncenter wp-image-3677\" src=\"https:\/\/agora.xtec.cat\/ceebalmes2\/wp-content\/uploads\/usu1973\/2025\/02\/IMG_9725-4-576x1024.jpg\" alt=\"\" width=\"281\" height=\"500\" srcset=\"https:\/\/agora.xtec.cat\/ceebalmes2\/wp-content\/uploads\/usu1973\/2025\/02\/IMG_9725-4-576x1024.jpg 576w, https:\/\/agora.xtec.cat\/ceebalmes2\/wp-content\/uploads\/usu1973\/2025\/02\/IMG_9725-4-169x300.jpg 169w, https:\/\/agora.xtec.cat\/ceebalmes2\/wp-content\/uploads\/usu1973\/2025\/02\/IMG_9725-4-768x1366.jpg 768w, https:\/\/agora.xtec.cat\/ceebalmes2\/wp-content\/uploads\/usu1973\/2025\/02\/IMG_9725-4-864x1536.jpg 864w, https:\/\/agora.xtec.cat\/ceebalmes2\/wp-content\/uploads\/usu1973\/2025\/02\/IMG_9725-4-1152x2048.jpg 1152w, https:\/\/agora.xtec.cat\/ceebalmes2\/wp-content\/uploads\/usu1973\/2025\/02\/IMG_9725-4-scaled.jpg 1440w\" sizes=\"auto, (max-width: 281px) 100vw, 281px\" \/><\/a><\/p>\n","protected":false},"excerpt":{"rendered":"<p>En el marc de la Instituci\u00f3 Balmes, creada al 1969, trobem el Centre d&#8217;Educaci\u00f3 Especialitzada Balmes II, amb una traject\u00f2ria reconeguda per la seva singularitat en l&#8217;atenci\u00f3 d&#8217;alumnes amb necessitats espec\u00edfiques de suport educatiu i que requereixen mesures altament individualitzades, conceptes clau que es recullen&hellip;  <a href=\"https:\/\/agora.xtec.cat\/ceebalmes2\/\" title=\"Read CEE BALMES II\">Llegeix m\u00e9s\u00bb<\/a><\/p>\n","protected":false},"author":1,"featured_media":0,"parent":7,"menu_order":0,"comment_status":"closed","ping_status":"closed","template":"","meta":{"_bbp_topic_count":0,"_bbp_reply_count":0,"_bbp_total_topic_count":0,"_bbp_total_reply_count":0,"_bbp_voice_count":0,"_bbp_anonymous_reply_count":0,"_bbp_topic_count_hidden":0,"_bbp_reply_count_hidden":0,"_bbp_forum_subforum_count":0,"footnotes":""},"class_list":["post-9","page","type-page","status-publish","hentry"],"post_mailing_queue_ids":[],"_links":{"self":[{"href":"https:\/\/agora.xtec.cat\/ceebalmes2\/wp-json\/wp\/v2\/pages\/9","targetHints":{"allow":["GET"]}}],"collection":[{"href":"https:\/\/agora.xtec.cat\/ceebalmes2\/wp-json\/wp\/v2\/pages"}],"about":[{"href":"https:\/\/agora.xtec.cat\/ceebalmes2\/wp-json\/wp\/v2\/types\/page"}],"author":[{"embeddable":true,"href":"https:\/\/agora.xtec.cat\/ceebalmes2\/wp-json\/wp\/v2\/users\/1"}],"replies":[{"embeddable":true,"href":"https:\/\/agora.xtec.cat\/ceebalmes2\/wp-json\/wp\/v2\/comments?post=9"}],"version-history":[{"count":6,"href":"https:\/\/agora.xtec.cat\/ceebalmes2\/wp-json\/wp\/v2\/pages\/9\/revisions"}],"predecessor-version":[{"id":2389,"href":"https:\/\/agora.xtec.cat\/ceebalmes2\/wp-json\/wp\/v2\/pages\/9\/revisions\/2389"}],"up":[{"embeddable":true,"href":"https:\/\/agora.xtec.cat\/ceebalmes2\/wp-json\/wp\/v2\/pages\/7"}],"wp:attachment":[{"href":"https:\/\/agora.xtec.cat\/ceebalmes2\/wp-json\/wp\/v2\/media?parent=9"}],"curies":[{"name":"wp","href":"https:\/\/api.w.org\/{rel}","templated":true}]}}