{"id":84,"date":"2014-09-18T14:11:31","date_gmt":"2014-09-18T13:11:31","guid":{"rendered":"http:\/\/agora.xtec.cat\/ceebalmes2\/?page_id=84"},"modified":"2020-04-18T14:27:07","modified_gmt":"2020-04-18T12:27:07","slug":"activitats-extraescolars","status":"publish","type":"page","link":"https:\/\/agora.xtec.cat\/ceebalmes2\/serveis\/activitats-extraescolars\/","title":{"rendered":"Activitats complement\u00e0ries"},"content":{"rendered":"<p style=\"text-align: justify;\">Les activitats complement\u00e0ries que realitzem\u00a0formen part del nostre projecte global d\u2019atenci\u00f3. \u00c9s a partir de la proposta de l\u2019equip de professionals que es proposa la opci\u00f3 m\u00e9s id\u00f2nia per a cada nen.<\/p>\n<p>En aquest moment, oferim aquestes activitats complement\u00e0ries:<\/p>\n<p>&#8211;<a href=\"https:\/\/agora.xtec.cat\/ceebalmes2\/serveis\/activitats-extraescolars\/serveis-digitals\/\">H\u00edpica terap\u00e9utica<\/a><\/p>\n<p>&#8211;<a href=\"https:\/\/agora.xtec.cat\/ceebalmes2\/serveis\/activitats-extraescolars\/piscina\/\">Piscina<\/a><\/p>\n<p>&#8211;<a href=\"https:\/\/agora.xtec.cat\/ceebalmes2\/serveis\/activitats-extraescolars\/menjador-escolar\/\">Ter\u00e0pia amb gossos<\/a><\/p>\n<p>&nbsp;<\/p>\n","protected":false},"excerpt":{"rendered":"<p>Les activitats complement\u00e0ries que realitzem\u00a0formen part del nostre projecte global d\u2019atenci\u00f3. \u00c9s a partir de la proposta de l\u2019equip de professionals que es proposa la opci\u00f3 m\u00e9s id\u00f2nia per a cada nen.<br \/>\nEn aquest moment, oferim aquestes activitats complement\u00e0ries:<br \/>\n&#8211;<a href=\"https:\/\/agora.xtec.cat\/ceebalmes2\/serveis\/activitats-extraescolars\/serveis-digitals\/\">H\u00edpica terap\u00e9utica<\/a><br \/>\n&#8211;<a href=\"https:\/\/agora.xtec.cat\/ceebalmes2\/serveis\/activitats-extraescolars\/piscina\/\">Piscina<\/a><br \/>\n&#8211;<a href=\"https:\/\/agora.xtec.cat\/ceebalmes2\/serveis\/activitats-extraescolars\/menjador-escolar\/\">Ter\u00e0pia amb gossos<\/a><br \/>\n&nbsp;<\/p>\n","protected":false},"author":1,"featured_media":0,"parent":66,"menu_order":60,"comment_status":"closed","ping_status":"open","template":"page-templates\/side-menu.php","meta":{"_bbp_topic_count":0,"_bbp_reply_count":0,"_bbp_total_topic_count":0,"_bbp_total_reply_count":0,"_bbp_voice_count":0,"_bbp_anonymous_reply_count":0,"_bbp_topic_count_hidden":0,"_bbp_reply_count_hidden":0,"_bbp_forum_subforum_count":0,"footnotes":""},"class_list":["post-84","page","type-page","status-publish","hentry"],"post_mailing_queue_ids":[],"_links":{"self":[{"href":"https:\/\/agora.xtec.cat\/ceebalmes2\/wp-json\/wp\/v2\/pages\/84","targetHints":{"allow":["GET"]}}],"collection":[{"href":"https:\/\/agora.xtec.cat\/ceebalmes2\/wp-json\/wp\/v2\/pages"}],"about":[{"href":"https:\/\/agora.xtec.cat\/ceebalmes2\/wp-json\/wp\/v2\/types\/page"}],"author":[{"embeddable":true,"href":"https:\/\/agora.xtec.cat\/ceebalmes2\/wp-json\/wp\/v2\/users\/1"}],"replies":[{"embeddable":true,"href":"https:\/\/agora.xtec.cat\/ceebalmes2\/wp-json\/wp\/v2\/comments?post=84"}],"version-history":[{"count":3,"href":"https:\/\/agora.xtec.cat\/ceebalmes2\/wp-json\/wp\/v2\/pages\/84\/revisions"}],"predecessor-version":[{"id":1605,"href":"https:\/\/agora.xtec.cat\/ceebalmes2\/wp-json\/wp\/v2\/pages\/84\/revisions\/1605"}],"up":[{"embeddable":true,"href":"https:\/\/agora.xtec.cat\/ceebalmes2\/wp-json\/wp\/v2\/pages\/66"}],"wp:attachment":[{"href":"https:\/\/agora.xtec.cat\/ceebalmes2\/wp-json\/wp\/v2\/media?parent=84"}],"curies":[{"name":"wp","href":"https:\/\/api.w.org\/{rel}","templated":true}]}}