{"id":73,"date":"2014-09-18T14:01:51","date_gmt":"2014-09-18T12:01:51","guid":{"rendered":"http:\/\/agora.xtec.cat\/ceebalmes2\/?page_id=73"},"modified":"2026-03-09T17:34:14","modified_gmt":"2026-03-09T16:34:14","slug":"menjador-escolar","status":"publish","type":"page","link":"https:\/\/agora.xtec.cat\/ceebalmes2\/serveis\/activitats-extraescolars\/menjador-escolar\/","title":{"rendered":"Intervenci\u00f3 assistida amb gossos."},"content":{"rendered":"<p><span style=\"font-weight: 400;\">\ud83d\udc3e <\/span><b>Intervenci\u00f3 assistida amb gossos a la nostra escola<\/b><span style=\"font-weight: 400;\"> \ud83d\udc3e<\/span><\/p>\n<p><span style=\"font-weight: 400;\">\ud83d\udc15 A la nostra escola apostem per ter\u00e0pies motivadores i significatives. Gr\u00e0cies a la col\u00b7laboraci\u00f3 amb l\u2019empresa <\/span><b>Boskan<\/b><span style=\"font-weight: 400;\">, duem a terme sessions d\u2019intervenci\u00f3 assistida amb gossos amb la <\/span><b>Blue<\/b><span style=\"font-weight: 400;\">, la nostra gossa de ter\u00e0pia formada espec\u00edficament per aquesta tasca.<\/span><\/p>\n<p><span style=\"font-weight: 400;\">\u2728 <\/span><span style=\"font-weight: 400;\">L\u2019activitat que duem a terme \u00e9s individualitzada, i el tipus d\u2019intervenci\u00f3 que realitzem varia en funci\u00f3 de les necessitats detectades i els objectius a treballar plantejats durant el curs, aix\u00ed com de l\u2019estat i les prefer\u00e8ncies dels alumnes. Val a dir que els nens assisteixen en grup redu\u00eft, fet que permet que benefici\u00efn del contacte amb el gos durant tota la sessi\u00f3.<\/span><\/p>\n<p><span style=\"font-weight: 400;\">\ud83c\udfaf\ud83e\udde9 Aquesta activitat aporta <\/span><span style=\"font-weight: 400;\">beneficis a nivell motor, cognitiu, comunicatiu, sensorial i afectiu.<\/span><span style=\"font-weight: 400;\"> A trav\u00e9s del joc treballem l\u2019<\/span><b>autonomia<\/b><span style=\"font-weight: 400;\">, la <\/span><b>participaci\u00f3 activa<\/b><span style=\"font-weight: 400;\">, la <\/span><b>comunicaci\u00f3<\/b><span style=\"font-weight: 400;\"> i la <\/span><b>interacci\u00f3<\/b><span style=\"font-weight: 400;\"> dels nostres infants, adaptant-nos sempre a les necessitats de cadascun\/a. Realitzem circuits, jocs de cerca, activitats sensorials amb diferents textures i utilitzem polsadors per facilitar l\u2019acc\u00e9s a la comunicaci\u00f3 i poder interactuar amb la gossa, tot d\u2019una manera divertida i motivadora.<\/span><\/p>\n<p><img loading=\"lazy\" decoding=\"async\" class=\"alignnone size-medium wp-image-3961\" src=\"https:\/\/agora.xtec.cat\/ceebalmes2\/wp-content\/uploads\/usu1973\/2026\/03\/ecde077f-7f9e-42cb-8bfe-bd237163890a-3-225x300.jpg\" alt=\"\" width=\"225\" height=\"300\" srcset=\"https:\/\/agora.xtec.cat\/ceebalmes2\/wp-content\/uploads\/usu1973\/2026\/03\/ecde077f-7f9e-42cb-8bfe-bd237163890a-3-225x300.jpg 225w, https:\/\/agora.xtec.cat\/ceebalmes2\/wp-content\/uploads\/usu1973\/2026\/03\/ecde077f-7f9e-42cb-8bfe-bd237163890a-3.jpg 480w\" sizes=\"auto, (max-width: 225px) 100vw, 225px\" \/><\/p>\n<p>&nbsp;<\/p>\n","protected":false},"excerpt":{"rendered":"<p>\ud83d\udc3e Intervenci\u00f3 assistida amb gossos a la nostra escola \ud83d\udc3e<br \/>\n\ud83d\udc15 A la nostra escola apostem per ter\u00e0pies motivadores i significatives. Gr\u00e0cies a la col\u00b7laboraci\u00f3 amb l\u2019empresa Boskan, duem a terme sessions d\u2019intervenci\u00f3 assistida amb gossos amb la Blue, la nostra gossa de ter\u00e0pia formada espec\u00edficament&hellip;  <a href=\"https:\/\/agora.xtec.cat\/ceebalmes2\/serveis\/activitats-extraescolars\/menjador-escolar\/\" title=\"Read Intervenci\u00f3 assistida amb gossos.\">Llegeix m\u00e9s\u00bb<\/a><\/p>\n","protected":false},"author":1,"featured_media":0,"parent":84,"menu_order":30,"comment_status":"closed","ping_status":"closed","template":"","meta":{"_bbp_topic_count":0,"_bbp_reply_count":0,"_bbp_total_topic_count":0,"_bbp_total_reply_count":0,"_bbp_voice_count":0,"_bbp_anonymous_reply_count":0,"_bbp_topic_count_hidden":0,"_bbp_reply_count_hidden":0,"_bbp_forum_subforum_count":0,"footnotes":""},"class_list":["post-73","page","type-page","status-publish","hentry"],"post_mailing_queue_ids":[],"_links":{"self":[{"href":"https:\/\/agora.xtec.cat\/ceebalmes2\/wp-json\/wp\/v2\/pages\/73","targetHints":{"allow":["GET"]}}],"collection":[{"href":"https:\/\/agora.xtec.cat\/ceebalmes2\/wp-json\/wp\/v2\/pages"}],"about":[{"href":"https:\/\/agora.xtec.cat\/ceebalmes2\/wp-json\/wp\/v2\/types\/page"}],"author":[{"embeddable":true,"href":"https:\/\/agora.xtec.cat\/ceebalmes2\/wp-json\/wp\/v2\/users\/1"}],"replies":[{"embeddable":true,"href":"https:\/\/agora.xtec.cat\/ceebalmes2\/wp-json\/wp\/v2\/comments?post=73"}],"version-history":[{"count":6,"href":"https:\/\/agora.xtec.cat\/ceebalmes2\/wp-json\/wp\/v2\/pages\/73\/revisions"}],"predecessor-version":[{"id":3962,"href":"https:\/\/agora.xtec.cat\/ceebalmes2\/wp-json\/wp\/v2\/pages\/73\/revisions\/3962"}],"up":[{"embeddable":true,"href":"https:\/\/agora.xtec.cat\/ceebalmes2\/wp-json\/wp\/v2\/pages\/84"}],"wp:attachment":[{"href":"https:\/\/agora.xtec.cat\/ceebalmes2\/wp-json\/wp\/v2\/media?parent=73"}],"curies":[{"name":"wp","href":"https:\/\/api.w.org\/{rel}","templated":true}]}}