{"id":71,"date":"2014-09-18T12:44:56","date_gmt":"2014-09-18T10:44:56","guid":{"rendered":"http:\/\/agora.xtec.cat\/ceebalmes2\/?page_id=71"},"modified":"2025-10-19T22:12:24","modified_gmt":"2025-10-19T20:12:24","slug":"serveis-digitals","status":"publish","type":"page","link":"https:\/\/agora.xtec.cat\/ceebalmes2\/serveis\/activitats-extraescolars\/serveis-digitals\/","title":{"rendered":"H\u00edpica terap\u00e9utica"},"content":{"rendered":"<p style=\"text-align: justify;\">Existeixen diferents disciplines dintre de l&#8217;equinoter\u00e0pia. A la nostra escola, degut al perfil d&#8217;alumnes i a les seves condicions i necessitats, considerem <strong>l&#8217;h\u00edpica terap\u00e9utica<\/strong> com al tipus de ter\u00e0pia equestre m\u00e9s benefici\u00f3s.<\/p>\n<p style=\"text-align: justify;\">Aquesta consisteix en la realitzaci\u00f3 d&#8217;exercicis fisioterap\u00e9utics de base neurofisiol\u00f2gica, amb i sobre el cavall. El cavall quan es muntat, exerceix una transmissi\u00f3 d\u2019impulsos r\u00edtmics, repetitius i rotatius que es propaguen a trav\u00e9s de la cintura p\u00e8lvica i la columna vertebral i d\u2019aqu\u00ed als dem\u00e9s membres perif\u00e8rics, provocant una millor coordinaci\u00f3 psicomotriu, una normalitzaci\u00f3 del to muscular i en conseq\u00fc\u00e8ncia, adequades reaccions d\u2019equilibri.<\/p>\n<p style=\"text-align: justify;\">Respecte als seus beneficis psicol\u00f2gics, incrementa l&#8217;autoestima i la seguretat, fomenta l&#8217;autonomia i l&#8217;autocontrol, millora la comunicaci\u00f3, potencia la concentraci\u00f3 i l&#8217;atenci\u00f3, i desenvolupa el respecte envers els animals.<\/p>\n<p style=\"text-align: justify;\">A l&#8217;escola treballem setmanalment a les nostres instal.lacions, amb l&#8217;h\u00edpica <em>http:\/\/www.deltadelllobregat.cat\/<\/em><\/p>\n<p>&nbsp;<\/p>\n<p><img loading=\"lazy\" decoding=\"async\" class=\"alignnone size-medium wp-image-1421\" src=\"https:\/\/agora.xtec.cat\/ceebalmes2\/wp-content\/uploads\/usu1973\/2020\/02\/IMG_20191127_135336-225x300.jpg\" alt=\"\" width=\"225\" height=\"300\" srcset=\"https:\/\/agora.xtec.cat\/ceebalmes2\/wp-content\/uploads\/usu1973\/2020\/02\/IMG_20191127_135336-225x300.jpg 225w, https:\/\/agora.xtec.cat\/ceebalmes2\/wp-content\/uploads\/usu1973\/2020\/02\/IMG_20191127_135336.jpg 336w\" sizes=\"auto, (max-width: 225px) 100vw, 225px\" \/><\/p>\n<p>&nbsp;<\/p>\n<p>&nbsp;<\/p>\n<p>&nbsp;<\/p>\n<p>&nbsp;<\/p>\n<p>&nbsp;<\/p>\n<p>&nbsp;<\/p>\n<p>&nbsp;<\/p>\n","protected":false},"excerpt":{"rendered":"<p>Existeixen diferents disciplines dintre de l&#8217;equinoter\u00e0pia. A la nostra escola, degut al perfil d&#8217;alumnes i a les seves condicions i necessitats, considerem l&#8217;h\u00edpica terap\u00e9utica com al tipus de ter\u00e0pia equestre m\u00e9s benefici\u00f3s.<br \/>\nAquesta consisteix en la realitzaci\u00f3 d&#8217;exercicis fisioterap\u00e9utics de base neurofisiol\u00f2gica, amb i sobre el&hellip;  <a href=\"https:\/\/agora.xtec.cat\/ceebalmes2\/serveis\/activitats-extraescolars\/serveis-digitals\/\" title=\"Read H\u00edpica terap\u00e9utica\">Llegeix m\u00e9s\u00bb<\/a><\/p>\n","protected":false},"author":1,"featured_media":0,"parent":84,"menu_order":10,"comment_status":"closed","ping_status":"closed","template":"page-templates\/side-menu.php","meta":{"_bbp_topic_count":0,"_bbp_reply_count":0,"_bbp_total_topic_count":0,"_bbp_total_reply_count":0,"_bbp_voice_count":0,"_bbp_anonymous_reply_count":0,"_bbp_topic_count_hidden":0,"_bbp_reply_count_hidden":0,"_bbp_forum_subforum_count":0,"footnotes":""},"class_list":["post-71","page","type-page","status-publish","hentry"],"post_mailing_queue_ids":[],"_links":{"self":[{"href":"https:\/\/agora.xtec.cat\/ceebalmes2\/wp-json\/wp\/v2\/pages\/71","targetHints":{"allow":["GET"]}}],"collection":[{"href":"https:\/\/agora.xtec.cat\/ceebalmes2\/wp-json\/wp\/v2\/pages"}],"about":[{"href":"https:\/\/agora.xtec.cat\/ceebalmes2\/wp-json\/wp\/v2\/types\/page"}],"author":[{"embeddable":true,"href":"https:\/\/agora.xtec.cat\/ceebalmes2\/wp-json\/wp\/v2\/users\/1"}],"replies":[{"embeddable":true,"href":"https:\/\/agora.xtec.cat\/ceebalmes2\/wp-json\/wp\/v2\/comments?post=71"}],"version-history":[{"count":6,"href":"https:\/\/agora.xtec.cat\/ceebalmes2\/wp-json\/wp\/v2\/pages\/71\/revisions"}],"predecessor-version":[{"id":3885,"href":"https:\/\/agora.xtec.cat\/ceebalmes2\/wp-json\/wp\/v2\/pages\/71\/revisions\/3885"}],"up":[{"embeddable":true,"href":"https:\/\/agora.xtec.cat\/ceebalmes2\/wp-json\/wp\/v2\/pages\/84"}],"wp:attachment":[{"href":"https:\/\/agora.xtec.cat\/ceebalmes2\/wp-json\/wp\/v2\/media?parent=71"}],"curies":[{"name":"wp","href":"https:\/\/api.w.org\/{rel}","templated":true}]}}