{"id":661,"date":"2019-03-08T11:11:51","date_gmt":"2019-03-08T10:11:51","guid":{"rendered":"https:\/\/agora.xtec.cat\/ceebalmes2\/?page_id=661"},"modified":"2020-12-08T12:58:00","modified_gmt":"2020-12-08T11:58:00","slug":"lescola-2","status":"publish","type":"page","link":"https:\/\/agora.xtec.cat\/ceebalmes2\/lescola-2\/","title":{"rendered":"L&#8217;escola"},"content":{"rendered":"\r\n\t<div class=\"slideshow_container slideshow_container_style-light\" style=\"height: 500px; \" data-slideshow-id=\"744\" data-style-name=\"style-light\" data-style-version=\"2.3.1\" >\r\n\r\n\t\t\t\t\t<div class=\"slideshow_loading_icon\"><\/div>\r\n\t\t\r\n\t\t<div class=\"slideshow_content\" style=\"display: none;\">\r\n\r\n\t\t\t<div class=\"slideshow_view\">\r\n\t\t\t\t<div class=\"slideshow_slide slideshow_slide_image\">\r\n\t\t\t\t\t\t\t\t\t\t\t<img src=\"https:\/\/agora.xtec.cat\/ceebalmes2\/wp-content\/uploads\/usu1973\/2019\/03\/IMG_0814.jpg\" alt=\"IMG_0814\" width=\"2816\" height=\"2112\" \/>\r\n\t\t\t\t\t\t\t\t\t\t<div class=\"slideshow_description_box slideshow_transparent\">\r\n\t\t\t\t\t\t\t\t\t\t\t\t\t\t\t\t\t<\/div>\r\n\t\t\t\t<\/div>\r\n\r\n\t\t\t\t\t\t<div style=\"clear: both;\"><\/div><\/div><div class=\"slideshow_view\">\r\n\t\t\t\t<div class=\"slideshow_slide slideshow_slide_image\">\r\n\t\t\t\t\t\t\t\t\t\t\t<img src=\"https:\/\/agora.xtec.cat\/ceebalmes2\/wp-content\/uploads\/usu1973\/2019\/03\/passad\u00eds-bruno.jpg\" alt=\"passad\u00eds bruno\" width=\"412\" height=\"295\" \/>\r\n\t\t\t\t\t\t\t\t\t\t<div class=\"slideshow_description_box slideshow_transparent\">\r\n\t\t\t\t\t\t\t\t\t\t\t\t\t\t\t\t\t<\/div>\r\n\t\t\t\t<\/div>\r\n\r\n\t\t\t\t\t\t<div style=\"clear: both;\"><\/div><\/div><div class=\"slideshow_view\">\r\n\t\t\t\t<div class=\"slideshow_slide slideshow_slide_image\">\r\n\t\t\t\t\t\t\t\t\t\t\t<img src=\"https:\/\/agora.xtec.cat\/ceebalmes2\/wp-content\/uploads\/usu1973\/2019\/03\/nept\u00fa-pdi.jpg\" alt=\"nept\u00fa pdi\" width=\"336\" height=\"383\" \/>\r\n\t\t\t\t\t\t\t\t\t\t<div class=\"slideshow_description_box slideshow_transparent\">\r\n\t\t\t\t\t\t\t\t\t\t\t\t\t\t\t\t\t<\/div>\r\n\t\t\t\t<\/div>\r\n\r\n\t\t\t\t\t\t<div style=\"clear: both;\"><\/div><\/div><div class=\"slideshow_view\">\r\n\t\t\t\t<div class=\"slideshow_slide slideshow_slide_image\">\r\n\t\t\t\t\t\t\t\t\t\t\t<img src=\"https:\/\/agora.xtec.cat\/ceebalmes2\/wp-content\/uploads\/usu1973\/2019\/03\/chemialex.jpg\" alt=\"chemialex\" width=\"448\" height=\"336\" \/>\r\n\t\t\t\t\t\t\t\t\t\t<div class=\"slideshow_description_box slideshow_transparent\">\r\n\t\t\t\t\t\t\t\t\t\t\t\t\t\t\t\t\t<\/div>\r\n\t\t\t\t<\/div>\r\n\r\n\t\t\t\t\t\t<div style=\"clear: both;\"><\/div><\/div><div class=\"slideshow_view\">\r\n\t\t\t\t<div class=\"slideshow_slide slideshow_slide_image\">\r\n\t\t\t\t\t\t\t\t\t\t\t<img src=\"https:\/\/agora.xtec.cat\/ceebalmes2\/wp-content\/uploads\/usu1973\/2019\/06\/manspintura.jpg\" alt=\"manspintura\" width=\"448\" height=\"336\" \/>\r\n\t\t\t\t\t\t\t\t\t\t<div class=\"slideshow_description_box slideshow_transparent\">\r\n\t\t\t\t\t\t\t\t\t\t\t\t\t\t\t\t\t<\/div>\r\n\t\t\t\t<\/div>\r\n\r\n\t\t\t\t\t\t<div style=\"clear: both;\"><\/div><\/div><div class=\"slideshow_view\">\r\n\t\t\t\t<div class=\"slideshow_slide slideshow_slide_image\">\r\n\t\t\t\t\t\t\t\t\t\t\t<img src=\"https:\/\/agora.xtec.cat\/ceebalmes2\/wp-content\/uploads\/usu1973\/2019\/05\/andreapictos.jpg\" alt=\"andreapictos\" width=\"448\" height=\"336\" \/>\r\n\t\t\t\t\t\t\t\t\t\t<div class=\"slideshow_description_box slideshow_transparent\">\r\n\t\t\t\t\t\t\t\t\t\t\t\t\t\t\t\t\t<\/div>\r\n\t\t\t\t<\/div>\r\n\r\n\t\t\t\t\t\t<div style=\"clear: both;\"><\/div><\/div><div class=\"slideshow_view\">\r\n\t\t\t\t<div class=\"slideshow_slide slideshow_slide_image\">\r\n\t\t\t\t\t\t\t\t\t\t\t<img src=\"https:\/\/agora.xtec.cat\/ceebalmes2\/wp-content\/uploads\/usu1973\/2019\/03\/multi.jpg\" alt=\"multi\" width=\"448\" height=\"336\" \/>\r\n\t\t\t\t\t\t\t\t\t\t<div class=\"slideshow_description_box slideshow_transparent\">\r\n\t\t\t\t\t\t\t\t\t\t\t\t\t\t\t\t\t<\/div>\r\n\t\t\t\t<\/div>\r\n\r\n\t\t\t\t\t\t<div style=\"clear: both;\"><\/div><\/div><div class=\"slideshow_view\">\r\n\t\t\t\t<div class=\"slideshow_slide slideshow_slide_image\">\r\n\t\t\t\t\t\t\t\t\t\t\t<img src=\"https:\/\/agora.xtec.cat\/ceebalmes2\/wp-content\/uploads\/usu1973\/2019\/06\/multi2.jpg\" alt=\"mde\" width=\"448\" height=\"307\" \/>\r\n\t\t\t\t\t\t\t\t\t\t<div class=\"slideshow_description_box slideshow_transparent\">\r\n\t\t\t\t\t\t\t\t\t\t\t\t\t\t\t\t\t<\/div>\r\n\t\t\t\t<\/div>\r\n\r\n\t\t\t\t\t\t<div style=\"clear: both;\"><\/div><\/div><div class=\"slideshow_view\">\r\n\t\t\t\t<div class=\"slideshow_slide slideshow_slide_image\">\r\n\t\t\t\t\t\t\t\t\t\t\t<img src=\"https:\/\/agora.xtec.cat\/ceebalmes2\/wp-content\/uploads\/usu1973\/2019\/12\/IMG_0811.jpg\" alt=\"IMG_0811\" width=\"448\" height=\"252\" \/>\r\n\t\t\t\t\t\t\t\t\t\t<div class=\"slideshow_description_box slideshow_transparent\">\r\n\t\t\t\t\t\t\t\t\t\t\t\t\t\t\t\t\t<\/div>\r\n\t\t\t\t<\/div>\r\n\r\n\t\t\t\t\t\t<div style=\"clear: both;\"><\/div><\/div><div class=\"slideshow_view\">\r\n\t\t\t\t<div class=\"slideshow_slide slideshow_slide_image\">\r\n\t\t\t\t\t\t\t\t\t\t\t<img src=\"https:\/\/agora.xtec.cat\/ceebalmes2\/wp-content\/uploads\/usu1973\/2019\/03\/pati-cavalls.jpg\" alt=\"pati cavalls\" width=\"448\" height=\"252\" \/>\r\n\t\t\t\t\t\t\t\t\t\t<div class=\"slideshow_description_box slideshow_transparent\">\r\n\t\t\t\t\t\t\t\t\t\t\t\t\t\t\t\t\t<\/div>\r\n\t\t\t\t<\/div>\r\n\r\n\t\t\t\t\t\t<div style=\"clear: both;\"><\/div><\/div><div class=\"slideshow_view\">\r\n\t\t\t\t<div class=\"slideshow_slide slideshow_slide_image\">\r\n\t\t\t\t\t\t\t\t\t\t\t<img src=\"https:\/\/agora.xtec.cat\/ceebalmes2\/wp-content\/uploads\/usu1973\/2019\/03\/festaparacaigudes.jpg\" alt=\"festaparacaigudes\" width=\"346\" height=\"336\" \/>\r\n\t\t\t\t\t\t\t\t\t\t<div class=\"slideshow_description_box slideshow_transparent\">\r\n\t\t\t\t\t\t\t\t\t\t\t\t\t\t\t\t\t<\/div>\r\n\t\t\t\t<\/div>\r\n\r\n\t\t\t\t\t\t<div style=\"clear: both;\"><\/div><\/div>\r\n\t\t<\/div>\r\n\r\n\t\t<div class=\"slideshow_controlPanel slideshow_transparent\" style=\"display: none;\"><ul><li class=\"slideshow_togglePlay\" data-play-text=\"Visualitza\" data-pause-text=\"Pausa\"><\/li><\/ul><\/div>\r\n\r\n\t\t<div class=\"slideshow_button slideshow_previous slideshow_transparent\" role=\"button\" data-previous-text=\"Anterior\" style=\"display: none;\"><\/div>\r\n\t\t<div class=\"slideshow_button slideshow_next slideshow_transparent\" role=\"button\" data-next-text=\"Seg\u00fcent\" style=\"display: none;\"><\/div>\r\n\r\n\t\t<div class=\"slideshow_pagination\" style=\"display: none;\" data-go-to-text=\"V\u00e9s a la diapositiva\"><div class=\"slideshow_pagination_center\"><\/div><\/div>\r\n\r\n\t\t<!-- WordPress Slideshow Version 2.3.1 -->\r\n\r\n\t\t\t<\/div>\r\n\r\n\n<p>CEE Balmes II \u00e9s un Centre d&#8217;Educaci\u00f3 Especial, concertat amb el Departament d&#8217;Educaci\u00f3 i amb conveni amb el Servei Catal\u00e0 de Salut, de la Generalitat de Catalunya, que ofereix una atenci\u00f3 a 48 alumnes d&#8217;entre 3 i 20 anys, amb afectaci\u00f3 neurol\u00f2gica i de salut, que pot implicar trastorns motrius, cognitius o sensorials,\u00a0 i que requereixen una elevada intensitat de suport educatiu altament especialitzat.<\/p>\n<p style=\"text-align: justify;\">El nostre objectiu principal \u00e9s oferir un entorn i una atenci\u00f3 que facilitin al m\u00e0xim el creixement i el desenvolupament personal, i que proporcionin experi\u00e8ncies de seguretat, estabilitat i oportunitats de progr\u00e9s per a tots els alumnes.<\/p>\n<p style=\"text-align: justify;\">Entenem\u00a0que l<span class=\"hiddenGrammarError\">\u00b4<\/span>educaci\u00f3 \u00e9s possible per a qualsevol persona per greu que sigui la seva situaci\u00f3 vital, i tanmateix un dret, que oferim des d&#8217;una resposta inclusiva i integradora a la diversitat de l&#8217;alumnat, fent una aproximaci\u00f3 globalitzadora i interdisciplin\u00e0ria als continguts curriculars.<\/p>\n<p style=\"text-align: justify;\">Tal com\u00a0es recull a la\u00a0<span class=\"hiddenSpellError\">LEC<\/span> (Llei d&#8217;Educaci\u00f3 de Catalunya, 2009) &#8220;Els alumnes tenen dret a rebre una educaci\u00f3 integral, orientada al ple desenvolupament de la personalitat, pel que fa als principis democr\u00e0tics de conviv\u00e8ncia i als drets i les llibertats fonamentals&#8221;.<\/p>\n<p style=\"text-align: justify;\"><a href=\"https:\/\/agora.xtec.cat\/ceebalmes2\/wp-content\/uploads\/usu1973\/2019\/05\/12-set-1.jpg\"><img loading=\"lazy\" decoding=\"async\" class=\"alignnone wp-image-819\" src=\"https:\/\/agora.xtec.cat\/ceebalmes2\/wp-content\/uploads\/usu1973\/2019\/05\/12-set-1-1024x765.jpg\" alt=\"\" width=\"339\" height=\"253\" srcset=\"https:\/\/agora.xtec.cat\/ceebalmes2\/wp-content\/uploads\/usu1973\/2019\/05\/12-set-1-1024x765.jpg 1024w, https:\/\/agora.xtec.cat\/ceebalmes2\/wp-content\/uploads\/usu1973\/2019\/05\/12-set-1-300x224.jpg 300w, https:\/\/agora.xtec.cat\/ceebalmes2\/wp-content\/uploads\/usu1973\/2019\/05\/12-set-1-768x574.jpg 768w, https:\/\/agora.xtec.cat\/ceebalmes2\/wp-content\/uploads\/usu1973\/2019\/05\/12-set-1-200x150.jpg 200w\" sizes=\"auto, (max-width: 339px) 100vw, 339px\" \/>\u00a0\u00a0\u00a0\u00a0\u00a0\u00a0\u00a0\u00a0\u00a0\u00a0\u00a0\u00a0\u00a0\u00a0\u00a0 <\/a><a href=\"https:\/\/agora.xtec.cat\/ceebalmes2\/wp-content\/uploads\/usu1973\/2019\/12\/IMG_1250.jpg\"><img loading=\"lazy\" decoding=\"async\" class=\"alignnone wp-image-1340\" src=\"https:\/\/agora.xtec.cat\/ceebalmes2\/wp-content\/uploads\/usu1973\/2019\/12\/IMG_1250.jpg\" alt=\"\" width=\"404\" height=\"246\" srcset=\"https:\/\/agora.xtec.cat\/ceebalmes2\/wp-content\/uploads\/usu1973\/2019\/12\/IMG_1250.jpg 448w, https:\/\/agora.xtec.cat\/ceebalmes2\/wp-content\/uploads\/usu1973\/2019\/12\/IMG_1250-300x183.jpg 300w\" sizes=\"auto, (max-width: 404px) 100vw, 404px\" \/><\/a><a href=\"https:\/\/agora.xtec.cat\/ceebalmes2\/wp-content\/uploads\/usu1973\/2019\/12\/IMG_1162.jpg\"><img loading=\"lazy\" decoding=\"async\" class=\"alignnone wp-image-1345\" src=\"https:\/\/agora.xtec.cat\/ceebalmes2\/wp-content\/uploads\/usu1973\/2019\/12\/IMG_1162.jpg\" alt=\"\" width=\"396\" height=\"223\" srcset=\"https:\/\/agora.xtec.cat\/ceebalmes2\/wp-content\/uploads\/usu1973\/2019\/12\/IMG_1162.jpg 448w, https:\/\/agora.xtec.cat\/ceebalmes2\/wp-content\/uploads\/usu1973\/2019\/12\/IMG_1162-300x169.jpg 300w\" sizes=\"auto, (max-width: 396px) 100vw, 396px\" \/><\/a><a href=\"https:\/\/agora.xtec.cat\/ceebalmes2\/wp-content\/uploads\/usu1973\/2019\/05\/12-set-1.jpg\">\u00a0\u00a0\u00a0\u00a0\u00a0\u00a0\u00a0\u00a0\u00a0\u00a0\u00a0\u00a0\u00a0\u00a0\u00a0\u00a0\u00a0\u00a0\u00a0\u00a0\u00a0\u00a0\u00a0\u00a0\u00a0\u00a0\u00a0\u00a0\u00a0\u00a0\u00a0\u00a0\u00a0\u00a0\u00a0\u00a0\u00a0\u00a0\u00a0\u00a0\u00a0\u00a0\u00a0\u00a0\u00a0\u00a0\u00a0 <\/a><a href=\"https:\/\/agora.xtec.cat\/ceebalmes2\/wp-content\/uploads\/usu1973\/2019\/05\/stjordilaia.jpg\"><img loading=\"lazy\" decoding=\"async\" class=\"alignnone wp-image-851\" src=\"https:\/\/agora.xtec.cat\/ceebalmes2\/wp-content\/uploads\/usu1973\/2019\/05\/stjordilaia.jpg\" alt=\"\" width=\"397\" height=\"308\" srcset=\"https:\/\/agora.xtec.cat\/ceebalmes2\/wp-content\/uploads\/usu1973\/2019\/05\/stjordilaia.jpg 433w, https:\/\/agora.xtec.cat\/ceebalmes2\/wp-content\/uploads\/usu1973\/2019\/05\/stjordilaia-300x233.jpg 300w\" sizes=\"auto, (max-width: 397px) 100vw, 397px\" \/><\/a><\/p>\n<p><a href=\"https:\/\/agora.xtec.cat\/ceebalmes2\/wp-content\/uploads\/usu1973\/2019\/06\/multi2.jpg\"><img loading=\"lazy\" decoding=\"async\" class=\"wp-image-995 aligncenter\" src=\"https:\/\/agora.xtec.cat\/ceebalmes2\/wp-content\/uploads\/usu1973\/2019\/06\/multi2.jpg\" alt=\"\" width=\"438\" height=\"300\" srcset=\"https:\/\/agora.xtec.cat\/ceebalmes2\/wp-content\/uploads\/usu1973\/2019\/06\/multi2.jpg 448w, https:\/\/agora.xtec.cat\/ceebalmes2\/wp-content\/uploads\/usu1973\/2019\/06\/multi2-300x206.jpg 300w\" sizes=\"auto, (max-width: 438px) 100vw, 438px\" \/><\/a><\/p>\n<p>&nbsp;<\/p>\n<p style=\"text-align: justify;\"><a href=\"https:\/\/agora.xtec.cat\/ceebalmes2\/wp-content\/uploads\/usu1973\/2019\/05\/12-set-1.jpg\">\u00a0 \u00a0 \u00a0\u00a0<\/a>\u00a0<a href=\"https:\/\/agora.xtec.cat\/ceebalmes2\/wp-content\/uploads\/usu1973\/2019\/05\/IMG_1789.jpg\"><img loading=\"lazy\" decoding=\"async\" class=\"alignnone wp-image-823\" src=\"https:\/\/agora.xtec.cat\/ceebalmes2\/wp-content\/uploads\/usu1973\/2019\/05\/IMG_1789-1024x765.jpg\" alt=\"\" width=\"397\" height=\"297\" srcset=\"https:\/\/agora.xtec.cat\/ceebalmes2\/wp-content\/uploads\/usu1973\/2019\/05\/IMG_1789-1024x765.jpg 1024w, https:\/\/agora.xtec.cat\/ceebalmes2\/wp-content\/uploads\/usu1973\/2019\/05\/IMG_1789-300x224.jpg 300w, https:\/\/agora.xtec.cat\/ceebalmes2\/wp-content\/uploads\/usu1973\/2019\/05\/IMG_1789-768x574.jpg 768w, https:\/\/agora.xtec.cat\/ceebalmes2\/wp-content\/uploads\/usu1973\/2019\/05\/IMG_1789-200x150.jpg 200w\" sizes=\"auto, (max-width: 397px) 100vw, 397px\" \/> \u00a0 \u00a0 \u00a0 \u00a0 \u00a0 \u00a0 \u00a0 \u00a0 \u00a0 \u00a0 \u00a0 \u00a0 \u00a0 <\/a><a href=\"https:\/\/agora.xtec.cat\/ceebalmes2\/wp-content\/uploads\/usu1973\/2019\/05\/conte-3.jpg\"><img loading=\"lazy\" decoding=\"async\" class=\"alignnone wp-image-820\" src=\"https:\/\/agora.xtec.cat\/ceebalmes2\/wp-content\/uploads\/usu1973\/2019\/05\/conte-3-1024x768.jpg\" alt=\"\" width=\"397\" height=\"298\" srcset=\"https:\/\/agora.xtec.cat\/ceebalmes2\/wp-content\/uploads\/usu1973\/2019\/05\/conte-3-1024x768.jpg 1024w, https:\/\/agora.xtec.cat\/ceebalmes2\/wp-content\/uploads\/usu1973\/2019\/05\/conte-3-300x225.jpg 300w, https:\/\/agora.xtec.cat\/ceebalmes2\/wp-content\/uploads\/usu1973\/2019\/05\/conte-3-768x576.jpg 768w, https:\/\/agora.xtec.cat\/ceebalmes2\/wp-content\/uploads\/usu1973\/2019\/05\/conte-3-200x150.jpg 200w\" sizes=\"auto, (max-width: 397px) 100vw, 397px\" \/>\u00a0 <\/a><a href=\"https:\/\/agora.xtec.cat\/ceebalmes2\/wp-content\/uploads\/usu1973\/2019\/11\/IMG_2430.jpg\"><img loading=\"lazy\" decoding=\"async\" class=\"alignnone wp-image-1238\" src=\"https:\/\/agora.xtec.cat\/ceebalmes2\/wp-content\/uploads\/usu1973\/2019\/11\/IMG_2430.jpg\" alt=\"\" width=\"301\" height=\"286\" srcset=\"https:\/\/agora.xtec.cat\/ceebalmes2\/wp-content\/uploads\/usu1973\/2019\/11\/IMG_2430.jpg 354w, https:\/\/agora.xtec.cat\/ceebalmes2\/wp-content\/uploads\/usu1973\/2019\/11\/IMG_2430-300x285.jpg 300w\" sizes=\"auto, (max-width: 301px) 100vw, 301px\" \/><\/a><\/p>\n<p style=\"text-align: justify;\">Treballem des de la transmissi\u00f3 i consolidaci\u00f3 de valors que considerem b\u00e0sics, com el respecte, la responsabilitat, la solidaritat i la igualtat d&#8217;oportunitats per a tots els col\u00b7lectius. Oferim un espai per a la inclusi\u00f3 escolar i la cohesi\u00f3 social.<\/p>\n<p style=\"text-align: justify;\">Tenim en compte la coeducaci\u00f3 i el foment de la igualtat real i efectiva entre homes i dones.<\/p>\n<p style=\"text-align: justify;\">Promovem el comprom\u00eds de les fam\u00edlies en el proc\u00e9s educatiu i l&#8217;est\u00edmul i suport per fer-lo possible. Aix\u00ed com la col\u00b7laboraci\u00f3 i cooperaci\u00f3 amb altres entitats de l&#8217;entorn social.<\/p>\n<p style=\"text-align: justify;\">I tenim cura\u00a0 de qu\u00e8 la formaci\u00f3 continuada de tots els professionals, compromesos amb la innovaci\u00f3 i l&#8217;aplicaci\u00f3 de criteris d&#8217;avaluaci\u00f3, garanteixi una atenci\u00f3 especialitzada i de m\u00e0xima qualitat.<\/p>\n<p style=\"text-align: justify;\">\n","protected":false},"excerpt":{"rendered":"<ul>\n<li class=\"slideshow_togglePlay\" data-play-text=\"Visualitza\" data-pause-text=\"Pausa\"><\/li>\n<\/ul>\n<p>CEE Balmes II \u00e9s un Centre d&#8217;Educaci\u00f3 Especial, concertat amb el Departament d&#8217;Educaci\u00f3 i amb conveni amb el Servei Catal\u00e0 de Salut, de la Generalitat de Catalunya, que ofereix una atenci\u00f3 a 48 alumnes d&#8217;entre 3 i 20 anys, amb afectaci\u00f3 neurol\u00f2gica&hellip;  <a href=\"https:\/\/agora.xtec.cat\/ceebalmes2\/lescola-2\/\" title=\"Read L&#8217;escola\">Llegeix m\u00e9s\u00bb<\/a><\/p>\n","protected":false},"author":1,"featured_media":0,"parent":0,"menu_order":0,"comment_status":"closed","ping_status":"closed","template":"","meta":{"_bbp_topic_count":0,"_bbp_reply_count":0,"_bbp_total_topic_count":0,"_bbp_total_reply_count":0,"_bbp_voice_count":0,"_bbp_anonymous_reply_count":0,"_bbp_topic_count_hidden":0,"_bbp_reply_count_hidden":0,"_bbp_forum_subforum_count":0,"footnotes":""},"class_list":["post-661","page","type-page","status-publish","hentry"],"post_mailing_queue_ids":[],"_links":{"self":[{"href":"https:\/\/agora.xtec.cat\/ceebalmes2\/wp-json\/wp\/v2\/pages\/661","targetHints":{"allow":["GET"]}}],"collection":[{"href":"https:\/\/agora.xtec.cat\/ceebalmes2\/wp-json\/wp\/v2\/pages"}],"about":[{"href":"https:\/\/agora.xtec.cat\/ceebalmes2\/wp-json\/wp\/v2\/types\/page"}],"author":[{"embeddable":true,"href":"https:\/\/agora.xtec.cat\/ceebalmes2\/wp-json\/wp\/v2\/users\/1"}],"replies":[{"embeddable":true,"href":"https:\/\/agora.xtec.cat\/ceebalmes2\/wp-json\/wp\/v2\/comments?post=661"}],"version-history":[{"count":4,"href":"https:\/\/agora.xtec.cat\/ceebalmes2\/wp-json\/wp\/v2\/pages\/661\/revisions"}],"predecessor-version":[{"id":1868,"href":"https:\/\/agora.xtec.cat\/ceebalmes2\/wp-json\/wp\/v2\/pages\/661\/revisions\/1868"}],"wp:attachment":[{"href":"https:\/\/agora.xtec.cat\/ceebalmes2\/wp-json\/wp\/v2\/media?parent=661"}],"curies":[{"name":"wp","href":"https:\/\/api.w.org\/{rel}","templated":true}]}}