{"id":3677,"date":"2023-06-12T13:35:33","date_gmt":"2023-06-12T11:35:33","guid":{"rendered":"https:\/\/agora.xtec.cat\/cee-mariafelipduran-gava\/?page_id=3677"},"modified":"2023-06-12T13:36:07","modified_gmt":"2023-06-12T11:36:07","slug":"estrategia-digital-de-centre","status":"publish","type":"page","link":"https:\/\/agora.xtec.cat\/cee-mariafelipduran-gava\/estrategia-digital-de-centre\/","title":{"rendered":"Estrat\u00e8gia digital de centre"},"content":{"rendered":"<p dir=\"ltr\">QU\u00c8 \u00c9S?<\/p>\n<p><a href=\"https:\/\/projectes.xtec.cat\/edc-suport\/\">L\u2019Estrat\u00e8gia Digital de Centre<\/a> (EDC) \u00e9s un document que recull totes les accions que es realitzen i que es realitzaran a mitj\u00e0 termini a un centre, per a aconseguir la m\u00e0xima compet\u00e8ncia digital de l\u2019alumnat, del professorat i del centre educatiu. Ha de tenir com a referent el Pla d\u2019educaci\u00f3 digital de Catalunya (PEDC), on s\u2019indica la necessitat d\u2019assolir la fita d\u2019una societat digitalment competent, fent \u00e8mfasi en l\u2019equitat i considerant l\u2019evoluci\u00f3 del context social i tecnol\u00f2gic.<\/p>\n<p>A continuaci\u00f3 us deixem enlla\u00e7at el Sites de l&#8217;escola on trobareu tota la informaci\u00f3 referent a l&#8217;EDC.<\/p>\n<p>&nbsp;<\/p>\n<p><a href=\"http:\/\/sites.google.com\/xtec.cat\/cee-mara-felip\/p%C3%A0gina-principal\"><img loading=\"lazy\" decoding=\"async\" class=\"alignnone wp-image-3679 size-large\" src=\"https:\/\/agora.xtec.cat\/cee-mariafelipduran-gava\/wp-content\/uploads\/usu218\/2023\/06\/sites-edc-mfd-1024x316.png\" alt=\"\" width=\"1024\" height=\"316\" srcset=\"https:\/\/agora.xtec.cat\/cee-mariafelipduran-gava\/wp-content\/uploads\/usu218\/2023\/06\/sites-edc-mfd-1024x316.png 1024w, https:\/\/agora.xtec.cat\/cee-mariafelipduran-gava\/wp-content\/uploads\/usu218\/2023\/06\/sites-edc-mfd-300x93.png 300w, https:\/\/agora.xtec.cat\/cee-mariafelipduran-gava\/wp-content\/uploads\/usu218\/2023\/06\/sites-edc-mfd-768x237.png 768w, https:\/\/agora.xtec.cat\/cee-mariafelipduran-gava\/wp-content\/uploads\/usu218\/2023\/06\/sites-edc-mfd.png 1432w\" sizes=\"auto, (max-width: 1024px) 100vw, 1024px\" \/><\/a><\/p>\n<p style=\"text-align: center;\">\n","protected":false},"excerpt":{"rendered":"<p>QU\u00c8 \u00c9S?<br \/>\n<a href=\"https:\/\/projectes.xtec.cat\/edc-suport\/\">L\u2019Estrat\u00e8gia Digital de Centre<\/a> (EDC) \u00e9s un document que recull totes les accions que es realitzen i que es realitzaran a mitj\u00e0 termini a un centre, per a aconseguir la m\u00e0xima compet\u00e8ncia digital de l\u2019alumnat, del professorat i del centre educatiu. Ha de&hellip;  <a href=\"https:\/\/agora.xtec.cat\/cee-mariafelipduran-gava\/estrategia-digital-de-centre\/\" title=\"Read Estrat\u00e8gia digital de centre\">Llegeix m\u00e9s\u00bb<\/a><\/p>\n","protected":false},"author":9,"featured_media":0,"parent":0,"menu_order":0,"comment_status":"closed","ping_status":"closed","template":"","meta":{"_bbp_topic_count":0,"_bbp_reply_count":0,"_bbp_total_topic_count":0,"_bbp_total_reply_count":0,"_bbp_voice_count":0,"_bbp_anonymous_reply_count":0,"_bbp_topic_count_hidden":0,"_bbp_reply_count_hidden":0,"_bbp_forum_subforum_count":0,"footnotes":""},"class_list":["post-3677","page","type-page","status-publish","hentry"],"post_mailing_queue_ids":[],"_links":{"self":[{"href":"https:\/\/agora.xtec.cat\/cee-mariafelipduran-gava\/wp-json\/wp\/v2\/pages\/3677","targetHints":{"allow":["GET"]}}],"collection":[{"href":"https:\/\/agora.xtec.cat\/cee-mariafelipduran-gava\/wp-json\/wp\/v2\/pages"}],"about":[{"href":"https:\/\/agora.xtec.cat\/cee-mariafelipduran-gava\/wp-json\/wp\/v2\/types\/page"}],"author":[{"embeddable":true,"href":"https:\/\/agora.xtec.cat\/cee-mariafelipduran-gava\/wp-json\/wp\/v2\/users\/9"}],"replies":[{"embeddable":true,"href":"https:\/\/agora.xtec.cat\/cee-mariafelipduran-gava\/wp-json\/wp\/v2\/comments?post=3677"}],"version-history":[{"count":3,"href":"https:\/\/agora.xtec.cat\/cee-mariafelipduran-gava\/wp-json\/wp\/v2\/pages\/3677\/revisions"}],"predecessor-version":[{"id":3683,"href":"https:\/\/agora.xtec.cat\/cee-mariafelipduran-gava\/wp-json\/wp\/v2\/pages\/3677\/revisions\/3683"}],"wp:attachment":[{"href":"https:\/\/agora.xtec.cat\/cee-mariafelipduran-gava\/wp-json\/wp\/v2\/media?parent=3677"}],"curies":[{"name":"wp","href":"https:\/\/api.w.org\/{rel}","templated":true}]}}