{"id":34,"date":"2014-09-18T12:32:18","date_gmt":"2014-09-18T11:32:18","guid":{"rendered":"http:\/\/agora.xtec.cat\/cee-mariafelipduran-gava\/?page_id=34"},"modified":"2017-01-10T22:46:23","modified_gmt":"2017-01-10T21:46:23","slug":"oferta-educativa","status":"publish","type":"page","link":"https:\/\/agora.xtec.cat\/cee-mariafelipduran-gava\/lescola\/oferta-educativa\/","title":{"rendered":"Serveis"},"content":{"rendered":"<h6>Transport<\/h6>\n<ul>\n<li>L&#8217;escola disposa de diferents rutes de transport escolar, per tal de facilitar-hi l&#8217;acc\u00e9s des de les diferents poblacions<\/li>\n<li>El servei de transport es gestionat pel Consell Comarcal del Baix Llobregat.<\/li>\n<li>Es un servei gratu\u00eft per a tot l&#8217;alumnat d&#8217;altres localitats. L&#8217;alumnat de Gav\u00e0 ha d&#8217;acreditar un tant per cent per tal d&#8217;utilitzar el transport sense cap cost.<\/li>\n<\/ul>\n<h6>Menjador<\/h6>\n<ul>\n<li>Tot l&#8217;alumnat t\u00e9 dret al servei de menjador.<\/li>\n<li>Es un servei gratu\u00eft per a tot l&#8217;alumnat d&#8217;altres localitats. Per als alumnes de Gav\u00e0 es gestionen els ajuts necessaris per tal que esdevingui un servei gratu\u00eft o de baix cost (ajuts de Consell Comarcal i de ministeri)<\/li>\n<\/ul>\n","protected":false},"excerpt":{"rendered":"<p>Transport<\/p>\n<ul>\n<li>L&#8217;escola disposa de diferents rutes de transport escolar, per tal de facilitar-hi l&#8217;acc\u00e9s des de les diferents poblacions<\/li>\n<li>El servei de transport es gestionat pel Consell Comarcal del Baix Llobregat.<\/li>\n<li>Es un servei gratu\u00eft per a tot l&#8217;alumnat d&#8217;altres localitats. L&#8217;alumnat de Gav\u00e0 ha d&#8217;acreditar un tant&hellip;  <a href=\"https:\/\/agora.xtec.cat\/cee-mariafelipduran-gava\/lescola\/oferta-educativa\/\" title=\"Read Serveis\">Llegeix m\u00e9s\u00bb<\/a><br \/>\n","protected":false},"author":1,"featured_media":0,"parent":22,"menu_order":60,"comment_status":"closed","ping_status":"closed","template":"page-templates\/side-menu.php","meta":{"_bbp_topic_count":0,"_bbp_reply_count":0,"_bbp_total_topic_count":0,"_bbp_total_reply_count":0,"_bbp_voice_count":0,"_bbp_anonymous_reply_count":0,"_bbp_topic_count_hidden":0,"_bbp_reply_count_hidden":0,"_bbp_forum_subforum_count":0,"footnotes":""},"class_list":["post-34","page","type-page","status-publish","hentry"],"post_mailing_queue_ids":[],"_links":{"self":[{"href":"https:\/\/agora.xtec.cat\/cee-mariafelipduran-gava\/wp-json\/wp\/v2\/pages\/34","targetHints":{"allow":["GET"]}}],"collection":[{"href":"https:\/\/agora.xtec.cat\/cee-mariafelipduran-gava\/wp-json\/wp\/v2\/pages"}],"about":[{"href":"https:\/\/agora.xtec.cat\/cee-mariafelipduran-gava\/wp-json\/wp\/v2\/types\/page"}],"author":[{"embeddable":true,"href":"https:\/\/agora.xtec.cat\/cee-mariafelipduran-gava\/wp-json\/wp\/v2\/users\/1"}],"replies":[{"embeddable":true,"href":"https:\/\/agora.xtec.cat\/cee-mariafelipduran-gava\/wp-json\/wp\/v2\/comments?post=34"}],"version-history":[{"count":3,"href":"https:\/\/agora.xtec.cat\/cee-mariafelipduran-gava\/wp-json\/wp\/v2\/pages\/34\/revisions"}],"predecessor-version":[{"id":1313,"href":"https:\/\/agora.xtec.cat\/cee-mariafelipduran-gava\/wp-json\/wp\/v2\/pages\/34\/revisions\/1313"}],"up":[{"embeddable":true,"href":"https:\/\/agora.xtec.cat\/cee-mariafelipduran-gava\/wp-json\/wp\/v2\/pages\/22"}],"wp:attachment":[{"href":"https:\/\/agora.xtec.cat\/cee-mariafelipduran-gava\/wp-json\/wp\/v2\/media?parent=34"}],"curies":[{"name":"wp","href":"https:\/\/api.w.org\/{rel}","templated":true}]}}