{"id":28,"date":"2014-09-18T12:29:35","date_gmt":"2014-09-18T12:29:35","guid":{"rendered":"http:\/\/agora.xtec.cat\/cee-mariafelipduran-gava\/?page_id=28"},"modified":"2025-11-01T19:31:45","modified_gmt":"2025-11-01T18:31:45","slug":"consell-escolar","status":"publish","type":"page","link":"https:\/\/agora.xtec.cat\/cee-mariafelipduran-gava\/lescola\/consell-escolar\/","title":{"rendered":"Equip hum\u00e0"},"content":{"rendered":"<h4>Equip Curs 2025-2026<\/h4>\n<h4>Mestres:<\/h4>\n<ul>\n<li>Julio P\u00e9rez Obeo (tutor de l&#8217;aula 1)<\/li>\n<li>Esperan\u00e7a Garc\u00eda Ci\u00e9rcoles (tutora de l&#8217;aula 2)<\/li>\n<li>Ana Jim\u00e9nez Pulido (tutora de l&#8217;aula 3)<\/li>\n<li>Trinidad S\u00e1nchez Gonz\u00e1lez (tutora de l&#8217;aula 4)<\/li>\n<li>Ram\u00f3n Dur\u00e1n Aparicio (tutor de l&#8217;aula 5)<\/li>\n<li>Patricia Romanos S\u00e1nchez (Cap d&#8217;estudis i tutora de l&#8217;aula 6)<\/li>\n<li>Guadalupe Carreras Gallardo (Directora i refor\u00e7os)<\/li>\n<\/ul>\n<h4>Educadors\/es:<\/h4>\n<ul>\n<li>Irene Del Pino Fuentes (aula 1)<\/li>\n<li>M\u00edriam P\u00e9rez Mart\u00ednez (aula 2)<\/li>\n<li>Ana Paula Tresierra Le\u00f3n (aula 4)<\/li>\n<li>Estela Seral L\u00f3pez (aula 5)<\/li>\n<li>Marc Gil Hern\u00e1ndez (aula 6)<\/li>\n<\/ul>\n<h4>Psic\u00f2loga:<\/h4>\n<ul>\n<li>Beatriz Ram\u00edrez L\u00f3pez<\/li>\n<\/ul>\n<h4>Logopeda:<\/h4>\n<ul>\n<li>Luc\u00eda Marfil Barquero<\/li>\n<\/ul>\n<h4>Fisioterapeuta:<\/h4>\n<ul>\n<li><\/li>\n<\/ul>\n<h4>Infermera:<\/h4>\n<ul>\n<li>Mar Alferez Baquero<\/li>\n<\/ul>\n<h4>Conserge:<\/h4>\n<ul>\n<li>Jordi Alonso Mart\u00edn<\/li>\n<\/ul>\n<h4>Administrativa:<\/h4>\n<ul>\n<li><\/li>\n<\/ul>\n<h4>Monitors\/es de menjador:<\/h4>\n<ul>\n<li>Roc\u00edo Ayelen Alberto de Prado<\/li>\n<li>Carla Fern\u00e1ndez P\u00e9rez<\/li>\n<li>Iris Mbela Rondo<\/li>\n<li>Jahaira Rojas Cascante<\/li>\n<li>Aitana Sabat\u00e9 Fern\u00e1ndez<\/li>\n<li>Ester Soriano Mu\u00f1oz<\/li>\n<li>Alba Villarino Rodr\u00edguez<\/li>\n<\/ul>\n","protected":false},"excerpt":{"rendered":"<p>Equip Curs 2025-2026<br \/>\nMestres:<\/p>\n<ul>\n<li>Julio P\u00e9rez Obeo (tutor de l&#8217;aula 1)<\/li>\n<li>Esperan\u00e7a Garc\u00eda Ci\u00e9rcoles (tutora de l&#8217;aula 2)<\/li>\n<li>Ana Jim\u00e9nez Pulido (tutora de l&#8217;aula 3)<\/li>\n<li>Trinidad S\u00e1nchez Gonz\u00e1lez (tutora de l&#8217;aula 4)<\/li>\n<li>Ram\u00f3n Dur\u00e1n Aparicio (tutor de l&#8217;aula 5)<\/li>\n<li>Patricia Romanos S\u00e1nchez (Cap d&#8217;estudis i tutora de l&#8217;aula 6)<\/li>\n<li>Guadalupe Carreras Gallardo (Directora&hellip;  <a href=\"https:\/\/agora.xtec.cat\/cee-mariafelipduran-gava\/lescola\/consell-escolar\/\" title=\"Read Equip hum\u00e0\">Llegeix m\u00e9s\u00bb<\/a><br \/>\n","protected":false},"author":2,"featured_media":0,"parent":22,"menu_order":30,"comment_status":"closed","ping_status":"closed","template":"page-templates\/side-menu.php","meta":{"_bbp_topic_count":0,"_bbp_reply_count":0,"_bbp_total_topic_count":0,"_bbp_total_reply_count":0,"_bbp_voice_count":0,"_bbp_anonymous_reply_count":0,"_bbp_topic_count_hidden":0,"_bbp_reply_count_hidden":0,"_bbp_forum_subforum_count":0,"footnotes":""},"class_list":["post-28","page","type-page","status-publish","hentry"],"post_mailing_queue_ids":[],"_links":{"self":[{"href":"https:\/\/agora.xtec.cat\/cee-mariafelipduran-gava\/wp-json\/wp\/v2\/pages\/28","targetHints":{"allow":["GET"]}}],"collection":[{"href":"https:\/\/agora.xtec.cat\/cee-mariafelipduran-gava\/wp-json\/wp\/v2\/pages"}],"about":[{"href":"https:\/\/agora.xtec.cat\/cee-mariafelipduran-gava\/wp-json\/wp\/v2\/types\/page"}],"author":[{"embeddable":true,"href":"https:\/\/agora.xtec.cat\/cee-mariafelipduran-gava\/wp-json\/wp\/v2\/users\/2"}],"replies":[{"embeddable":true,"href":"https:\/\/agora.xtec.cat\/cee-mariafelipduran-gava\/wp-json\/wp\/v2\/comments?post=28"}],"version-history":[{"count":7,"href":"https:\/\/agora.xtec.cat\/cee-mariafelipduran-gava\/wp-json\/wp\/v2\/pages\/28\/revisions"}],"predecessor-version":[{"id":4379,"href":"https:\/\/agora.xtec.cat\/cee-mariafelipduran-gava\/wp-json\/wp\/v2\/pages\/28\/revisions\/4379"}],"up":[{"embeddable":true,"href":"https:\/\/agora.xtec.cat\/cee-mariafelipduran-gava\/wp-json\/wp\/v2\/pages\/22"}],"wp:attachment":[{"href":"https:\/\/agora.xtec.cat\/cee-mariafelipduran-gava\/wp-json\/wp\/v2\/media?parent=28"}],"curies":[{"name":"wp","href":"https:\/\/api.w.org\/{rel}","templated":true}]}}