{"id":788,"date":"2020-01-29T16:10:30","date_gmt":"2020-01-29T15:10:30","guid":{"rendered":"https:\/\/agora.xtec.cat\/cee-lamassana\/?page_id=788"},"modified":"2025-04-30T13:33:11","modified_gmt":"2025-04-30T11:33:11","slug":"el-diccionari-visual","status":"publish","type":"page","link":"https:\/\/agora.xtec.cat\/cee-lamassana\/projectes\/el-diccionari-visual\/","title":{"rendered":"El diccionari visual"},"content":{"rendered":"<p><strong>Qu\u00e8 \u00e9s?<\/strong><\/p>\n<p>\u00c9s una <strong>eina<\/strong> que ens permet relacionar \u00a0IMATGE, \u00a0SIGNE i \u00a0PARAULA.<\/p>\n<p style=\"text-align: justify;\"><strong>Per a qu\u00e8 s\u2019utilitza?<\/strong><\/p>\n<ul style=\"text-align: justify;\">\n<li>Per donar una eina als alumnes que tenen pocs recursos per a comunicar-se a nivell oral.<\/li>\n<li>Per possibilitar que cada alumne pugui anar construint el seu propi <strong>diccionari visual<\/strong>.<\/li>\n<\/ul>\n<p style=\"text-align: justify;\"><strong>De quina manera?<\/strong><\/p>\n<p style=\"text-align: justify;\">Els plafons agrupen el vocabulari en grups sem\u00e0ntics i estan ordenats de manera que sigui f\u00e0cilment localitzable pels nostres alumnes.<\/p>\n<p style=\"text-align: justify;\">L\u2019objectiu \u00e9s que sigui una eina \u00fatil i pr\u00e0ctica.<\/p>\n<p style=\"text-align: justify;\"><strong>Quin format t\u00e9?<\/strong><\/p>\n<p style=\"text-align: justify;\">Aquestes l\u00e0mines estan fetes amb el programa Power Point, de manera que es poden visualitzar a l\u2019ordinador o tablet i alhora, en disposem d\u2019algunes c\u00f2pies en format paper, per poder-les utilitzar a les classes i tenir-les m\u00e9s a m\u00e0.<\/p>\n<p style=\"text-align: justify;\">Les l\u00e0mines que s\u2019han elaborat, consten d\u2019un men\u00fa principal on hi\u00a0 apareixen els diferents apartats (Ex: assignatures, aula, espais&#8230;) relacionats amb un tema (Ex: l\u2019escola).<\/p>\n<p>Aqu\u00ed us en mostrem un exemple:<\/p>\n<p><a href=\"https:\/\/agora.xtec.cat\/cee-lamassana\/wp-content\/uploads\/usu588\/2020\/01\/plafons1.png\"><img loading=\"lazy\" decoding=\"async\" class=\"alignnone size-full wp-image-800\" src=\"https:\/\/agora.xtec.cat\/cee-lamassana\/wp-content\/uploads\/usu588\/2020\/01\/plafons1.png\" alt=\"\" width=\"489\" height=\"332\" srcset=\"https:\/\/agora.xtec.cat\/cee-lamassana\/wp-content\/uploads\/usu588\/2020\/01\/plafons1.png 489w, https:\/\/agora.xtec.cat\/cee-lamassana\/wp-content\/uploads\/usu588\/2020\/01\/plafons1-300x204.png 300w\" sizes=\"auto, (max-width: 489px) 100vw, 489px\" \/><\/a><\/p>\n<p>I a dins de cada apartat hi ha totes les paraules relacionades amb aquell tema, ordenades alfab\u00e8ticament per facilitar la seva cerca.<\/p>\n<p><a href=\"https:\/\/agora.xtec.cat\/cee-lamassana\/wp-content\/uploads\/usu588\/2020\/01\/plafons2.png\"><img loading=\"lazy\" decoding=\"async\" class=\"alignnone size-full wp-image-801\" src=\"https:\/\/agora.xtec.cat\/cee-lamassana\/wp-content\/uploads\/usu588\/2020\/01\/plafons2.png\" alt=\"\" width=\"478\" height=\"332\" srcset=\"https:\/\/agora.xtec.cat\/cee-lamassana\/wp-content\/uploads\/usu588\/2020\/01\/plafons2.png 478w, https:\/\/agora.xtec.cat\/cee-lamassana\/wp-content\/uploads\/usu588\/2020\/01\/plafons2-300x208.png 300w\" sizes=\"auto, (max-width: 478px) 100vw, 478px\" \/><\/a><\/p>\n<p style=\"text-align: justify;\">Dins de cadascun dels requadres hi apareix el nom de la paraula escrita, el signe (amb Llengua de Signes Catalana) i el dibuix. Aix\u00ed, el nostre alumnat pot identificar i aprendre aquella paraula de diferents maneres: escrita, signada o dibuixada.<\/p>\n<p style=\"text-align: justify;\">A l\u2019aula de logop\u00e8dia i a les diferents aules, utilitzem aquests suports com a diccionari visual, per buscar alguna paraula que es desconegui o no s\u2019entengui (ja sigui a nivell escrit, signat o de significat).<\/p>\n<p><a href=\"https:\/\/agora.xtec.cat\/cee-lamassana\/wp-content\/uploads\/usu588\/2020\/01\/plafons3.png\"><img loading=\"lazy\" decoding=\"async\" class=\"alignnone wp-image-802\" src=\"https:\/\/agora.xtec.cat\/cee-lamassana\/wp-content\/uploads\/usu588\/2020\/01\/plafons3.png\" alt=\"\" width=\"442\" height=\"345\" srcset=\"https:\/\/agora.xtec.cat\/cee-lamassana\/wp-content\/uploads\/usu588\/2020\/01\/plafons3.png 426w, https:\/\/agora.xtec.cat\/cee-lamassana\/wp-content\/uploads\/usu588\/2020\/01\/plafons3-300x234.png 300w\" sizes=\"auto, (max-width: 442px) 100vw, 442px\" \/><\/a><\/p>\n","protected":false},"excerpt":{"rendered":"<p>Qu\u00e8 \u00e9s? \u00c9s una eina que ens permet relacionar \u00a0IMATGE, \u00a0SIGNE i \u00a0PARAULA. Per a qu\u00e8 s\u2019utilitza? Per donar una eina als alumnes que tenen pocs recursos per a comunicar-se a nivell oral. Per possibilitar que cada alumne pugui anar construint el seu propi diccionari visual. De quina manera? Els plafons agrupen el vocabulari en [&hellip;]<\/p>\n","protected":false},"author":1,"featured_media":0,"parent":780,"menu_order":0,"comment_status":"closed","ping_status":"closed","template":"page-templates\/side-menu.php","meta":{"_bbp_topic_count":0,"_bbp_reply_count":0,"_bbp_total_topic_count":0,"_bbp_total_reply_count":0,"_bbp_voice_count":0,"_bbp_anonymous_reply_count":0,"_bbp_topic_count_hidden":0,"_bbp_reply_count_hidden":0,"_bbp_forum_subforum_count":0,"site-sidebar-layout":"default","site-content-layout":"","ast-site-content-layout":"","site-content-style":"default","site-sidebar-style":"default","ast-global-header-display":"","ast-banner-title-visibility":"","ast-main-header-display":"","ast-hfb-above-header-display":"","ast-hfb-below-header-display":"","ast-hfb-mobile-header-display":"","site-post-title":"","ast-breadcrumbs-content":"","ast-featured-img":"","footer-sml-layout":"","theme-transparent-header-meta":"","adv-header-id-meta":"","stick-header-meta":"","header-above-stick-meta":"","header-main-stick-meta":"","header-below-stick-meta":"","astra-migrate-meta-layouts":"default","ast-page-background-enabled":"default","ast-page-background-meta":{"desktop":{"background-color":"var(--ast-global-color-4)","background-image":"","background-repeat":"repeat","background-position":"center center","background-size":"auto","background-attachment":"scroll","background-type":"","background-media":"","overlay-type":"","overlay-color":"","overlay-opacity":"","overlay-gradient":""},"tablet":{"background-color":"","background-image":"","background-repeat":"repeat","background-position":"center center","background-size":"auto","background-attachment":"scroll","background-type":"","background-media":"","overlay-type":"","overlay-color":"","overlay-opacity":"","overlay-gradient":""},"mobile":{"background-color":"","background-image":"","background-repeat":"repeat","background-position":"center center","background-size":"auto","background-attachment":"scroll","background-type":"","background-media":"","overlay-type":"","overlay-color":"","overlay-opacity":"","overlay-gradient":""}},"ast-content-background-meta":{"desktop":{"background-color":"var(--ast-global-color-5)","background-image":"","background-repeat":"repeat","background-position":"center center","background-size":"auto","background-attachment":"scroll","background-type":"","background-media":"","overlay-type":"","overlay-color":"","overlay-opacity":"","overlay-gradient":""},"tablet":{"background-color":"var(--ast-global-color-5)","background-image":"","background-repeat":"repeat","background-position":"center center","background-size":"auto","background-attachment":"scroll","background-type":"","background-media":"","overlay-type":"","overlay-color":"","overlay-opacity":"","overlay-gradient":""},"mobile":{"background-color":"var(--ast-global-color-5)","background-image":"","background-repeat":"repeat","background-position":"center center","background-size":"auto","background-attachment":"scroll","background-type":"","background-media":"","overlay-type":"","overlay-color":"","overlay-opacity":"","overlay-gradient":""}},"footnotes":""},"class_list":["post-788","page","type-page","status-publish","hentry"],"post_mailing_queue_ids":[],"_links":{"self":[{"href":"https:\/\/agora.xtec.cat\/cee-lamassana\/wp-json\/wp\/v2\/pages\/788","targetHints":{"allow":["GET"]}}],"collection":[{"href":"https:\/\/agora.xtec.cat\/cee-lamassana\/wp-json\/wp\/v2\/pages"}],"about":[{"href":"https:\/\/agora.xtec.cat\/cee-lamassana\/wp-json\/wp\/v2\/types\/page"}],"author":[{"embeddable":true,"href":"https:\/\/agora.xtec.cat\/cee-lamassana\/wp-json\/wp\/v2\/users\/1"}],"replies":[{"embeddable":true,"href":"https:\/\/agora.xtec.cat\/cee-lamassana\/wp-json\/wp\/v2\/comments?post=788"}],"version-history":[{"count":4,"href":"https:\/\/agora.xtec.cat\/cee-lamassana\/wp-json\/wp\/v2\/pages\/788\/revisions"}],"predecessor-version":[{"id":2183,"href":"https:\/\/agora.xtec.cat\/cee-lamassana\/wp-json\/wp\/v2\/pages\/788\/revisions\/2183"}],"up":[{"embeddable":true,"href":"https:\/\/agora.xtec.cat\/cee-lamassana\/wp-json\/wp\/v2\/pages\/780"}],"wp:attachment":[{"href":"https:\/\/agora.xtec.cat\/cee-lamassana\/wp-json\/wp\/v2\/media?parent=788"}],"curies":[{"name":"wp","href":"https:\/\/api.w.org\/{rel}","templated":true}]}}