{"id":786,"date":"2020-01-29T16:08:40","date_gmt":"2020-01-29T15:08:40","guid":{"rendered":"https:\/\/agora.xtec.cat\/cee-lamassana\/?page_id=786"},"modified":"2021-05-31T15:54:00","modified_gmt":"2021-05-31T13:54:00","slug":"metode-glifing","status":"publish","type":"page","link":"https:\/\/agora.xtec.cat\/cee-lamassana\/projectes\/metode-glifing\/","title":{"rendered":"M\u00e8tode Glifing"},"content":{"rendered":"<p>El curs passat a l\u2019 escola v\u00e0rem comen\u00e7ar a utilitzar un programa per facilitar i\/o millorar la lectura dels nostres alumnes. \u00c9s l\u2019 anomenat <strong>m\u00e8tode Glifing<\/strong> i es treballa amb dispositius inform\u00e0tics.<\/p>\n<p>El v\u00e0rem con\u00e8ixer a trav\u00e9s d\u2019algunes escoles que ja l\u2019havien comprat, l\u2019estaven utilitzant i en feien una bona valoraci\u00f3.<\/p>\n<p>Despr\u00e9s de valorar-lo i veure alguna DEMO, el v\u00e0rem adquirir i\u00a0 es va comen\u00e7ar a fer servir com un recurs m\u00e9s per facilitar l\u2019 aprenentatge de la mec\u00e0nica i la comprensi\u00f3 lectora.<\/p>\n<p>El m\u00e8tode va sorgir davant la necessitat de treballar amb nens i nenes amb dificultats d\u2019 aprenentatge i d\u2019 acc\u00e9s a la lectura. A nosaltres aquest objectiu ja ens era \u00fatil, perqu\u00e8 ens oferia un altre material complementari a tot el que ja tenim per poder millorar aquest aspecte, per\u00f2 al anar-lo utilitzat hem vist que tamb\u00e9 ens ajuda a millorar el treball fon\u00e8tic i fonol\u00f2gic de manera motivadora.<\/p>\n<p><a href=\"https:\/\/agora.xtec.cat\/cee-lamassana\/wp-content\/uploads\/usu588\/2021\/05\/100_0710_1382x1037.jpg\"><img loading=\"lazy\" decoding=\"async\" class=\"wp-image-1034 aligncenter\" src=\"https:\/\/agora.xtec.cat\/cee-lamassana\/wp-content\/uploads\/usu588\/2021\/05\/100_0710_1382x1037-1024x768.jpg\" alt=\"\" width=\"506\" height=\"379\" srcset=\"https:\/\/agora.xtec.cat\/cee-lamassana\/wp-content\/uploads\/usu588\/2021\/05\/100_0710_1382x1037-1024x768.jpg 1024w, https:\/\/agora.xtec.cat\/cee-lamassana\/wp-content\/uploads\/usu588\/2021\/05\/100_0710_1382x1037-300x225.jpg 300w, https:\/\/agora.xtec.cat\/cee-lamassana\/wp-content\/uploads\/usu588\/2021\/05\/100_0710_1382x1037-768x576.jpg 768w, https:\/\/agora.xtec.cat\/cee-lamassana\/wp-content\/uploads\/usu588\/2021\/05\/100_0710_1382x1037-200x150.jpg 200w, https:\/\/agora.xtec.cat\/cee-lamassana\/wp-content\/uploads\/usu588\/2021\/05\/100_0710_1382x1037.jpg 1382w\" sizes=\"auto, (max-width: 506px) 100vw, 506px\" \/><\/a><\/p>\n<p>&nbsp;<\/p>\n<p><strong>EN QU\u00c8 CONSISTEIX?<\/strong><\/p>\n<p>L\u2019objectiu \u00e9s millorar la mec\u00e0nica lectora, aquesta millora permet disminuir el nombre d\u2019errors, augmentar la velocitat i millorar la comprensi\u00f3 lectora.<\/p>\n<p>Les activitats que es proposen es centren en:<\/p>\n<ul>\n<li>Descodificaci\u00f3 grafema-fonema<\/li>\n<li>Flexibilitat cognitiva i atenci\u00f3<\/li>\n<li>Consci\u00e8ncia fonol\u00f2gica<\/li>\n<li>Mem\u00f2ria de treball fonol\u00f2gic<\/li>\n<li>Articulaci\u00f3<\/li>\n<li>Reconeixement de paraules i vocabulari<\/li>\n<li>Comprensi\u00f3 lectora<a href=\"https:\/\/agora.xtec.cat\/cee-lamassana\/wp-content\/uploads\/usu588\/2021\/05\/IMG_8905_1094x821.jpg\"><img loading=\"lazy\" decoding=\"async\" class=\"wp-image-1032 aligncenter\" src=\"https:\/\/agora.xtec.cat\/cee-lamassana\/wp-content\/uploads\/usu588\/2021\/05\/IMG_8905_1094x821-1024x768.jpg\" alt=\"\" width=\"652\" height=\"489\" srcset=\"https:\/\/agora.xtec.cat\/cee-lamassana\/wp-content\/uploads\/usu588\/2021\/05\/IMG_8905_1094x821-1024x768.jpg 1024w, https:\/\/agora.xtec.cat\/cee-lamassana\/wp-content\/uploads\/usu588\/2021\/05\/IMG_8905_1094x821-300x225.jpg 300w, https:\/\/agora.xtec.cat\/cee-lamassana\/wp-content\/uploads\/usu588\/2021\/05\/IMG_8905_1094x821-768x576.jpg 768w, https:\/\/agora.xtec.cat\/cee-lamassana\/wp-content\/uploads\/usu588\/2021\/05\/IMG_8905_1094x821-200x150.jpg 200w, https:\/\/agora.xtec.cat\/cee-lamassana\/wp-content\/uploads\/usu588\/2021\/05\/IMG_8905_1094x821.jpg 1094w\" sizes=\"auto, (max-width: 652px) 100vw, 652px\" \/><\/a><\/li>\n<\/ul>\n<p><strong>COM ES TREBALLA?<\/strong><\/p>\n<p>Es treballa amb l\u2019 ordinador, a trav\u00e9s d\u2019 una plataforma online. Es proposen activitats curtes que suposen una dedicaci\u00f3 de uns 15-20 minuts diaris i es recomana que es realitzin 3-4 sessions setmanals, de manera regular.<\/p>\n<p>Les activitats no s\u00f3n les mateixes per a tots els nens i nenes i es van ajustant segons el nivell i el ritme d\u2019 aprenentatge de cada alumne. Hi poden participar\u00a0 des dels 5-6 anys fins a persones adultes\u00a0 amb necessitat d\u2019entrenar les habilitats lectores.<\/p>\n<p>&nbsp;<\/p>\n<p><a href=\"https:\/\/agora.xtec.cat\/cee-lamassana\/wp-content\/uploads\/usu588\/2021\/05\/IMG_8904_1094x821.jpg\"><img loading=\"lazy\" decoding=\"async\" class=\"wp-image-1033 aligncenter\" src=\"https:\/\/agora.xtec.cat\/cee-lamassana\/wp-content\/uploads\/usu588\/2021\/05\/IMG_8904_1094x821-1024x768.jpg\" alt=\"\" width=\"557\" height=\"417\" srcset=\"https:\/\/agora.xtec.cat\/cee-lamassana\/wp-content\/uploads\/usu588\/2021\/05\/IMG_8904_1094x821-1024x768.jpg 1024w, https:\/\/agora.xtec.cat\/cee-lamassana\/wp-content\/uploads\/usu588\/2021\/05\/IMG_8904_1094x821-300x225.jpg 300w, https:\/\/agora.xtec.cat\/cee-lamassana\/wp-content\/uploads\/usu588\/2021\/05\/IMG_8904_1094x821-768x576.jpg 768w, https:\/\/agora.xtec.cat\/cee-lamassana\/wp-content\/uploads\/usu588\/2021\/05\/IMG_8904_1094x821-200x150.jpg 200w, https:\/\/agora.xtec.cat\/cee-lamassana\/wp-content\/uploads\/usu588\/2021\/05\/IMG_8904_1094x821.jpg 1094w\" sizes=\"auto, (max-width: 557px) 100vw, 557px\" \/><\/a><\/p>\n","protected":false},"excerpt":{"rendered":"<p>El curs passat a l\u2019 escola v\u00e0rem comen\u00e7ar a utilitzar un programa per facilitar i\/o millorar la lectura dels nostres alumnes. \u00c9s l\u2019 anomenat m\u00e8tode Glifing i es treballa amb dispositius inform\u00e0tics. El v\u00e0rem con\u00e8ixer a trav\u00e9s d\u2019algunes escoles que ja l\u2019havien comprat, l\u2019estaven utilitzant i en feien una bona valoraci\u00f3. Despr\u00e9s de valorar-lo i [&hellip;]<\/p>\n","protected":false},"author":1,"featured_media":0,"parent":780,"menu_order":0,"comment_status":"closed","ping_status":"closed","template":"page-templates\/side-menu.php","meta":{"_bbp_topic_count":0,"_bbp_reply_count":0,"_bbp_total_topic_count":0,"_bbp_total_reply_count":0,"_bbp_voice_count":0,"_bbp_anonymous_reply_count":0,"_bbp_topic_count_hidden":0,"_bbp_reply_count_hidden":0,"_bbp_forum_subforum_count":0,"site-sidebar-layout":"default","site-content-layout":"","ast-site-content-layout":"","site-content-style":"default","site-sidebar-style":"default","ast-global-header-display":"","ast-banner-title-visibility":"","ast-main-header-display":"","ast-hfb-above-header-display":"","ast-hfb-below-header-display":"","ast-hfb-mobile-header-display":"","site-post-title":"","ast-breadcrumbs-content":"","ast-featured-img":"","footer-sml-layout":"","theme-transparent-header-meta":"","adv-header-id-meta":"","stick-header-meta":"","header-above-stick-meta":"","header-main-stick-meta":"","header-below-stick-meta":"","astra-migrate-meta-layouts":"default","ast-page-background-enabled":"default","ast-page-background-meta":{"desktop":{"background-color":"var(--ast-global-color-4)","background-image":"","background-repeat":"repeat","background-position":"center center","background-size":"auto","background-attachment":"scroll","background-type":"","background-media":"","overlay-type":"","overlay-color":"","overlay-opacity":"","overlay-gradient":""},"tablet":{"background-color":"","background-image":"","background-repeat":"repeat","background-position":"center center","background-size":"auto","background-attachment":"scroll","background-type":"","background-media":"","overlay-type":"","overlay-color":"","overlay-opacity":"","overlay-gradient":""},"mobile":{"background-color":"","background-image":"","background-repeat":"repeat","background-position":"center center","background-size":"auto","background-attachment":"scroll","background-type":"","background-media":"","overlay-type":"","overlay-color":"","overlay-opacity":"","overlay-gradient":""}},"ast-content-background-meta":{"desktop":{"background-color":"var(--ast-global-color-5)","background-image":"","background-repeat":"repeat","background-position":"center center","background-size":"auto","background-attachment":"scroll","background-type":"","background-media":"","overlay-type":"","overlay-color":"","overlay-opacity":"","overlay-gradient":""},"tablet":{"background-color":"var(--ast-global-color-5)","background-image":"","background-repeat":"repeat","background-position":"center center","background-size":"auto","background-attachment":"scroll","background-type":"","background-media":"","overlay-type":"","overlay-color":"","overlay-opacity":"","overlay-gradient":""},"mobile":{"background-color":"var(--ast-global-color-5)","background-image":"","background-repeat":"repeat","background-position":"center center","background-size":"auto","background-attachment":"scroll","background-type":"","background-media":"","overlay-type":"","overlay-color":"","overlay-opacity":"","overlay-gradient":""}},"footnotes":""},"class_list":["post-786","page","type-page","status-publish","hentry"],"post_mailing_queue_ids":[],"_links":{"self":[{"href":"https:\/\/agora.xtec.cat\/cee-lamassana\/wp-json\/wp\/v2\/pages\/786","targetHints":{"allow":["GET"]}}],"collection":[{"href":"https:\/\/agora.xtec.cat\/cee-lamassana\/wp-json\/wp\/v2\/pages"}],"about":[{"href":"https:\/\/agora.xtec.cat\/cee-lamassana\/wp-json\/wp\/v2\/types\/page"}],"author":[{"embeddable":true,"href":"https:\/\/agora.xtec.cat\/cee-lamassana\/wp-json\/wp\/v2\/users\/1"}],"replies":[{"embeddable":true,"href":"https:\/\/agora.xtec.cat\/cee-lamassana\/wp-json\/wp\/v2\/comments?post=786"}],"version-history":[{"count":3,"href":"https:\/\/agora.xtec.cat\/cee-lamassana\/wp-json\/wp\/v2\/pages\/786\/revisions"}],"predecessor-version":[{"id":1035,"href":"https:\/\/agora.xtec.cat\/cee-lamassana\/wp-json\/wp\/v2\/pages\/786\/revisions\/1035"}],"up":[{"embeddable":true,"href":"https:\/\/agora.xtec.cat\/cee-lamassana\/wp-json\/wp\/v2\/pages\/780"}],"wp:attachment":[{"href":"https:\/\/agora.xtec.cat\/cee-lamassana\/wp-json\/wp\/v2\/media?parent=786"}],"curies":[{"name":"wp","href":"https:\/\/api.w.org\/{rel}","templated":true}]}}