{"id":505,"date":"2019-07-05T11:46:14","date_gmt":"2019-07-05T09:46:14","guid":{"rendered":"https:\/\/agora.xtec.cat\/cee-lamassana\/?page_id=505"},"modified":"2019-07-05T11:46:14","modified_gmt":"2019-07-05T09:46:14","slug":"suport-a-estudis-post-obligatoris","status":"publish","type":"page","link":"https:\/\/agora.xtec.cat\/cee-lamassana\/oferta-educativa\/suport-a-estudis-post-obligatoris\/","title":{"rendered":"Suport a estudis post-obligatoris"},"content":{"rendered":"<p>La Ma\u00e7ana tamb\u00e9 fa el seguiment dels alumnes sords amb escolaritzaci\u00f3 post-obligat\u00f2ria. Tant en els Cicles Formatius com als Programes de Formaci\u00f3 i Inserci\u00f3, l\u2019objectiu \u00e9s donar als alumnes l\u2019oportunitat d\u2019accedir a un ofici en concret, a fi de<br \/>\ngarantir-los un futur laboral de millor qualitat. Aquests alumnes, assisteixen una gran part de les hores als instituts on realitzen els seus estudis i la resta d\u2019hores les aprofiten a la Ma\u00e7ana per a refor\u00e7ar els continguts m\u00e9s te\u00f2rics i de m\u00e9s dificultat. En cas que sigui necessari, els alumnes disposen d\u2019un int\u00e8rpret de llenguatge de signes al centre ordinari per fer m\u00e9s accessible la informaci\u00f3.<br \/>\nAquest tipus d\u2019escolaritzaci\u00f3 s\u2019ha de continuar potenciant per tal d\u2019aconseguir major uni\u00f3 entre la Ma\u00e7ana i els centres que fan la compartida. Pensem que mitjan\u00e7ant el treball conjunt podrem desenvolupar m\u00e9s activitats plegats. L\u2019objectiu, \u00e9s que els nostres alumnes puguin compartir el m\u00e0xim d\u2019activitats amb els alumnes oients de la seva edat. Per aix\u00f2 cal dur a terme un proc\u00e9s de sensibilitzaci\u00f3 dels claustres implicats.<\/p>\n","protected":false},"excerpt":{"rendered":"<p>La Ma\u00e7ana tamb\u00e9 fa el seguiment dels alumnes sords amb escolaritzaci\u00f3 post-obligat\u00f2ria. Tant en els Cicles Formatius com als Programes de Formaci\u00f3 i Inserci\u00f3, l\u2019objectiu \u00e9s donar als alumnes l\u2019oportunitat d\u2019accedir a un ofici en concret, a fi de garantir-los un futur laboral de millor qualitat. Aquests alumnes, assisteixen una gran part de les hores [&hellip;]<\/p>\n","protected":false},"author":1,"featured_media":0,"parent":34,"menu_order":4,"comment_status":"closed","ping_status":"closed","template":"page-templates\/side-menu.php","meta":{"_bbp_topic_count":0,"_bbp_reply_count":0,"_bbp_total_topic_count":0,"_bbp_total_reply_count":0,"_bbp_voice_count":0,"_bbp_anonymous_reply_count":0,"_bbp_topic_count_hidden":0,"_bbp_reply_count_hidden":0,"_bbp_forum_subforum_count":0,"site-sidebar-layout":"default","site-content-layout":"","ast-site-content-layout":"","site-content-style":"default","site-sidebar-style":"default","ast-global-header-display":"","ast-banner-title-visibility":"","ast-main-header-display":"","ast-hfb-above-header-display":"","ast-hfb-below-header-display":"","ast-hfb-mobile-header-display":"","site-post-title":"","ast-breadcrumbs-content":"","ast-featured-img":"","footer-sml-layout":"","theme-transparent-header-meta":"","adv-header-id-meta":"","stick-header-meta":"","header-above-stick-meta":"","header-main-stick-meta":"","header-below-stick-meta":"","astra-migrate-meta-layouts":"default","ast-page-background-enabled":"default","ast-page-background-meta":{"desktop":{"background-color":"var(--ast-global-color-4)","background-image":"","background-repeat":"repeat","background-position":"center center","background-size":"auto","background-attachment":"scroll","background-type":"","background-media":"","overlay-type":"","overlay-color":"","overlay-opacity":"","overlay-gradient":""},"tablet":{"background-color":"","background-image":"","background-repeat":"repeat","background-position":"center center","background-size":"auto","background-attachment":"scroll","background-type":"","background-media":"","overlay-type":"","overlay-color":"","overlay-opacity":"","overlay-gradient":""},"mobile":{"background-color":"","background-image":"","background-repeat":"repeat","background-position":"center center","background-size":"auto","background-attachment":"scroll","background-type":"","background-media":"","overlay-type":"","overlay-color":"","overlay-opacity":"","overlay-gradient":""}},"ast-content-background-meta":{"desktop":{"background-color":"var(--ast-global-color-5)","background-image":"","background-repeat":"repeat","background-position":"center center","background-size":"auto","background-attachment":"scroll","background-type":"","background-media":"","overlay-type":"","overlay-color":"","overlay-opacity":"","overlay-gradient":""},"tablet":{"background-color":"var(--ast-global-color-5)","background-image":"","background-repeat":"repeat","background-position":"center center","background-size":"auto","background-attachment":"scroll","background-type":"","background-media":"","overlay-type":"","overlay-color":"","overlay-opacity":"","overlay-gradient":""},"mobile":{"background-color":"var(--ast-global-color-5)","background-image":"","background-repeat":"repeat","background-position":"center center","background-size":"auto","background-attachment":"scroll","background-type":"","background-media":"","overlay-type":"","overlay-color":"","overlay-opacity":"","overlay-gradient":""}},"footnotes":""},"class_list":["post-505","page","type-page","status-publish","hentry"],"post_mailing_queue_ids":[],"_links":{"self":[{"href":"https:\/\/agora.xtec.cat\/cee-lamassana\/wp-json\/wp\/v2\/pages\/505","targetHints":{"allow":["GET"]}}],"collection":[{"href":"https:\/\/agora.xtec.cat\/cee-lamassana\/wp-json\/wp\/v2\/pages"}],"about":[{"href":"https:\/\/agora.xtec.cat\/cee-lamassana\/wp-json\/wp\/v2\/types\/page"}],"author":[{"embeddable":true,"href":"https:\/\/agora.xtec.cat\/cee-lamassana\/wp-json\/wp\/v2\/users\/1"}],"replies":[{"embeddable":true,"href":"https:\/\/agora.xtec.cat\/cee-lamassana\/wp-json\/wp\/v2\/comments?post=505"}],"version-history":[{"count":1,"href":"https:\/\/agora.xtec.cat\/cee-lamassana\/wp-json\/wp\/v2\/pages\/505\/revisions"}],"predecessor-version":[{"id":506,"href":"https:\/\/agora.xtec.cat\/cee-lamassana\/wp-json\/wp\/v2\/pages\/505\/revisions\/506"}],"up":[{"embeddable":true,"href":"https:\/\/agora.xtec.cat\/cee-lamassana\/wp-json\/wp\/v2\/pages\/34"}],"wp:attachment":[{"href":"https:\/\/agora.xtec.cat\/cee-lamassana\/wp-json\/wp\/v2\/media?parent=505"}],"curies":[{"name":"wp","href":"https:\/\/api.w.org\/{rel}","templated":true}]}}