{"id":502,"date":"2019-07-05T11:42:04","date_gmt":"2019-07-05T09:42:04","guid":{"rendered":"https:\/\/agora.xtec.cat\/cee-lamassana\/?page_id=502"},"modified":"2019-07-05T11:44:20","modified_gmt":"2019-07-05T09:44:20","slug":"aula-pas","status":"publish","type":"page","link":"https:\/\/agora.xtec.cat\/cee-lamassana\/oferta-educativa\/aula-pas\/","title":{"rendered":"Aula PAS"},"content":{"rendered":"<p>Des de fa dos cursos l\u2019escola tamb\u00e9 disposa de l\u2019aula PAS. \u00c9s una aula formada per alumnes de 16 a 21 anys, que un cop acabada \u201cl\u2019escolaritat obligat\u00f2ria\u201d no han acreditat el graduat d\u2019ESO. La majoria d\u2019aquests alumnes tenen una discapacitat auditiva amb una altra discapacitat associada i aix\u00f2 els dificulta l\u2019acc\u00e9s a l\u2019entorn ordinari i al mercat laboral. Des de l\u2019aula \u201cProjecte PAS\u201d, es treballa de manera pr\u00e0ctica a partir de tallers, per tal de donar-los eines per a desenvolupar-se el m\u00e9s aut\u00f2nomament possible.<br \/>\nL\u2019expectativa per a la majoria d\u2019aquests alumnes ha de ser orientar-los cap al m\u00f3n laboral i la vida activa, per\u00f2 tamb\u00e9 hem de contemplar altres realitats m\u00e9s minorit\u00e0ries, que els duran a altres serveis de transici\u00f3 o de ter\u00e0pia ocupacional.<\/p>\n","protected":false},"excerpt":{"rendered":"<p>Des de fa dos cursos l\u2019escola tamb\u00e9 disposa de l\u2019aula PAS. \u00c9s una aula formada per alumnes de 16 a 21 anys, que un cop acabada \u201cl\u2019escolaritat obligat\u00f2ria\u201d no han acreditat el graduat d\u2019ESO. La majoria d\u2019aquests alumnes tenen una discapacitat auditiva amb una altra discapacitat associada i aix\u00f2 els dificulta l\u2019acc\u00e9s a l\u2019entorn ordinari [&hellip;]<\/p>\n","protected":false},"author":1,"featured_media":0,"parent":34,"menu_order":3,"comment_status":"closed","ping_status":"closed","template":"page-templates\/side-menu.php","meta":{"_bbp_topic_count":0,"_bbp_reply_count":0,"_bbp_total_topic_count":0,"_bbp_total_reply_count":0,"_bbp_voice_count":0,"_bbp_anonymous_reply_count":0,"_bbp_topic_count_hidden":0,"_bbp_reply_count_hidden":0,"_bbp_forum_subforum_count":0,"site-sidebar-layout":"default","site-content-layout":"","ast-site-content-layout":"","site-content-style":"default","site-sidebar-style":"default","ast-global-header-display":"","ast-banner-title-visibility":"","ast-main-header-display":"","ast-hfb-above-header-display":"","ast-hfb-below-header-display":"","ast-hfb-mobile-header-display":"","site-post-title":"","ast-breadcrumbs-content":"","ast-featured-img":"","footer-sml-layout":"","theme-transparent-header-meta":"","adv-header-id-meta":"","stick-header-meta":"","header-above-stick-meta":"","header-main-stick-meta":"","header-below-stick-meta":"","astra-migrate-meta-layouts":"default","ast-page-background-enabled":"default","ast-page-background-meta":{"desktop":{"background-color":"var(--ast-global-color-4)","background-image":"","background-repeat":"repeat","background-position":"center center","background-size":"auto","background-attachment":"scroll","background-type":"","background-media":"","overlay-type":"","overlay-color":"","overlay-opacity":"","overlay-gradient":""},"tablet":{"background-color":"","background-image":"","background-repeat":"repeat","background-position":"center center","background-size":"auto","background-attachment":"scroll","background-type":"","background-media":"","overlay-type":"","overlay-color":"","overlay-opacity":"","overlay-gradient":""},"mobile":{"background-color":"","background-image":"","background-repeat":"repeat","background-position":"center center","background-size":"auto","background-attachment":"scroll","background-type":"","background-media":"","overlay-type":"","overlay-color":"","overlay-opacity":"","overlay-gradient":""}},"ast-content-background-meta":{"desktop":{"background-color":"var(--ast-global-color-5)","background-image":"","background-repeat":"repeat","background-position":"center center","background-size":"auto","background-attachment":"scroll","background-type":"","background-media":"","overlay-type":"","overlay-color":"","overlay-opacity":"","overlay-gradient":""},"tablet":{"background-color":"var(--ast-global-color-5)","background-image":"","background-repeat":"repeat","background-position":"center center","background-size":"auto","background-attachment":"scroll","background-type":"","background-media":"","overlay-type":"","overlay-color":"","overlay-opacity":"","overlay-gradient":""},"mobile":{"background-color":"var(--ast-global-color-5)","background-image":"","background-repeat":"repeat","background-position":"center center","background-size":"auto","background-attachment":"scroll","background-type":"","background-media":"","overlay-type":"","overlay-color":"","overlay-opacity":"","overlay-gradient":""}},"footnotes":""},"class_list":["post-502","page","type-page","status-publish","hentry"],"post_mailing_queue_ids":[],"_links":{"self":[{"href":"https:\/\/agora.xtec.cat\/cee-lamassana\/wp-json\/wp\/v2\/pages\/502","targetHints":{"allow":["GET"]}}],"collection":[{"href":"https:\/\/agora.xtec.cat\/cee-lamassana\/wp-json\/wp\/v2\/pages"}],"about":[{"href":"https:\/\/agora.xtec.cat\/cee-lamassana\/wp-json\/wp\/v2\/types\/page"}],"author":[{"embeddable":true,"href":"https:\/\/agora.xtec.cat\/cee-lamassana\/wp-json\/wp\/v2\/users\/1"}],"replies":[{"embeddable":true,"href":"https:\/\/agora.xtec.cat\/cee-lamassana\/wp-json\/wp\/v2\/comments?post=502"}],"version-history":[{"count":2,"href":"https:\/\/agora.xtec.cat\/cee-lamassana\/wp-json\/wp\/v2\/pages\/502\/revisions"}],"predecessor-version":[{"id":504,"href":"https:\/\/agora.xtec.cat\/cee-lamassana\/wp-json\/wp\/v2\/pages\/502\/revisions\/504"}],"up":[{"embeddable":true,"href":"https:\/\/agora.xtec.cat\/cee-lamassana\/wp-json\/wp\/v2\/pages\/34"}],"wp:attachment":[{"href":"https:\/\/agora.xtec.cat\/cee-lamassana\/wp-json\/wp\/v2\/media?parent=502"}],"curies":[{"name":"wp","href":"https:\/\/api.w.org\/{rel}","templated":true}]}}