{"id":500,"date":"2019-07-05T10:30:19","date_gmt":"2019-07-05T08:30:19","guid":{"rendered":"https:\/\/agora.xtec.cat\/cee-lamassana\/?page_id=500"},"modified":"2021-12-17T13:53:34","modified_gmt":"2021-12-17T12:53:34","slug":"etapa-secundaria-obligatoria","status":"publish","type":"page","link":"https:\/\/agora.xtec.cat\/cee-lamassana\/oferta-educativa\/etapa-secundaria-obligatoria\/","title":{"rendered":"Etapa Secund\u00e0ria Obligat\u00f2ria"},"content":{"rendered":"<p>En l\u2019<strong>etapa d&#8217;ESO<\/strong>, des del curs 1994\/95 els alumnes sords comparteixen escolaritzaci\u00f3 entre el La Ma\u00e7ana i l\u2019institut ve\u00ed (Salvador Espriu). El fet que els dos centres estiguin situats l\u2019un al costat de l\u2019altre afavoreix aquest tipus d\u2019escolaritzaci\u00f3 i els hi permet tenir acc\u00e9s al t\u00edtol d\u2019ESO.<br \/>\nEls alumnes realitzen algunes mat\u00e8ries a l\u2019institut ordinari i altres mat\u00e8ries a La Ma\u00e7ana. En funci\u00f3 de les necessitats i possibilitats dels alumnes, s\u2019escullen quines mat\u00e8ries es faran a cada centre. Normalment a l\u2019institut s\u2019hi realitzen mat\u00e8ries de tipus m\u00e9s pr\u00e0ctic i manipulatiu, per\u00f2 en algun cas, tamb\u00e9 es poden realitzar altres \u00e0rees com Matem\u00e0tiques, Socials, etc. Els alumnes hi van acompanyats de la tutora de La Ma\u00e7ana. El treball de la tutora consisteix a ajudar a adquirir la comprensi\u00f3 del que s\u2019explica i facilitar l\u2019autonomia i treball personal de l\u2019alumne\/a.<\/p>\n<p>Imatges amb l&#8217;institut ve\u00ed.<\/p>\n<p><a href=\"https:\/\/agora.xtec.cat\/cee-lamassana\/wp-content\/uploads\/usu588\/2021\/11\/1636965132549_2880x1296-scaled.jpg\"><img loading=\"lazy\" decoding=\"async\" class=\"wp-image-1117 alignleft\" src=\"https:\/\/agora.xtec.cat\/cee-lamassana\/wp-content\/uploads\/usu588\/2021\/11\/1636965132549_2880x1296-1024x461.jpg\" alt=\"\" width=\"602\" height=\"271\" srcset=\"https:\/\/agora.xtec.cat\/cee-lamassana\/wp-content\/uploads\/usu588\/2021\/11\/1636965132549_2880x1296-1024x461.jpg 1024w, https:\/\/agora.xtec.cat\/cee-lamassana\/wp-content\/uploads\/usu588\/2021\/11\/1636965132549_2880x1296-300x135.jpg 300w, https:\/\/agora.xtec.cat\/cee-lamassana\/wp-content\/uploads\/usu588\/2021\/11\/1636965132549_2880x1296-768x346.jpg 768w, https:\/\/agora.xtec.cat\/cee-lamassana\/wp-content\/uploads\/usu588\/2021\/11\/1636965132549_2880x1296-1536x691.jpg 1536w, https:\/\/agora.xtec.cat\/cee-lamassana\/wp-content\/uploads\/usu588\/2021\/11\/1636965132549_2880x1296-2048x922.jpg 2048w\" sizes=\"auto, (max-width: 602px) 100vw, 602px\" \/><\/a><a href=\"https:\/\/agora.xtec.cat\/cee-lamassana\/wp-content\/uploads\/usu588\/2021\/12\/IMG-20191105-WA0010_461x614.jpg\"><img loading=\"lazy\" decoding=\"async\" class=\"wp-image-1131 alignnone\" src=\"https:\/\/agora.xtec.cat\/cee-lamassana\/wp-content\/uploads\/usu588\/2021\/12\/IMG-20191105-WA0010_461x614.jpg\" alt=\"\" width=\"351\" height=\"467\" srcset=\"https:\/\/agora.xtec.cat\/cee-lamassana\/wp-content\/uploads\/usu588\/2021\/12\/IMG-20191105-WA0010_461x614.jpg 461w, https:\/\/agora.xtec.cat\/cee-lamassana\/wp-content\/uploads\/usu588\/2021\/12\/IMG-20191105-WA0010_461x614-225x300.jpg 225w\" sizes=\"auto, (max-width: 351px) 100vw, 351px\" \/><\/a><\/p>\n","protected":false},"excerpt":{"rendered":"<p>En l\u2019etapa d&#8217;ESO, des del curs 1994\/95 els alumnes sords comparteixen escolaritzaci\u00f3 entre el La Ma\u00e7ana i l\u2019institut ve\u00ed (Salvador Espriu). El fet que els dos centres estiguin situats l\u2019un al costat de l\u2019altre afavoreix aquest tipus d\u2019escolaritzaci\u00f3 i els hi permet tenir acc\u00e9s al t\u00edtol d\u2019ESO. Els alumnes realitzen algunes mat\u00e8ries a l\u2019institut ordinari [&hellip;]<\/p>\n","protected":false},"author":1,"featured_media":0,"parent":34,"menu_order":2,"comment_status":"closed","ping_status":"closed","template":"page-templates\/side-menu.php","meta":{"_bbp_topic_count":0,"_bbp_reply_count":0,"_bbp_total_topic_count":0,"_bbp_total_reply_count":0,"_bbp_voice_count":0,"_bbp_anonymous_reply_count":0,"_bbp_topic_count_hidden":0,"_bbp_reply_count_hidden":0,"_bbp_forum_subforum_count":0,"site-sidebar-layout":"default","site-content-layout":"","ast-site-content-layout":"","site-content-style":"default","site-sidebar-style":"default","ast-global-header-display":"","ast-banner-title-visibility":"","ast-main-header-display":"","ast-hfb-above-header-display":"","ast-hfb-below-header-display":"","ast-hfb-mobile-header-display":"","site-post-title":"","ast-breadcrumbs-content":"","ast-featured-img":"","footer-sml-layout":"","theme-transparent-header-meta":"","adv-header-id-meta":"","stick-header-meta":"","header-above-stick-meta":"","header-main-stick-meta":"","header-below-stick-meta":"","astra-migrate-meta-layouts":"default","ast-page-background-enabled":"default","ast-page-background-meta":{"desktop":{"background-color":"var(--ast-global-color-4)","background-image":"","background-repeat":"repeat","background-position":"center center","background-size":"auto","background-attachment":"scroll","background-type":"","background-media":"","overlay-type":"","overlay-color":"","overlay-opacity":"","overlay-gradient":""},"tablet":{"background-color":"","background-image":"","background-repeat":"repeat","background-position":"center center","background-size":"auto","background-attachment":"scroll","background-type":"","background-media":"","overlay-type":"","overlay-color":"","overlay-opacity":"","overlay-gradient":""},"mobile":{"background-color":"","background-image":"","background-repeat":"repeat","background-position":"center center","background-size":"auto","background-attachment":"scroll","background-type":"","background-media":"","overlay-type":"","overlay-color":"","overlay-opacity":"","overlay-gradient":""}},"ast-content-background-meta":{"desktop":{"background-color":"var(--ast-global-color-5)","background-image":"","background-repeat":"repeat","background-position":"center center","background-size":"auto","background-attachment":"scroll","background-type":"","background-media":"","overlay-type":"","overlay-color":"","overlay-opacity":"","overlay-gradient":""},"tablet":{"background-color":"var(--ast-global-color-5)","background-image":"","background-repeat":"repeat","background-position":"center center","background-size":"auto","background-attachment":"scroll","background-type":"","background-media":"","overlay-type":"","overlay-color":"","overlay-opacity":"","overlay-gradient":""},"mobile":{"background-color":"var(--ast-global-color-5)","background-image":"","background-repeat":"repeat","background-position":"center center","background-size":"auto","background-attachment":"scroll","background-type":"","background-media":"","overlay-type":"","overlay-color":"","overlay-opacity":"","overlay-gradient":""}},"footnotes":""},"class_list":["post-500","page","type-page","status-publish","hentry"],"post_mailing_queue_ids":[],"_links":{"self":[{"href":"https:\/\/agora.xtec.cat\/cee-lamassana\/wp-json\/wp\/v2\/pages\/500","targetHints":{"allow":["GET"]}}],"collection":[{"href":"https:\/\/agora.xtec.cat\/cee-lamassana\/wp-json\/wp\/v2\/pages"}],"about":[{"href":"https:\/\/agora.xtec.cat\/cee-lamassana\/wp-json\/wp\/v2\/types\/page"}],"author":[{"embeddable":true,"href":"https:\/\/agora.xtec.cat\/cee-lamassana\/wp-json\/wp\/v2\/users\/1"}],"replies":[{"embeddable":true,"href":"https:\/\/agora.xtec.cat\/cee-lamassana\/wp-json\/wp\/v2\/comments?post=500"}],"version-history":[{"count":3,"href":"https:\/\/agora.xtec.cat\/cee-lamassana\/wp-json\/wp\/v2\/pages\/500\/revisions"}],"predecessor-version":[{"id":1133,"href":"https:\/\/agora.xtec.cat\/cee-lamassana\/wp-json\/wp\/v2\/pages\/500\/revisions\/1133"}],"up":[{"embeddable":true,"href":"https:\/\/agora.xtec.cat\/cee-lamassana\/wp-json\/wp\/v2\/pages\/34"}],"wp:attachment":[{"href":"https:\/\/agora.xtec.cat\/cee-lamassana\/wp-json\/wp\/v2\/media?parent=500"}],"curies":[{"name":"wp","href":"https:\/\/api.w.org\/{rel}","templated":true}]}}