{"id":498,"date":"2019-07-05T10:19:26","date_gmt":"2019-07-05T08:19:26","guid":{"rendered":"https:\/\/agora.xtec.cat\/cee-lamassana\/?page_id=498"},"modified":"2025-04-30T13:30:04","modified_gmt":"2025-04-30T11:30:04","slug":"etapa-infantil-i-primaria","status":"publish","type":"page","link":"https:\/\/agora.xtec.cat\/cee-lamassana\/oferta-educativa\/etapa-infantil-i-primaria\/","title":{"rendered":"Etapa infantil i prim\u00e0ria"},"content":{"rendered":"<p>Al llarg de l&#8217;etapa d&#8217;<strong>Infantil<\/strong> i <strong>Prim\u00e0ria<\/strong> l\u2019escola d\u2019educaci\u00f3 especial La Ma\u00e7ana comparteix\u00a0 algunes de les mat\u00e8ries del curr\u00edculum amb la seva escola ve\u00efna, Silvestre Santal\u00f3.<\/p>\n<p><a href=\"https:\/\/agora.xtec.cat\/cee-lamassana\/wp-content\/uploads\/usu588\/2020\/10\/DSC01611_2304x1728.jpg\"><img loading=\"lazy\" decoding=\"async\" class=\"wp-image-920 alignleft\" src=\"https:\/\/agora.xtec.cat\/cee-lamassana\/wp-content\/uploads\/usu588\/2020\/10\/DSC01611_2304x1728-1024x768.jpg\" alt=\"\" width=\"274\" height=\"205\" srcset=\"https:\/\/agora.xtec.cat\/cee-lamassana\/wp-content\/uploads\/usu588\/2020\/10\/DSC01611_2304x1728-1024x768.jpg 1024w, https:\/\/agora.xtec.cat\/cee-lamassana\/wp-content\/uploads\/usu588\/2020\/10\/DSC01611_2304x1728-300x225.jpg 300w, https:\/\/agora.xtec.cat\/cee-lamassana\/wp-content\/uploads\/usu588\/2020\/10\/DSC01611_2304x1728-768x576.jpg 768w, https:\/\/agora.xtec.cat\/cee-lamassana\/wp-content\/uploads\/usu588\/2020\/10\/DSC01611_2304x1728-200x150.jpg 200w\" sizes=\"auto, (max-width: 274px) 100vw, 274px\" \/><\/a><\/p>\n<p><a href=\"https:\/\/agora.xtec.cat\/cee-lamassana\/wp-content\/uploads\/usu588\/2020\/10\/IMG_20200130_114014_2080x1560.jpg\"><img loading=\"lazy\" decoding=\"async\" class=\"alignnone wp-image-921\" src=\"https:\/\/agora.xtec.cat\/cee-lamassana\/wp-content\/uploads\/usu588\/2020\/10\/IMG_20200130_114014_2080x1560-1024x768.jpg\" alt=\"\" width=\"291\" height=\"219\" srcset=\"https:\/\/agora.xtec.cat\/cee-lamassana\/wp-content\/uploads\/usu588\/2020\/10\/IMG_20200130_114014_2080x1560-1024x768.jpg 1024w, https:\/\/agora.xtec.cat\/cee-lamassana\/wp-content\/uploads\/usu588\/2020\/10\/IMG_20200130_114014_2080x1560-300x225.jpg 300w, https:\/\/agora.xtec.cat\/cee-lamassana\/wp-content\/uploads\/usu588\/2020\/10\/IMG_20200130_114014_2080x1560-768x576.jpg 768w, https:\/\/agora.xtec.cat\/cee-lamassana\/wp-content\/uploads\/usu588\/2020\/10\/IMG_20200130_114014_2080x1560-200x150.jpg 200w\" sizes=\"auto, (max-width: 291px) 100vw, 291px\" \/><\/a><\/p>\n<p>Es treballa amb la idea d\u2019una escola espec\u00edfica oberta a l\u2019escola ordin\u00e0ria per afavorir la socialitzaci\u00f3 amb una comunitat plural i diversa. Dins l\u2019escola Ma\u00e7ana els alumnes estan en grups redu\u00efts de 4-6 alumnes per aula i mestre, i\/o grups flexibles. Les diferents mat\u00e8ries es treballen amb estrat\u00e8gies i recursos que assegurin, tant com sigui possible, el desenvolupament personal, comunicatiu i personal dels nens.<\/p>\n<p>A l\u2019escola es poden diferenciar dos tipus d\u2019activitats: les que s\u00f3n m\u00e9s espec\u00edfiques per als nens sords i les que formen part dels curr\u00edculums escolars ordinaris. En el primer grup hi ha el treball auditiu: aix\u00ed, tant a dins l\u2019aula com en les sessions individuals de logop\u00e8dia es fan activitats sistem\u00e0tiques d\u2019estimulaci\u00f3 auditiva per afavorir una millor comprensi\u00f3 i expressi\u00f3 del llenguatge oral, sempre en funci\u00f3 de les possibilitats de cada nen. Tamb\u00e9 es fa classe espec\u00edfica de llengua de signes amb un professor especialista.<\/p>\n<p>Les altres mat\u00e8ries s\u00f3n comunes al curr\u00edculum escolar ordinari i quant a continguts b\u00e0sics, nom\u00e9s es fa una temporalitzaci\u00f3 diferent. En les \u00e0rees compartides es dediquen m\u00e9s hores al refor\u00e7 i anticipaci\u00f3 dels continguts.<\/p>\n<p>En ambd\u00f2s casos s\u2019utilitza la llengua de signes com a recurs complementari per assegurar una bona comprensi\u00f3.<\/p>\n<p>&nbsp;<\/p>\n<p>At\u00e8s que l\u2019objectiu principal \u00e9s la millora de la qualitat de l\u2019ensenyament-aprenentatge del nostre alumnat sord, l\u2019opci\u00f3 de poder compartir amb les escoles ve\u00efnes resulta una experi\u00e8ncia molt positiva i enriquidora.<\/p>\n","protected":false},"excerpt":{"rendered":"<p>Al llarg de l&#8217;etapa d&#8217;Infantil i Prim\u00e0ria l\u2019escola d\u2019educaci\u00f3 especial La Ma\u00e7ana comparteix\u00a0 algunes de les mat\u00e8ries del curr\u00edculum amb la seva escola ve\u00efna, Silvestre Santal\u00f3. Es treballa amb la idea d\u2019una escola espec\u00edfica oberta a l\u2019escola ordin\u00e0ria per afavorir la socialitzaci\u00f3 amb una comunitat plural i diversa. Dins l\u2019escola Ma\u00e7ana els alumnes estan en [&hellip;]<\/p>\n","protected":false},"author":1,"featured_media":0,"parent":34,"menu_order":1,"comment_status":"closed","ping_status":"closed","template":"page-templates\/side-menu.php","meta":{"_bbp_topic_count":0,"_bbp_reply_count":0,"_bbp_total_topic_count":0,"_bbp_total_reply_count":0,"_bbp_voice_count":0,"_bbp_anonymous_reply_count":0,"_bbp_topic_count_hidden":0,"_bbp_reply_count_hidden":0,"_bbp_forum_subforum_count":0,"site-sidebar-layout":"default","site-content-layout":"","ast-site-content-layout":"","site-content-style":"default","site-sidebar-style":"default","ast-global-header-display":"","ast-banner-title-visibility":"","ast-main-header-display":"","ast-hfb-above-header-display":"","ast-hfb-below-header-display":"","ast-hfb-mobile-header-display":"","site-post-title":"","ast-breadcrumbs-content":"","ast-featured-img":"","footer-sml-layout":"","theme-transparent-header-meta":"","adv-header-id-meta":"","stick-header-meta":"","header-above-stick-meta":"","header-main-stick-meta":"","header-below-stick-meta":"","astra-migrate-meta-layouts":"default","ast-page-background-enabled":"default","ast-page-background-meta":{"desktop":{"background-color":"var(--ast-global-color-4)","background-image":"","background-repeat":"repeat","background-position":"center center","background-size":"auto","background-attachment":"scroll","background-type":"","background-media":"","overlay-type":"","overlay-color":"","overlay-opacity":"","overlay-gradient":""},"tablet":{"background-color":"","background-image":"","background-repeat":"repeat","background-position":"center center","background-size":"auto","background-attachment":"scroll","background-type":"","background-media":"","overlay-type":"","overlay-color":"","overlay-opacity":"","overlay-gradient":""},"mobile":{"background-color":"","background-image":"","background-repeat":"repeat","background-position":"center center","background-size":"auto","background-attachment":"scroll","background-type":"","background-media":"","overlay-type":"","overlay-color":"","overlay-opacity":"","overlay-gradient":""}},"ast-content-background-meta":{"desktop":{"background-color":"var(--ast-global-color-5)","background-image":"","background-repeat":"repeat","background-position":"center center","background-size":"auto","background-attachment":"scroll","background-type":"","background-media":"","overlay-type":"","overlay-color":"","overlay-opacity":"","overlay-gradient":""},"tablet":{"background-color":"var(--ast-global-color-5)","background-image":"","background-repeat":"repeat","background-position":"center center","background-size":"auto","background-attachment":"scroll","background-type":"","background-media":"","overlay-type":"","overlay-color":"","overlay-opacity":"","overlay-gradient":""},"mobile":{"background-color":"var(--ast-global-color-5)","background-image":"","background-repeat":"repeat","background-position":"center center","background-size":"auto","background-attachment":"scroll","background-type":"","background-media":"","overlay-type":"","overlay-color":"","overlay-opacity":"","overlay-gradient":""}},"footnotes":""},"class_list":["post-498","page","type-page","status-publish","hentry"],"post_mailing_queue_ids":[],"_links":{"self":[{"href":"https:\/\/agora.xtec.cat\/cee-lamassana\/wp-json\/wp\/v2\/pages\/498","targetHints":{"allow":["GET"]}}],"collection":[{"href":"https:\/\/agora.xtec.cat\/cee-lamassana\/wp-json\/wp\/v2\/pages"}],"about":[{"href":"https:\/\/agora.xtec.cat\/cee-lamassana\/wp-json\/wp\/v2\/types\/page"}],"author":[{"embeddable":true,"href":"https:\/\/agora.xtec.cat\/cee-lamassana\/wp-json\/wp\/v2\/users\/1"}],"replies":[{"embeddable":true,"href":"https:\/\/agora.xtec.cat\/cee-lamassana\/wp-json\/wp\/v2\/comments?post=498"}],"version-history":[{"count":4,"href":"https:\/\/agora.xtec.cat\/cee-lamassana\/wp-json\/wp\/v2\/pages\/498\/revisions"}],"predecessor-version":[{"id":919,"href":"https:\/\/agora.xtec.cat\/cee-lamassana\/wp-json\/wp\/v2\/pages\/498\/revisions\/919"}],"up":[{"embeddable":true,"href":"https:\/\/agora.xtec.cat\/cee-lamassana\/wp-json\/wp\/v2\/pages\/34"}],"wp:attachment":[{"href":"https:\/\/agora.xtec.cat\/cee-lamassana\/wp-json\/wp\/v2\/media?parent=498"}],"curies":[{"name":"wp","href":"https:\/\/api.w.org\/{rel}","templated":true}]}}