{"id":26,"date":"2014-09-18T12:24:32","date_gmt":"2014-09-18T11:24:32","guid":{"rendered":"http:\/\/agora.xtec.cat\/cee-lamassana\/?page_id=26"},"modified":"2019-11-12T13:06:35","modified_gmt":"2019-11-12T12:06:35","slug":"historia","status":"publish","type":"page","link":"https:\/\/agora.xtec.cat\/cee-lamassana\/lescola\/historia\/","title":{"rendered":"Hist\u00f2ria"},"content":{"rendered":"<p><strong>UNA MICA D\u2019 HIST\u00d2RIA<\/strong><\/p>\n<ul>\n<li style=\"text-align: justify;\"><span lang=\"CA\">L\u2019any 1980 es va obrir l\u2019escola\u00a0 La Ma\u00e7ana per atendre als alumnes sords que fins aquell moment estaven escolaritzats en dues escoles de Girona i despr\u00e9s es van agrupar i escolaritzar a l\u2019escola Carme Auguet.<\/span><\/li>\n<li style=\"text-align: justify;\"><span lang=\"CA\">El nom de l&#8217;escola \u00e9s degut al lloc en el que est\u00e0 ubicat, a la zona de la Ma\u00e7ana de SALT per on hi havia passat una riera del mateix nom.<\/span><\/li>\n<li style=\"text-align: justify;\">Sempre ha estat una escola d&#8217;\u00e0mbit provincial que ha at\u00e8s als alumnes de les comarques gironines.<\/li>\n<li style=\"text-align: justify;\">L&#8217;escola sempre ha estat oralista, tot i que progressivament s&#8217;ha anat introdu\u00efnt la llengua de signes tan a les aules com en el pla de formaci\u00f3 de mestres, acostant-nos a una comunicaci\u00f3 biling\u00fce.<\/li>\n<li style=\"text-align: justify;\"><span lang=\"CA\">Al comen\u00e7ament era una escola per a deficients sensorials i atenia nens amb sordesa i amb\u00a0 defici\u00e8ncia visual. Al voltant de l\u2019any\u00a0 1986 els pocs alumnes amb defici\u00e8ncia visual que hi havia a l\u2019escola \u00a0es van integrar a les escoles ordin\u00e0ries.<\/span><\/li>\n<li style=\"text-align: justify;\"><span lang=\"CA\">A partir de l&#8217;any 1989 es van crear els CREDAs. A Girona t\u00e9 la seu al mateix edifici de l\u2019escola i al comen\u00e7ament l\u2019escola i el CREDA compartien la mateixa direcci\u00f3. En aquells moments s&#8217;atenia a la majoria de\u00a0 nens en la modalitat d\u2019escolaritzaci\u00f3 compartida, entre\u00a0 la Ma\u00e7ana i l\u2019escola del seu municipi on eren atesos per una logopeda itinerant del CREDA.\u00a0<\/span><\/li>\n<li style=\"text-align: justify;\">Posteriorment el CREDA va seguir atenent als nens a les escoles ordin\u00e0ries del seu municipi i la Ma\u00e7ana va evolucionar cap a una escolaritzaci\u00f3 compartida amb els dos centres ve\u00efns, el centre d&#8217;educaci\u00f3 infantil i Prim\u00e0ria Silvestre Santal\u00f3 i l&#8217;institut Salvador Espriu.<\/li>\n<li style=\"text-align: justify;\">La Ma\u00e7ana com a escola d&#8217;educaci\u00f3 especial sempre ha at\u00e8s alumnes fins a 21 anys. Despr\u00e9s del t\u00edtol d&#8217;escolaritzaci\u00f3 obligat\u00f2ria els alumnes han pogut accedir als instituts ordinaris a realitzar abans la Formaci\u00f3 Professional i actualment els Cicles Formatius.<\/li>\n<\/ul>\n","protected":false},"excerpt":{"rendered":"<p>UNA MICA D\u2019 HIST\u00d2RIA L\u2019any 1980 es va obrir l\u2019escola\u00a0 La Ma\u00e7ana per atendre als alumnes sords que fins aquell moment estaven escolaritzats en dues escoles de Girona i despr\u00e9s es van agrupar i escolaritzar a l\u2019escola Carme Auguet. El nom de l&#8217;escola \u00e9s degut al lloc en el que est\u00e0 ubicat, a la zona [&hellip;]<\/p>\n","protected":false},"author":1,"featured_media":0,"parent":22,"menu_order":20,"comment_status":"closed","ping_status":"closed","template":"page-templates\/side-menu.php","meta":{"_bbp_topic_count":0,"_bbp_reply_count":0,"_bbp_total_topic_count":0,"_bbp_total_reply_count":0,"_bbp_voice_count":0,"_bbp_anonymous_reply_count":0,"_bbp_topic_count_hidden":0,"_bbp_reply_count_hidden":0,"_bbp_forum_subforum_count":0,"site-sidebar-layout":"default","site-content-layout":"","ast-site-content-layout":"","site-content-style":"default","site-sidebar-style":"default","ast-global-header-display":"","ast-banner-title-visibility":"","ast-main-header-display":"","ast-hfb-above-header-display":"","ast-hfb-below-header-display":"","ast-hfb-mobile-header-display":"","site-post-title":"","ast-breadcrumbs-content":"","ast-featured-img":"","footer-sml-layout":"","theme-transparent-header-meta":"","adv-header-id-meta":"","stick-header-meta":"","header-above-stick-meta":"","header-main-stick-meta":"","header-below-stick-meta":"","astra-migrate-meta-layouts":"default","ast-page-background-enabled":"default","ast-page-background-meta":{"desktop":{"background-color":"var(--ast-global-color-4)","background-image":"","background-repeat":"repeat","background-position":"center center","background-size":"auto","background-attachment":"scroll","background-type":"","background-media":"","overlay-type":"","overlay-color":"","overlay-opacity":"","overlay-gradient":""},"tablet":{"background-color":"","background-image":"","background-repeat":"repeat","background-position":"center center","background-size":"auto","background-attachment":"scroll","background-type":"","background-media":"","overlay-type":"","overlay-color":"","overlay-opacity":"","overlay-gradient":""},"mobile":{"background-color":"","background-image":"","background-repeat":"repeat","background-position":"center center","background-size":"auto","background-attachment":"scroll","background-type":"","background-media":"","overlay-type":"","overlay-color":"","overlay-opacity":"","overlay-gradient":""}},"ast-content-background-meta":{"desktop":{"background-color":"var(--ast-global-color-5)","background-image":"","background-repeat":"repeat","background-position":"center center","background-size":"auto","background-attachment":"scroll","background-type":"","background-media":"","overlay-type":"","overlay-color":"","overlay-opacity":"","overlay-gradient":""},"tablet":{"background-color":"var(--ast-global-color-5)","background-image":"","background-repeat":"repeat","background-position":"center center","background-size":"auto","background-attachment":"scroll","background-type":"","background-media":"","overlay-type":"","overlay-color":"","overlay-opacity":"","overlay-gradient":""},"mobile":{"background-color":"var(--ast-global-color-5)","background-image":"","background-repeat":"repeat","background-position":"center center","background-size":"auto","background-attachment":"scroll","background-type":"","background-media":"","overlay-type":"","overlay-color":"","overlay-opacity":"","overlay-gradient":""}},"footnotes":""},"class_list":["post-26","page","type-page","status-publish","hentry"],"post_mailing_queue_ids":[],"_links":{"self":[{"href":"https:\/\/agora.xtec.cat\/cee-lamassana\/wp-json\/wp\/v2\/pages\/26","targetHints":{"allow":["GET"]}}],"collection":[{"href":"https:\/\/agora.xtec.cat\/cee-lamassana\/wp-json\/wp\/v2\/pages"}],"about":[{"href":"https:\/\/agora.xtec.cat\/cee-lamassana\/wp-json\/wp\/v2\/types\/page"}],"author":[{"embeddable":true,"href":"https:\/\/agora.xtec.cat\/cee-lamassana\/wp-json\/wp\/v2\/users\/1"}],"replies":[{"embeddable":true,"href":"https:\/\/agora.xtec.cat\/cee-lamassana\/wp-json\/wp\/v2\/comments?post=26"}],"version-history":[{"count":3,"href":"https:\/\/agora.xtec.cat\/cee-lamassana\/wp-json\/wp\/v2\/pages\/26\/revisions"}],"predecessor-version":[{"id":659,"href":"https:\/\/agora.xtec.cat\/cee-lamassana\/wp-json\/wp\/v2\/pages\/26\/revisions\/659"}],"up":[{"embeddable":true,"href":"https:\/\/agora.xtec.cat\/cee-lamassana\/wp-json\/wp\/v2\/pages\/22"}],"wp:attachment":[{"href":"https:\/\/agora.xtec.cat\/cee-lamassana\/wp-json\/wp\/v2\/media?parent=26"}],"curies":[{"name":"wp","href":"https:\/\/api.w.org\/{rel}","templated":true}]}}