{"id":22,"date":"2014-09-18T12:19:57","date_gmt":"2014-09-18T11:19:57","guid":{"rendered":"http:\/\/agora.xtec.cat\/cee-lamassana\/?page_id=22"},"modified":"2020-01-29T15:46:13","modified_gmt":"2020-01-29T14:46:13","slug":"lescola","status":"publish","type":"page","link":"https:\/\/agora.xtec.cat\/cee-lamassana\/lescola\/","title":{"rendered":"L&#8217;escola"},"content":{"rendered":"<p style=\"text-align: justify;\">L\u2019escola\u00a0<strong>La Ma\u00e7ana<\/strong>\u00a0\u00e9s un centre p\u00fablic espec\u00edfic per a sords, situat a la poblaci\u00f3 de\u00a0 Salt, on hi assisteixen alumnes d\u2019arreu de les comarques gironines.<\/p>\n<p style=\"text-align: justify;\">L\u2019escola <strong>La Ma\u00e7ana<\/strong> at\u00e9n alumnes d\u2019Infantil, Prim\u00e0ria, Secund\u00e0ria i de Post-obligat\u00f2ria. S\u2019escolaritzen alumnes des dels 3 anys fins als 21.<\/p>\n<p style=\"text-align: justify;\">Es treballa el curr\u00edculum escolar ordinari, modificat i adaptat si cal, a les necessitats individuals de cada alumne\/a. S\u2019intenta potenciar al m\u00e0xim la comunicaci\u00f3, comprensi\u00f3 i expressi\u00f3 oral i escrita.<\/p>\n<figure id=\"attachment_770\" aria-describedby=\"caption-attachment-770\" style=\"width: 1024px\" class=\"wp-caption alignnone\"><a href=\"https:\/\/agora.xtec.cat\/cee-lamassana\/wp-content\/uploads\/usu588\/2020\/01\/IMG_20191112_083834_1382x1037.jpg\"><img loading=\"lazy\" decoding=\"async\" class=\"size-large wp-image-770\" src=\"https:\/\/agora.xtec.cat\/cee-lamassana\/wp-content\/uploads\/usu588\/2020\/01\/IMG_20191112_083834_1382x1037-1024x768.jpg\" alt=\"\" width=\"1024\" height=\"768\" srcset=\"https:\/\/agora.xtec.cat\/cee-lamassana\/wp-content\/uploads\/usu588\/2020\/01\/IMG_20191112_083834_1382x1037-1024x768.jpg 1024w, https:\/\/agora.xtec.cat\/cee-lamassana\/wp-content\/uploads\/usu588\/2020\/01\/IMG_20191112_083834_1382x1037-300x225.jpg 300w, https:\/\/agora.xtec.cat\/cee-lamassana\/wp-content\/uploads\/usu588\/2020\/01\/IMG_20191112_083834_1382x1037-768x576.jpg 768w, https:\/\/agora.xtec.cat\/cee-lamassana\/wp-content\/uploads\/usu588\/2020\/01\/IMG_20191112_083834_1382x1037-200x150.jpg 200w, https:\/\/agora.xtec.cat\/cee-lamassana\/wp-content\/uploads\/usu588\/2020\/01\/IMG_20191112_083834_1382x1037.jpg 1382w\" sizes=\"auto, (max-width: 1024px) 100vw, 1024px\" \/><\/a><figcaption id=\"caption-attachment-770\" class=\"wp-caption-text\">dav<\/figcaption><\/figure>\n<p><a href=\"https:\/\/agora.xtec.cat\/cee-lamassana\/wp-content\/uploads\/usu588\/2020\/01\/IMG_20191112_083944_1382x1037.jpg\"><img loading=\"lazy\" decoding=\"async\" class=\"size-large wp-image-771\" src=\"https:\/\/agora.xtec.cat\/cee-lamassana\/wp-content\/uploads\/usu588\/2020\/01\/IMG_20191112_083944_1382x1037-1024x768.jpg\" alt=\"\" width=\"1024\" height=\"768\" srcset=\"https:\/\/agora.xtec.cat\/cee-lamassana\/wp-content\/uploads\/usu588\/2020\/01\/IMG_20191112_083944_1382x1037-1024x768.jpg 1024w, https:\/\/agora.xtec.cat\/cee-lamassana\/wp-content\/uploads\/usu588\/2020\/01\/IMG_20191112_083944_1382x1037-300x225.jpg 300w, https:\/\/agora.xtec.cat\/cee-lamassana\/wp-content\/uploads\/usu588\/2020\/01\/IMG_20191112_083944_1382x1037-768x576.jpg 768w, https:\/\/agora.xtec.cat\/cee-lamassana\/wp-content\/uploads\/usu588\/2020\/01\/IMG_20191112_083944_1382x1037-200x150.jpg 200w, https:\/\/agora.xtec.cat\/cee-lamassana\/wp-content\/uploads\/usu588\/2020\/01\/IMG_20191112_083944_1382x1037.jpg 1382w\" sizes=\"auto, (max-width: 1024px) 100vw, 1024px\" \/><\/a><\/p>\n","protected":false},"excerpt":{"rendered":"<p>L\u2019escola\u00a0La Ma\u00e7ana\u00a0\u00e9s un centre p\u00fablic espec\u00edfic per a sords, situat a la poblaci\u00f3 de\u00a0 Salt, on hi assisteixen alumnes d\u2019arreu de les comarques gironines. L\u2019escola La Ma\u00e7ana at\u00e9n alumnes d\u2019Infantil, Prim\u00e0ria, Secund\u00e0ria i de Post-obligat\u00f2ria. S\u2019escolaritzen alumnes des dels 3 anys fins als 21. Es treballa el curr\u00edculum escolar ordinari, modificat i adaptat si cal, [&hellip;]<\/p>\n","protected":false},"author":1,"featured_media":0,"parent":0,"menu_order":0,"comment_status":"closed","ping_status":"closed","template":"page-templates\/side-menu.php","meta":{"_bbp_topic_count":0,"_bbp_reply_count":0,"_bbp_total_topic_count":0,"_bbp_total_reply_count":0,"_bbp_voice_count":0,"_bbp_anonymous_reply_count":0,"_bbp_topic_count_hidden":0,"_bbp_reply_count_hidden":0,"_bbp_forum_subforum_count":0,"site-sidebar-layout":"default","site-content-layout":"","ast-site-content-layout":"","site-content-style":"default","site-sidebar-style":"default","ast-global-header-display":"","ast-banner-title-visibility":"","ast-main-header-display":"","ast-hfb-above-header-display":"","ast-hfb-below-header-display":"","ast-hfb-mobile-header-display":"","site-post-title":"","ast-breadcrumbs-content":"","ast-featured-img":"","footer-sml-layout":"","theme-transparent-header-meta":"","adv-header-id-meta":"","stick-header-meta":"","header-above-stick-meta":"","header-main-stick-meta":"","header-below-stick-meta":"","astra-migrate-meta-layouts":"default","ast-page-background-enabled":"default","ast-page-background-meta":{"desktop":{"background-color":"var(--ast-global-color-4)","background-image":"","background-repeat":"repeat","background-position":"center center","background-size":"auto","background-attachment":"scroll","background-type":"","background-media":"","overlay-type":"","overlay-color":"","overlay-opacity":"","overlay-gradient":""},"tablet":{"background-color":"","background-image":"","background-repeat":"repeat","background-position":"center center","background-size":"auto","background-attachment":"scroll","background-type":"","background-media":"","overlay-type":"","overlay-color":"","overlay-opacity":"","overlay-gradient":""},"mobile":{"background-color":"","background-image":"","background-repeat":"repeat","background-position":"center center","background-size":"auto","background-attachment":"scroll","background-type":"","background-media":"","overlay-type":"","overlay-color":"","overlay-opacity":"","overlay-gradient":""}},"ast-content-background-meta":{"desktop":{"background-color":"var(--ast-global-color-5)","background-image":"","background-repeat":"repeat","background-position":"center center","background-size":"auto","background-attachment":"scroll","background-type":"","background-media":"","overlay-type":"","overlay-color":"","overlay-opacity":"","overlay-gradient":""},"tablet":{"background-color":"var(--ast-global-color-5)","background-image":"","background-repeat":"repeat","background-position":"center center","background-size":"auto","background-attachment":"scroll","background-type":"","background-media":"","overlay-type":"","overlay-color":"","overlay-opacity":"","overlay-gradient":""},"mobile":{"background-color":"var(--ast-global-color-5)","background-image":"","background-repeat":"repeat","background-position":"center center","background-size":"auto","background-attachment":"scroll","background-type":"","background-media":"","overlay-type":"","overlay-color":"","overlay-opacity":"","overlay-gradient":""}},"footnotes":""},"class_list":["post-22","page","type-page","status-publish","hentry"],"post_mailing_queue_ids":[],"_links":{"self":[{"href":"https:\/\/agora.xtec.cat\/cee-lamassana\/wp-json\/wp\/v2\/pages\/22","targetHints":{"allow":["GET"]}}],"collection":[{"href":"https:\/\/agora.xtec.cat\/cee-lamassana\/wp-json\/wp\/v2\/pages"}],"about":[{"href":"https:\/\/agora.xtec.cat\/cee-lamassana\/wp-json\/wp\/v2\/types\/page"}],"author":[{"embeddable":true,"href":"https:\/\/agora.xtec.cat\/cee-lamassana\/wp-json\/wp\/v2\/users\/1"}],"replies":[{"embeddable":true,"href":"https:\/\/agora.xtec.cat\/cee-lamassana\/wp-json\/wp\/v2\/comments?post=22"}],"version-history":[{"count":3,"href":"https:\/\/agora.xtec.cat\/cee-lamassana\/wp-json\/wp\/v2\/pages\/22\/revisions"}],"predecessor-version":[{"id":773,"href":"https:\/\/agora.xtec.cat\/cee-lamassana\/wp-json\/wp\/v2\/pages\/22\/revisions\/773"}],"wp:attachment":[{"href":"https:\/\/agora.xtec.cat\/cee-lamassana\/wp-json\/wp\/v2\/media?parent=22"}],"curies":[{"name":"wp","href":"https:\/\/api.w.org\/{rel}","templated":true}]}}