{"id":9,"date":"2017-09-17T15:08:18","date_gmt":"2017-09-17T13:08:18","guid":{"rendered":"http:\/\/agora.xtec.cat\/cee-laginesta\/?page_id=9"},"modified":"2018-05-23T12:54:14","modified_gmt":"2018-05-23T10:54:14","slug":"pagina-dinici-buida","status":"publish","type":"page","link":"https:\/\/agora.xtec.cat\/cee-laginesta\/pagina-dinici-buida\/","title":{"rendered":"Escola amb certificat PDA BULLYING de bones pr\u00e0ctiques davant l\u2019assetjament entre iguals"},"content":{"rendered":"<h3><a href=\"http:\/\/agora.xtec.cat\/cee-laginesta\/pagina-dinici-buida\/attachment\/certificat\/\" rel=\"attachment wp-att-3571\"><img loading=\"lazy\" decoding=\"async\" class=\"size-full wp-image-3571 alignright\" src=\"http:\/\/agora.xtec.cat\/cee-laginesta\/wp-content\/uploads\/usu800\/2017\/09\/certificat.png\" alt=\"\" width=\"343\" height=\"139\" srcset=\"https:\/\/agora.xtec.cat\/cee-laginesta\/wp-content\/uploads\/usu800\/2017\/09\/certificat.png 343w, https:\/\/agora.xtec.cat\/cee-laginesta\/wp-content\/uploads\/usu800\/2017\/09\/certificat-300x122.png 300w\" sizes=\"auto, (max-width: 343px) 100vw, 343px\" \/><\/a>Escola amb certificaci\u00f3 PDA BULLYING de bones pr\u00e0ctiques davant l\u2019assetjament entre iguals<\/h3>\n<p>La certificaci\u00f3 atorgada per <a href=\"http:\/\/salutieducacioemocional.com\/\">SEER<\/a> est\u00e0 enfocada en poder donar resposta, m\u00e9s enll\u00e0 de les bones pr\u00e0ctiques, tamb\u00e9 a un nivell d\u2019aplicaci\u00f3 i implementaci\u00f3 del protocol PDA Bullying. La certificaci\u00f3 per a Activitats i Recursos es valora entorn a l\u2019\u00e0mbit d\u2019acci\u00f3, si est\u00e0 pensada com a eina Preventiva, de Detecci\u00f3 o d\u2019Actuaci\u00f3.<\/p>\n","protected":false},"excerpt":{"rendered":"<p><a href=\"http:\/\/agora.xtec.cat\/cee-laginesta\/pagina-dinici-buida\/attachment\/certificat\/\" rel=\"attachment wp-att-3571\"><\/a>Escola amb certificaci\u00f3 PDA BULLYING de bones pr\u00e0ctiques davant l\u2019assetjament entre iguals<br \/>\nLa certificaci\u00f3 atorgada per <a href=\"http:\/\/salutieducacioemocional.com\/\">SEER<\/a> est\u00e0 enfocada en poder donar resposta, m\u00e9s enll\u00e0 de les bones pr\u00e0ctiques, tamb\u00e9 a un nivell d\u2019aplicaci\u00f3 i implementaci\u00f3 del protocol PDA Bullying. La certificaci\u00f3&hellip;  <a href=\"https:\/\/agora.xtec.cat\/cee-laginesta\/pagina-dinici-buida\/\" title=\"Read Escola amb certificat PDA BULLYING de bones pr\u00e0ctiques davant l\u2019assetjament entre iguals\">Llegeix m\u00e9s\u00bb<\/a><\/p>\n","protected":false},"author":6,"featured_media":0,"parent":0,"menu_order":1,"comment_status":"closed","ping_status":"closed","template":"page-templates\/front-page.php","meta":{"_bbp_topic_count":0,"_bbp_reply_count":0,"_bbp_total_topic_count":0,"_bbp_total_reply_count":0,"_bbp_voice_count":0,"_bbp_anonymous_reply_count":0,"_bbp_topic_count_hidden":0,"_bbp_reply_count_hidden":0,"_bbp_forum_subforum_count":0,"footnotes":""},"class_list":["post-9","page","type-page","status-publish","hentry"],"post_mailing_queue_ids":[],"_links":{"self":[{"href":"https:\/\/agora.xtec.cat\/cee-laginesta\/wp-json\/wp\/v2\/pages\/9","targetHints":{"allow":["GET"]}}],"collection":[{"href":"https:\/\/agora.xtec.cat\/cee-laginesta\/wp-json\/wp\/v2\/pages"}],"about":[{"href":"https:\/\/agora.xtec.cat\/cee-laginesta\/wp-json\/wp\/v2\/types\/page"}],"author":[{"embeddable":true,"href":"https:\/\/agora.xtec.cat\/cee-laginesta\/wp-json\/wp\/v2\/users\/6"}],"replies":[{"embeddable":true,"href":"https:\/\/agora.xtec.cat\/cee-laginesta\/wp-json\/wp\/v2\/comments?post=9"}],"version-history":[{"count":4,"href":"https:\/\/agora.xtec.cat\/cee-laginesta\/wp-json\/wp\/v2\/pages\/9\/revisions"}],"predecessor-version":[{"id":3579,"href":"https:\/\/agora.xtec.cat\/cee-laginesta\/wp-json\/wp\/v2\/pages\/9\/revisions\/3579"}],"wp:attachment":[{"href":"https:\/\/agora.xtec.cat\/cee-laginesta\/wp-json\/wp\/v2\/media?parent=9"}],"curies":[{"name":"wp","href":"https:\/\/api.w.org\/{rel}","templated":true}]}}