{"id":7947,"date":"2023-05-24T12:33:14","date_gmt":"2023-05-24T10:33:14","guid":{"rendered":"https:\/\/agora.xtec.cat\/cee-laginesta\/?page_id=7947"},"modified":"2024-02-14T12:22:05","modified_gmt":"2024-02-14T11:22:05","slug":"sortida-de-la-ginesta","status":"publish","type":"page","link":"https:\/\/agora.xtec.cat\/cee-laginesta\/lescola\/oferta-educativa\/sortida-de-la-ginesta\/","title":{"rendered":"SORTIDA DE LA GINESTA"},"content":{"rendered":"<p align=\"JUSTIFY\"><strong>I despr\u00e9s de La Ginesta?<\/strong> L&#8217;escola assessora i acompanya les fam\u00edlies en el proc\u00e9s de canvi de recurs quan acaben la seva escolaritat en el nostre centre.<\/p>\n<p align=\"JUSTIFY\">Els alumnes amb edats de 12 a 16 que segueixen l&#8217;itinerari d&#8217;aprenentatges curriculars troben continu\u00eftat formativa en <a href=\"https:\/\/triaeducativa.gencat.cat\/ca\/fp\/pfi\/index.html\">PFI<\/a> (adaptats o ordinaris segons el cas) o en <a href=\"https:\/\/triaeducativa.gencat.cat\/ca\/fp\/ife\/index.html\">IFE<\/a>. L&#8217;equip docent, directiu i l&#8217;EAP acompanya i orienta les fam\u00edlies i els alumnes pel que fa la sortida.<\/p>\n<p align=\"CENTER\"><iframe loading=\"lazy\" title=\"YouTube video player\" src=\"https:\/\/www.youtube.com\/embed\/66coN-9lAXc\" width=\"560\" height=\"315\" frameborder=\"0\" allowfullscreen=\"allowfullscreen\"><\/iframe><\/p>\n<p style=\"text-align: justify;\" align=\"CENTER\">Pels alumnes que fan el <strong>PFTVA<\/strong> (alumnes de 16 a 21 anys), donades les seves caracter\u00edstiques i necessitats s&#8217;orienten cap a <a href=\"https:\/\/dretssocials.gencat.cat\/ca\/ambits_tematics\/persones_amb_discapacitat\/serveis_socials_per_a_persones_amb_discapacitat\/serveis_per_a_persones_amb_discapacitat_intel_lectual\/serveis_de_centres_ocupacionals\/index.html\">Centres Ocupacionals<\/a> o Centres de dia, tenint en compte la valoraci\u00f3 de l&#8217;<a href=\"https:\/\/dretssocials.gencat.cat\/ca\/ambits_tematics\/persones_amb_discapacitat\/serveis_socials_per_a_persones_amb_discapacitat\/serveis_de_valoracio_i_orientacio\/index.html\">EVO laboral<\/a>. Aquesta sortida i orientaci\u00f3 est\u00e0 guiada per la psicopedagoga de l&#8217;escola, l&#8217;equip directiu i l&#8217;EAP de refer\u00e8ncia.<\/p>\n","protected":false},"excerpt":{"rendered":"<p>I despr\u00e9s de La Ginesta? L&#8217;escola assessora i acompanya les fam\u00edlies en el proc\u00e9s de canvi de recurs quan acaben la seva escolaritat en el nostre centre.<br \/>\nEls alumnes amb edats de 12 a 16 que segueixen l&#8217;itinerari d&#8217;aprenentatges curriculars troben continu\u00eftat formativa en <a href=\"https:\/\/triaeducativa.gencat.cat\/ca\/fp\/pfi\/index.html\">PFI<\/a>&hellip;  <a href=\"https:\/\/agora.xtec.cat\/cee-laginesta\/lescola\/oferta-educativa\/sortida-de-la-ginesta\/\" title=\"Read SORTIDA DE LA GINESTA\">Llegeix m\u00e9s\u00bb<\/a><\/p>\n","protected":false},"author":1,"featured_media":0,"parent":28,"menu_order":0,"comment_status":"closed","ping_status":"closed","template":"page-templates\/side-menu.php","meta":{"_bbp_topic_count":0,"_bbp_reply_count":0,"_bbp_total_topic_count":0,"_bbp_total_reply_count":0,"_bbp_voice_count":0,"_bbp_anonymous_reply_count":0,"_bbp_topic_count_hidden":0,"_bbp_reply_count_hidden":0,"_bbp_forum_subforum_count":0,"footnotes":""},"class_list":["post-7947","page","type-page","status-publish","hentry"],"post_mailing_queue_ids":[],"_links":{"self":[{"href":"https:\/\/agora.xtec.cat\/cee-laginesta\/wp-json\/wp\/v2\/pages\/7947","targetHints":{"allow":["GET"]}}],"collection":[{"href":"https:\/\/agora.xtec.cat\/cee-laginesta\/wp-json\/wp\/v2\/pages"}],"about":[{"href":"https:\/\/agora.xtec.cat\/cee-laginesta\/wp-json\/wp\/v2\/types\/page"}],"author":[{"embeddable":true,"href":"https:\/\/agora.xtec.cat\/cee-laginesta\/wp-json\/wp\/v2\/users\/1"}],"replies":[{"embeddable":true,"href":"https:\/\/agora.xtec.cat\/cee-laginesta\/wp-json\/wp\/v2\/comments?post=7947"}],"version-history":[{"count":5,"href":"https:\/\/agora.xtec.cat\/cee-laginesta\/wp-json\/wp\/v2\/pages\/7947\/revisions"}],"predecessor-version":[{"id":8289,"href":"https:\/\/agora.xtec.cat\/cee-laginesta\/wp-json\/wp\/v2\/pages\/7947\/revisions\/8289"}],"up":[{"embeddable":true,"href":"https:\/\/agora.xtec.cat\/cee-laginesta\/wp-json\/wp\/v2\/pages\/28"}],"wp:attachment":[{"href":"https:\/\/agora.xtec.cat\/cee-laginesta\/wp-json\/wp\/v2\/media?parent=7947"}],"curies":[{"name":"wp","href":"https:\/\/api.w.org\/{rel}","templated":true}]}}