{"id":7945,"date":"2023-05-24T12:24:46","date_gmt":"2023-05-24T10:24:46","guid":{"rendered":"https:\/\/agora.xtec.cat\/cee-laginesta\/?page_id=7945"},"modified":"2023-05-24T12:26:46","modified_gmt":"2023-05-24T10:26:46","slug":"pla-de-suport-individualitzat","status":"publish","type":"page","link":"https:\/\/agora.xtec.cat\/cee-laginesta\/lescola\/oferta-educativa\/pla-de-suport-individualitzat\/","title":{"rendered":"PLA DE SUPORT INDIVIDUALITZAT"},"content":{"rendered":"<p style=\"text-align: justify;\">A l\u2019escola es treballa amb un <a href=\"https:\/\/xtec.gencat.cat\/ca\/curriculum\/diversitat-i-inclusio\/atencio-educativa-als-alumnes\/pla-de-suport-individualitzat-pi\/\">Pla individualitzat<\/a> per a cada alumne, la metodologia es basa en aprenentatges funcionals, activitats vivenciades, material adaptat, \u00fas de les noves tecnologies, import\u00e0ncia de l\u2019escolta de l\u2019altre i de la correcta expressi\u00f3 de les idees, m\u00e0xima relaci\u00f3 amb l\u2019entorn i aprofitament d\u2019aquest, treball interdisciplinar dels h\u00e0bits, els valors i les normes.<\/p>\n<p style=\"text-align: justify;\">&#8220;Un dels objectius m\u00e9s destacables de l&#8217;educaci\u00f3 \u00e9s garantir que tot l\u2019alumnat, independentment de les seves condicions i caracter\u00edstiques personals, desenvolupi el m\u00e0xim possible les seves capacitats.<\/p>\n<p style=\"text-align: justify;\">Les\u00a0<a href=\"http:\/\/xtec.gencat.cat\/ca\/curriculum\/diversitat-i-inclusio\/atencio-educativa-als-alumnes\/nese\/\">Necessitats Espec\u00edfiques de Suport Educatiu<\/a>\u00a0(NESE) s\u2019identifiquen i s\u2019avaluen considerant el funcionament de l\u2019alumne dins del seu context educatiu, independentment de la seva condici\u00f3 personal i social, amb l\u2019objectiu de proporcionar-li els suports necessaris per afavorir-ne l\u2019aprenentatge en condicions d\u2019equitat. Al\u00a0<a href=\"http:\/\/xtec.gencat.cat\/ca\/curriculum\/diversitat-i-inclusio\/atencio-educativa-als-alumnes\/pla-de-suport-individualitzat-pi\/\">Pla de Suport Individualitzat<\/a>\u00a0(PI) es recolliran les valoracions i la presa de decisions dels equips docents -amb la participaci\u00f3 de la fam\u00edlia i de l&#8217;alumne- sobre la planificaci\u00f3 de les\u00a0<a href=\"http:\/\/xtec.gencat.cat\/ca\/curriculum\/diversitat-i-inclusio\/mesures-i-suports\/\">mesures i suports<\/a>.&#8221;<\/p>\n<p style=\"text-align: center;\">\n","protected":false},"excerpt":{"rendered":"<p>A l\u2019escola es treballa amb un <a href=\"https:\/\/xtec.gencat.cat\/ca\/curriculum\/diversitat-i-inclusio\/atencio-educativa-als-alumnes\/pla-de-suport-individualitzat-pi\/\">Pla individualitzat<\/a> per a cada alumne, la metodologia es basa en aprenentatges funcionals, activitats vivenciades, material adaptat, \u00fas de les noves tecnologies, import\u00e0ncia de l\u2019escolta de l\u2019altre i de la correcta expressi\u00f3 de les idees, m\u00e0xima relaci\u00f3 amb&hellip;  <a href=\"https:\/\/agora.xtec.cat\/cee-laginesta\/lescola\/oferta-educativa\/pla-de-suport-individualitzat\/\" title=\"Read PLA DE SUPORT INDIVIDUALITZAT\">Llegeix m\u00e9s\u00bb<\/a><\/p>\n","protected":false},"author":1,"featured_media":0,"parent":28,"menu_order":0,"comment_status":"closed","ping_status":"closed","template":"page-templates\/side-menu.php","meta":{"_bbp_topic_count":0,"_bbp_reply_count":0,"_bbp_total_topic_count":0,"_bbp_total_reply_count":0,"_bbp_voice_count":0,"_bbp_anonymous_reply_count":0,"_bbp_topic_count_hidden":0,"_bbp_reply_count_hidden":0,"_bbp_forum_subforum_count":0,"footnotes":""},"class_list":["post-7945","page","type-page","status-publish","hentry"],"post_mailing_queue_ids":[],"_links":{"self":[{"href":"https:\/\/agora.xtec.cat\/cee-laginesta\/wp-json\/wp\/v2\/pages\/7945","targetHints":{"allow":["GET"]}}],"collection":[{"href":"https:\/\/agora.xtec.cat\/cee-laginesta\/wp-json\/wp\/v2\/pages"}],"about":[{"href":"https:\/\/agora.xtec.cat\/cee-laginesta\/wp-json\/wp\/v2\/types\/page"}],"author":[{"embeddable":true,"href":"https:\/\/agora.xtec.cat\/cee-laginesta\/wp-json\/wp\/v2\/users\/1"}],"replies":[{"embeddable":true,"href":"https:\/\/agora.xtec.cat\/cee-laginesta\/wp-json\/wp\/v2\/comments?post=7945"}],"version-history":[{"count":1,"href":"https:\/\/agora.xtec.cat\/cee-laginesta\/wp-json\/wp\/v2\/pages\/7945\/revisions"}],"predecessor-version":[{"id":7946,"href":"https:\/\/agora.xtec.cat\/cee-laginesta\/wp-json\/wp\/v2\/pages\/7945\/revisions\/7946"}],"up":[{"embeddable":true,"href":"https:\/\/agora.xtec.cat\/cee-laginesta\/wp-json\/wp\/v2\/pages\/28"}],"wp:attachment":[{"href":"https:\/\/agora.xtec.cat\/cee-laginesta\/wp-json\/wp\/v2\/media?parent=7945"}],"curies":[{"name":"wp","href":"https:\/\/api.w.org\/{rel}","templated":true}]}}