{"id":7940,"date":"2023-05-24T12:11:59","date_gmt":"2023-05-24T10:11:59","guid":{"rendered":"https:\/\/agora.xtec.cat\/cee-laginesta\/?page_id=7940"},"modified":"2024-02-07T13:15:46","modified_gmt":"2024-02-07T12:15:46","slug":"etapa-escolar","status":"publish","type":"page","link":"https:\/\/agora.xtec.cat\/cee-laginesta\/lescola\/oferta-educativa\/etapa-escolar\/","title":{"rendered":"ETAPA ESCOLAR\u00a0"},"content":{"rendered":"<p style=\"text-align: justify;\">Al CEE La Ginesta realitzem dos itineraris educatius:<\/p>\n<ul style=\"text-align: justify;\">\n<li>Alumnes amb edat de fer l&#8217;ESO (12-16 anys).<\/li>\n<li>Programa de Transici\u00f3 a la Vida Adulta (16-20 anys)<\/li>\n<\/ul>\n<p style=\"text-align: justify;\">La distribuci\u00f3 dels aprenentatges pels alumnes de 12 a 16 anys es recull en els diferents \u00e0mbits d&#8217;aprenentatges que trobem en el Curr\u00edculum de Prim\u00e0ria i alguns continguts de Secundaria: Llengua, Matem\u00e0tiques, Coneixement del Medi (treball per projectes, taller de cuina, hort&#8230;), Art\u00edstic (m\u00fasica i pl\u00e0stica), Educaci\u00f3 F\u00edsica, Educaci\u00f3 en valors (treball emocional, Activitats d&#8217;aprenentatge i servei&#8230;). A m\u00e9s a m\u00e9s, cada grup-classe t\u00e9 unes activitats espec\u00edfiques i molts dels alumnes desenvolupen tasques de responsabilitat aprofitant l\u2019entorn i la col\u00b7laboraci\u00f3 amb les escoles de dins el recinte i l\u2019entorn. D\u2019aquesta manera treballem l\u2019autonomia i el despla\u00e7ament amb tasques i c\u00e0rrecs que els ajuden a madurar, a saber estar i a aprendre en entorns reals. Els aprenentatges es basen majorit\u00e0riament en\u00a0 el curr\u00edculum competencial de prim\u00e0ria i s&#8217;ajusten al nivell de cada alumne\/a.<\/p>\n","protected":false},"excerpt":{"rendered":"<p>Al CEE La Ginesta realitzem dos itineraris educatius:<\/p>\n<ul style=\"text-align: justify;\">\n<li>Alumnes amb edat de fer l&#8217;ESO (12-16 anys).<\/li>\n<li>Programa de Transici\u00f3 a la Vida Adulta (16-20 anys)<\/li>\n<\/ul>\n<p>La distribuci\u00f3 dels aprenentatges pels alumnes de 12 a 16 anys es recull en els diferents \u00e0mbits d&#8217;aprenentatges que trobem en&hellip;  <a href=\"https:\/\/agora.xtec.cat\/cee-laginesta\/lescola\/oferta-educativa\/etapa-escolar\/\" title=\"Read ETAPA ESCOLAR\u00a0\">Llegeix m\u00e9s\u00bb<\/a><\/p>\n","protected":false},"author":1,"featured_media":0,"parent":28,"menu_order":0,"comment_status":"closed","ping_status":"closed","template":"page-templates\/side-menu.php","meta":{"_bbp_topic_count":0,"_bbp_reply_count":0,"_bbp_total_topic_count":0,"_bbp_total_reply_count":0,"_bbp_voice_count":0,"_bbp_anonymous_reply_count":0,"_bbp_topic_count_hidden":0,"_bbp_reply_count_hidden":0,"_bbp_forum_subforum_count":0,"footnotes":""},"class_list":["post-7940","page","type-page","status-publish","hentry"],"post_mailing_queue_ids":[],"_links":{"self":[{"href":"https:\/\/agora.xtec.cat\/cee-laginesta\/wp-json\/wp\/v2\/pages\/7940","targetHints":{"allow":["GET"]}}],"collection":[{"href":"https:\/\/agora.xtec.cat\/cee-laginesta\/wp-json\/wp\/v2\/pages"}],"about":[{"href":"https:\/\/agora.xtec.cat\/cee-laginesta\/wp-json\/wp\/v2\/types\/page"}],"author":[{"embeddable":true,"href":"https:\/\/agora.xtec.cat\/cee-laginesta\/wp-json\/wp\/v2\/users\/1"}],"replies":[{"embeddable":true,"href":"https:\/\/agora.xtec.cat\/cee-laginesta\/wp-json\/wp\/v2\/comments?post=7940"}],"version-history":[{"count":2,"href":"https:\/\/agora.xtec.cat\/cee-laginesta\/wp-json\/wp\/v2\/pages\/7940\/revisions"}],"predecessor-version":[{"id":8285,"href":"https:\/\/agora.xtec.cat\/cee-laginesta\/wp-json\/wp\/v2\/pages\/7940\/revisions\/8285"}],"up":[{"embeddable":true,"href":"https:\/\/agora.xtec.cat\/cee-laginesta\/wp-json\/wp\/v2\/pages\/28"}],"wp:attachment":[{"href":"https:\/\/agora.xtec.cat\/cee-laginesta\/wp-json\/wp\/v2\/media?parent=7940"}],"curies":[{"name":"wp","href":"https:\/\/api.w.org\/{rel}","templated":true}]}}