{"id":7789,"date":"2023-03-23T12:25:32","date_gmt":"2023-03-23T11:25:32","guid":{"rendered":"https:\/\/agora.xtec.cat\/cee-laginesta\/?page_id=7789"},"modified":"2024-06-07T12:57:18","modified_gmt":"2024-06-07T10:57:18","slug":"estrategia-digital-de-centre","status":"publish","type":"page","link":"https:\/\/agora.xtec.cat\/cee-laginesta\/estrategia-digital-de-centre\/","title":{"rendered":"Estrat\u00e8gia Digital de Centre"},"content":{"rendered":"<p>Podeu consultar la informaci\u00f3 de l&#8217;Estrat\u00e8gia Digital de Centre i Cultura Digital de la nostra escola en el nostre Site:<\/p>\n<p><a href=\"https:\/\/sites.google.com\/xtec.cat\/ceelaginesta?usp=sharing\"><img loading=\"lazy\" decoding=\"async\" class=\"alignnone wp-image-8521 size-full\" src=\"https:\/\/agora.xtec.cat\/cee-laginesta\/wp-content\/uploads\/usu800\/2024\/06\/Sin-titulo-6.png\" alt=\"\" width=\"1710\" height=\"629\" srcset=\"https:\/\/agora.xtec.cat\/cee-laginesta\/wp-content\/uploads\/usu800\/2024\/06\/Sin-titulo-6.png 1710w, https:\/\/agora.xtec.cat\/cee-laginesta\/wp-content\/uploads\/usu800\/2024\/06\/Sin-titulo-6-300x110.png 300w, https:\/\/agora.xtec.cat\/cee-laginesta\/wp-content\/uploads\/usu800\/2024\/06\/Sin-titulo-6-1024x377.png 1024w, https:\/\/agora.xtec.cat\/cee-laginesta\/wp-content\/uploads\/usu800\/2024\/06\/Sin-titulo-6-768x282.png 768w, https:\/\/agora.xtec.cat\/cee-laginesta\/wp-content\/uploads\/usu800\/2024\/06\/Sin-titulo-6-1536x565.png 1536w\" sizes=\"auto, (max-width: 1710px) 100vw, 1710px\" \/><\/a><\/p>\n","protected":false},"excerpt":{"rendered":"<p>Podeu consultar la informaci\u00f3 de l&#8217;Estrat\u00e8gia Digital de Centre i Cultura Digital de la nostra escola en el nostre Site:<br \/>\n<a href=\"https:\/\/sites.google.com\/xtec.cat\/ceelaginesta?usp=sharing\"><\/a><\/p>\n","protected":false},"author":1,"featured_media":0,"parent":0,"menu_order":0,"comment_status":"closed","ping_status":"closed","template":"","meta":{"_bbp_topic_count":0,"_bbp_reply_count":0,"_bbp_total_topic_count":0,"_bbp_total_reply_count":0,"_bbp_voice_count":0,"_bbp_anonymous_reply_count":0,"_bbp_topic_count_hidden":0,"_bbp_reply_count_hidden":0,"_bbp_forum_subforum_count":0,"footnotes":""},"class_list":["post-7789","page","type-page","status-publish","hentry"],"post_mailing_queue_ids":[],"_links":{"self":[{"href":"https:\/\/agora.xtec.cat\/cee-laginesta\/wp-json\/wp\/v2\/pages\/7789","targetHints":{"allow":["GET"]}}],"collection":[{"href":"https:\/\/agora.xtec.cat\/cee-laginesta\/wp-json\/wp\/v2\/pages"}],"about":[{"href":"https:\/\/agora.xtec.cat\/cee-laginesta\/wp-json\/wp\/v2\/types\/page"}],"author":[{"embeddable":true,"href":"https:\/\/agora.xtec.cat\/cee-laginesta\/wp-json\/wp\/v2\/users\/1"}],"replies":[{"embeddable":true,"href":"https:\/\/agora.xtec.cat\/cee-laginesta\/wp-json\/wp\/v2\/comments?post=7789"}],"version-history":[{"count":6,"href":"https:\/\/agora.xtec.cat\/cee-laginesta\/wp-json\/wp\/v2\/pages\/7789\/revisions"}],"predecessor-version":[{"id":8535,"href":"https:\/\/agora.xtec.cat\/cee-laginesta\/wp-json\/wp\/v2\/pages\/7789\/revisions\/8535"}],"wp:attachment":[{"href":"https:\/\/agora.xtec.cat\/cee-laginesta\/wp-json\/wp\/v2\/media?parent=7789"}],"curies":[{"name":"wp","href":"https:\/\/api.w.org\/{rel}","templated":true}]}}