{"id":555,"date":"2016-03-11T09:36:57","date_gmt":"2016-03-11T08:36:57","guid":{"rendered":"http:\/\/agora.xtec.cat\/cee-laginesta\/?page_id=555"},"modified":"2017-03-04T00:47:24","modified_gmt":"2017-03-03T23:47:24","slug":"esport-adaptat","status":"publish","type":"page","link":"https:\/\/agora.xtec.cat\/cee-laginesta\/programes\/esport-adaptat\/","title":{"rendered":"Esport adaptat"},"content":{"rendered":"<p>Des del CEE La Ginesta creiem en la import\u00e0ncia de l&#8217;educaci\u00f3 f\u00edsica i l&#8217;entenem com una \u00e0rea on es realitza un treball integral amb els alumnes: activitat f\u00edsica, foment d&#8217;h\u00e0bits saludables, joc motor, o potenciaci\u00f3 de l&#8217;expressi\u00f3 i la comunicaci\u00f3 social; sense deixar de banda la dimensi\u00f3 afectivo-social de cada alumne.<\/p>\n<p>Per tal de dur a terme l&#8217;educaci\u00f3 f\u00edsica es realitzen activitats ja sigui dintre que fora del centre. Entre les activitats extraordin\u00e0ries que es realitzen dintre del centre hi ha:<\/p>\n<ul>\n<li>Entrenament de rugby<\/li>\n<li>Entrenament de b\u00e0squet i futbol<\/li>\n<li>Entrenament de golf<\/li>\n<\/ul>\n<p>Entre les activitats que es realitzen fora del centre hi ha:<\/p>\n<ul>\n<li>Campionats escolars organitzats per l&#8217;ACELL<\/li>\n<li>Programes d&#8217;activitats de l&#8217;Institut Barcelona Esports (IBE): Esquiada, triatl\u00f3, pedalada, i esports de pel\u00b7l\u00edcula.<\/li>\n<li>Campionats de futbol i d&#8217;atletisme interescolar amb les escoles d&#8217;educaci\u00f3 especial de Barcelona<\/li>\n<li>Tallers de tennis a les escoles d&#8217;Educaci\u00f3 Especial d&#8217;Horta Guinard\u00f3.<\/li>\n<\/ul>\n<p>Aix\u00ed mateix, des de l&#8217;escola es col\u00b7labora amb la Facultat d&#8217;Educaci\u00f3 de la Universitat de Barcelona, a l&#8217;assignatura educaci\u00f3 f\u00edsica inclusiva.<\/p>\n<p><strong>Amb la col\u00b7laboraci\u00f3 de:<\/strong><\/p>\n<p><a href=\"http:\/\/agora.xtec.cat\/cee-laginesta\/wp-content\/uploads\/usu800\/2016\/03\/01_ajuntament.png\"><img loading=\"lazy\" decoding=\"async\" class=\"alignnone wp-image-565\" src=\"http:\/\/agora.xtec.cat\/cee-laginesta\/wp-content\/uploads\/usu800\/2016\/03\/01_ajuntament.png\" alt=\"01_ajuntament\" width=\"207\" height=\"98\" \/><\/a>\u00a0 \u00a0 \u00a0 \u00a0 \u00a0\u00a0<a href=\"http:\/\/agora.xtec.cat\/cee-laginesta\/wp-content\/uploads\/usu800\/2016\/03\/logo-acell.jpg\"><img loading=\"lazy\" decoding=\"async\" class=\"alignnone wp-image-566\" src=\"http:\/\/agora.xtec.cat\/cee-laginesta\/wp-content\/uploads\/usu800\/2016\/03\/logo-acell.jpg\" alt=\"logo-acell\" width=\"82\" height=\"95\" srcset=\"https:\/\/agora.xtec.cat\/cee-laginesta\/wp-content\/uploads\/usu800\/2016\/03\/logo-acell.jpg 300w, https:\/\/agora.xtec.cat\/cee-laginesta\/wp-content\/uploads\/usu800\/2016\/03\/logo-acell-259x300.jpg 259w\" sizes=\"auto, (max-width: 82px) 100vw, 82px\" \/><\/a>\u00a0 \u00a0 \u00a0 \u00a0 \u00a0 \u00a0\u00a0<a href=\"http:\/\/agora.xtec.cat\/cee-laginesta\/wp-content\/uploads\/usu800\/2016\/03\/Cruyff.png\"><img loading=\"lazy\" decoding=\"async\" class=\"alignnone wp-image-564\" src=\"http:\/\/agora.xtec.cat\/cee-laginesta\/wp-content\/uploads\/usu800\/2016\/03\/Cruyff.png\" alt=\"Cruyff\" width=\"94\" height=\"108\" \/> \u00a0 \u00a0 \u00a0 \u00a0\u00a0<\/a> <a href=\"http:\/\/agora.xtec.cat\/cee-laginesta\/programes\/esport-adaptat\/attachment\/fcg_3\/\" rel=\"attachment wp-att-2017\"><img loading=\"lazy\" decoding=\"async\" class=\"alignnone wp-image-2017\" src=\"http:\/\/agora.xtec.cat\/cee-laginesta\/wp-content\/uploads\/usu800\/2016\/03\/fcg_3.jpg\" alt=\"fcg_3\" width=\"83\" height=\"113\" srcset=\"https:\/\/agora.xtec.cat\/cee-laginesta\/wp-content\/uploads\/usu800\/2016\/03\/fcg_3.jpg 300w, https:\/\/agora.xtec.cat\/cee-laginesta\/wp-content\/uploads\/usu800\/2016\/03\/fcg_3-221x300.jpg 221w\" sizes=\"auto, (max-width: 83px) 100vw, 83px\" \/><\/a><\/p>\n","protected":false},"excerpt":{"rendered":"<p>Des del CEE La Ginesta creiem en la import\u00e0ncia de l&#8217;educaci\u00f3 f\u00edsica i l&#8217;entenem com una \u00e0rea on es realitza un treball integral amb els alumnes: activitat f\u00edsica, foment d&#8217;h\u00e0bits saludables, joc motor, o potenciaci\u00f3 de l&#8217;expressi\u00f3 i la comunicaci\u00f3 social; sense deixar de banda&hellip;  <a href=\"https:\/\/agora.xtec.cat\/cee-laginesta\/programes\/esport-adaptat\/\" title=\"Read Esport adaptat\">Llegeix m\u00e9s\u00bb<\/a><\/p>\n","protected":false},"author":1,"featured_media":0,"parent":64,"menu_order":10,"comment_status":"closed","ping_status":"closed","template":"page-templates\/side-menu.php","meta":{"_bbp_topic_count":0,"_bbp_reply_count":0,"_bbp_total_topic_count":0,"_bbp_total_reply_count":0,"_bbp_voice_count":0,"_bbp_anonymous_reply_count":0,"_bbp_topic_count_hidden":0,"_bbp_reply_count_hidden":0,"_bbp_forum_subforum_count":0,"footnotes":""},"class_list":["post-555","page","type-page","status-publish","hentry"],"post_mailing_queue_ids":[],"_links":{"self":[{"href":"https:\/\/agora.xtec.cat\/cee-laginesta\/wp-json\/wp\/v2\/pages\/555","targetHints":{"allow":["GET"]}}],"collection":[{"href":"https:\/\/agora.xtec.cat\/cee-laginesta\/wp-json\/wp\/v2\/pages"}],"about":[{"href":"https:\/\/agora.xtec.cat\/cee-laginesta\/wp-json\/wp\/v2\/types\/page"}],"author":[{"embeddable":true,"href":"https:\/\/agora.xtec.cat\/cee-laginesta\/wp-json\/wp\/v2\/users\/1"}],"replies":[{"embeddable":true,"href":"https:\/\/agora.xtec.cat\/cee-laginesta\/wp-json\/wp\/v2\/comments?post=555"}],"version-history":[{"count":4,"href":"https:\/\/agora.xtec.cat\/cee-laginesta\/wp-json\/wp\/v2\/pages\/555\/revisions"}],"predecessor-version":[{"id":2018,"href":"https:\/\/agora.xtec.cat\/cee-laginesta\/wp-json\/wp\/v2\/pages\/555\/revisions\/2018"}],"up":[{"embeddable":true,"href":"https:\/\/agora.xtec.cat\/cee-laginesta\/wp-json\/wp\/v2\/pages\/64"}],"wp:attachment":[{"href":"https:\/\/agora.xtec.cat\/cee-laginesta\/wp-json\/wp\/v2\/media?parent=555"}],"curies":[{"name":"wp","href":"https:\/\/api.w.org\/{rel}","templated":true}]}}