{"id":443,"date":"2016-02-25T11:00:12","date_gmt":"2016-02-25T10:00:12","guid":{"rendered":"http:\/\/agora.xtec.cat\/cee-laginesta\/?page_id=443"},"modified":"2016-04-15T13:08:05","modified_gmt":"2016-04-15T12:08:05","slug":"piscina","status":"publish","type":"page","link":"https:\/\/agora.xtec.cat\/cee-laginesta\/programes\/piscina\/","title":{"rendered":"Piscina"},"content":{"rendered":"<p>Des de l&#8217;escola defensem l&#8217;activitat aqu\u00e0tica com un important complement pel desenvolupament motriu de l&#8217;alumne des d&#8217;una vessant l\u00fadica i esportiva. En aquest sentit, des de fa anys apostem per apropar la nataci\u00f3 als alumnes de primer curs.<\/p>\n<p>Aquest any, no obstant, hem pogut ampliar l&#8217;activitat a tots els cursos gr\u00e0cies a la subvenci\u00f3 rebuda per l&#8217;Institut Barcelona Esports i l&#8217;Institut Municipal de Persones amb Discapacitat, dins del programa &#8220;A l&#8217;aigua!&#8221; de suport a les activitats aqu\u00e0tiques en els centres d&#8217;educaci\u00f3 especial.<\/p>\n<p>L&#8217;activitat es du a terme a la piscina del CEM Mundet, essent responsables del curs de nataci\u00f3 els monitors de l&#8217;ACELL. Els mestres de l&#8217;escola aprofiten l&#8217;activitat per fomentar h\u00e0bits d&#8217;autonomia personal, i fan de suport als monitors davant qualsevol dificultat amb els alumnes.<\/p>\n<p>L&#8217;activitat \u00e9s obligat\u00f2ria per a tots els alumnes de l&#8217;escola, ja que forma part de la programaci\u00f3 i del treball d&#8217;educaci\u00f3 f\u00edsica.<\/p>\n<p><strong>Amb la col\u00b7laboraci\u00f3 de:<br \/>\n<img loading=\"lazy\" decoding=\"async\" class=\" size-full wp-image-565 alignleft\" src=\"http:\/\/agora.xtec.cat\/cee-laginesta\/wp-content\/uploads\/usu800\/2016\/03\/01_ajuntament.png\" alt=\"01_ajuntament\" width=\"185\" height=\"88\" \/><\/strong><\/p>\n","protected":false},"excerpt":{"rendered":"<p>Des de l&#8217;escola defensem l&#8217;activitat aqu\u00e0tica com un important complement pel desenvolupament motriu de l&#8217;alumne des d&#8217;una vessant l\u00fadica i esportiva. En aquest sentit, des de fa anys apostem per apropar la nataci\u00f3 als alumnes de primer curs.<br \/>\nAquest any, no obstant, hem pogut ampliar l&#8217;activitat&hellip;  <a href=\"https:\/\/agora.xtec.cat\/cee-laginesta\/programes\/piscina\/\" title=\"Read Piscina\">Llegeix m\u00e9s\u00bb<\/a><\/p>\n","protected":false},"author":1,"featured_media":0,"parent":64,"menu_order":30,"comment_status":"closed","ping_status":"closed","template":"page-templates\/side-menu.php","meta":{"_bbp_topic_count":0,"_bbp_reply_count":0,"_bbp_total_topic_count":0,"_bbp_total_reply_count":0,"_bbp_voice_count":0,"_bbp_anonymous_reply_count":0,"_bbp_topic_count_hidden":0,"_bbp_reply_count_hidden":0,"_bbp_forum_subforum_count":0,"footnotes":""},"class_list":["post-443","page","type-page","status-publish","hentry"],"post_mailing_queue_ids":[],"_links":{"self":[{"href":"https:\/\/agora.xtec.cat\/cee-laginesta\/wp-json\/wp\/v2\/pages\/443","targetHints":{"allow":["GET"]}}],"collection":[{"href":"https:\/\/agora.xtec.cat\/cee-laginesta\/wp-json\/wp\/v2\/pages"}],"about":[{"href":"https:\/\/agora.xtec.cat\/cee-laginesta\/wp-json\/wp\/v2\/types\/page"}],"author":[{"embeddable":true,"href":"https:\/\/agora.xtec.cat\/cee-laginesta\/wp-json\/wp\/v2\/users\/1"}],"replies":[{"embeddable":true,"href":"https:\/\/agora.xtec.cat\/cee-laginesta\/wp-json\/wp\/v2\/comments?post=443"}],"version-history":[{"count":4,"href":"https:\/\/agora.xtec.cat\/cee-laginesta\/wp-json\/wp\/v2\/pages\/443\/revisions"}],"predecessor-version":[{"id":636,"href":"https:\/\/agora.xtec.cat\/cee-laginesta\/wp-json\/wp\/v2\/pages\/443\/revisions\/636"}],"up":[{"embeddable":true,"href":"https:\/\/agora.xtec.cat\/cee-laginesta\/wp-json\/wp\/v2\/pages\/64"}],"wp:attachment":[{"href":"https:\/\/agora.xtec.cat\/cee-laginesta\/wp-json\/wp\/v2\/media?parent=443"}],"curies":[{"name":"wp","href":"https:\/\/api.w.org\/{rel}","templated":true}]}}