{"id":30,"date":"2014-09-18T12:30:23","date_gmt":"2014-09-18T11:30:23","guid":{"rendered":"http:\/\/agora.xtec.cat\/cee-laginesta\/?page_id=30"},"modified":"2024-06-07T12:46:50","modified_gmt":"2024-06-07T10:46:50","slug":"equip-docent","status":"publish","type":"page","link":"https:\/\/agora.xtec.cat\/cee-laginesta\/lescola\/equip-docent\/","title":{"rendered":"Equip docent"},"content":{"rendered":"<p>Els professionals de l&#8217;equip hum\u00e0 del centre, en la seva majoria s\u00f3n mestres d&#8217;educaci\u00f3 especial, no obstant, degut a l&#8217;especificitat del perfil de l&#8217;alumnat, tamb\u00e9 comptem amb especialista en audici\u00f3 i llenguatge, fisioter\u00e0pia, fusteria, i educadors. Tots els professionals intervenen amb tots els alumnes, i per aix\u00f2, s\u00f3n bons coneixedors de les discapacitats i\/o patologies, i tenen a les seves mans les diferents eines i recursos per ajudar a millorar el benestar emocional i potenciar les compet\u00e8ncies dels alumnes.<\/p>\n","protected":false},"excerpt":{"rendered":"<p>Els professionals de l&#8217;equip hum\u00e0 del centre, en la seva majoria s\u00f3n mestres d&#8217;educaci\u00f3 especial, no obstant, degut a l&#8217;especificitat del perfil de l&#8217;alumnat, tamb\u00e9 comptem amb especialista en audici\u00f3 i llenguatge, fisioter\u00e0pia, fusteria, i educadors. Tots els professionals intervenen amb tots els alumnes, i&hellip;  <a href=\"https:\/\/agora.xtec.cat\/cee-laginesta\/lescola\/equip-docent\/\" title=\"Read Equip docent\">Llegeix m\u00e9s\u00bb<\/a><\/p>\n","protected":false},"author":1,"featured_media":0,"parent":22,"menu_order":40,"comment_status":"closed","ping_status":"closed","template":"page-templates\/side-menu.php","meta":{"_bbp_topic_count":0,"_bbp_reply_count":0,"_bbp_total_topic_count":0,"_bbp_total_reply_count":0,"_bbp_voice_count":0,"_bbp_anonymous_reply_count":0,"_bbp_topic_count_hidden":0,"_bbp_reply_count_hidden":0,"_bbp_forum_subforum_count":0,"footnotes":""},"class_list":["post-30","page","type-page","status-publish","hentry"],"post_mailing_queue_ids":[],"_links":{"self":[{"href":"https:\/\/agora.xtec.cat\/cee-laginesta\/wp-json\/wp\/v2\/pages\/30","targetHints":{"allow":["GET"]}}],"collection":[{"href":"https:\/\/agora.xtec.cat\/cee-laginesta\/wp-json\/wp\/v2\/pages"}],"about":[{"href":"https:\/\/agora.xtec.cat\/cee-laginesta\/wp-json\/wp\/v2\/types\/page"}],"author":[{"embeddable":true,"href":"https:\/\/agora.xtec.cat\/cee-laginesta\/wp-json\/wp\/v2\/users\/1"}],"replies":[{"embeddable":true,"href":"https:\/\/agora.xtec.cat\/cee-laginesta\/wp-json\/wp\/v2\/comments?post=30"}],"version-history":[{"count":5,"href":"https:\/\/agora.xtec.cat\/cee-laginesta\/wp-json\/wp\/v2\/pages\/30\/revisions"}],"predecessor-version":[{"id":375,"href":"https:\/\/agora.xtec.cat\/cee-laginesta\/wp-json\/wp\/v2\/pages\/30\/revisions\/375"}],"up":[{"embeddable":true,"href":"https:\/\/agora.xtec.cat\/cee-laginesta\/wp-json\/wp\/v2\/pages\/22"}],"wp:attachment":[{"href":"https:\/\/agora.xtec.cat\/cee-laginesta\/wp-json\/wp\/v2\/media?parent=30"}],"curies":[{"name":"wp","href":"https:\/\/api.w.org\/{rel}","templated":true}]}}