{"id":26,"date":"2014-09-18T12:24:32","date_gmt":"2014-09-18T11:24:32","guid":{"rendered":"http:\/\/agora.xtec.cat\/cee-laginesta\/?page_id=26"},"modified":"2024-02-07T12:58:41","modified_gmt":"2024-02-07T11:58:41","slug":"historia","status":"publish","type":"page","link":"https:\/\/agora.xtec.cat\/cee-laginesta\/lescola\/historia\/","title":{"rendered":"Hist\u00f2ria"},"content":{"rendered":"<p>El CEE La Ginesta t\u00e9 el seu origen en l&#8217;<em>Institut Psicopedag\u00f2gic Mundet<\/em> creat per la Diputaci\u00f3 de Barcelona l&#8217;any 1971. Atenia 600 nois i noies amb discapacitat, provinents de la Casa de la Caritat, amb edats compreses entre els 5 i els 18 anys en r\u00e8gim d&#8217;internat. El centre depenia de l&#8217;\u00c0rea de Serveis Socials de la Diputaci\u00f3 de Barcelona, i donava servei m\u00e8dic, pedag\u00f2gic i assistencial als alumnes.<\/p>\n<p>Entre els anys 1985 i 1987 el centre fou traspassat a l&#8217;\u00c0rea d&#8217;Educaci\u00f3 de la Diputaci\u00f3 de Barcelona, permetent-se l&#8217;acc\u00e9s a alumnat en r\u00e8gim d&#8217;externat. Fins a l&#8217;any 1990 s&#8217;an\u00e0 produint la progressiva desaparici\u00f3 de l&#8217;internat i el centre s&#8217;adapt\u00e0 a la nova legislaci\u00f3 sorgida de la LOGSE.<\/p>\n<p>L&#8217;any 1990 el centre pass\u00e0 a anomenar-se <em>Centre d&#8217;Educaci\u00f3 Especial Psicopedag\u00f2gic Mundet<\/em>, i novament l&#8217;any 2001 torn\u00e0 a canviar el nom per <em>Centre d&#8217;Educaci\u00f3 Especial La Ginesta<\/em>.<\/p>\n<p>Des de l&#8217;any 2002, i mitjan\u00e7ant un conveni entre la Diputaci\u00f3 de Barcelona i l&#8217;Ajuntament de Barcelona, el funcionament i l&#8217;organitzaci\u00f3 de l&#8217;escola passaren a dependre de l&#8217;Institut Municipal d&#8217;Educaci\u00f3 de Barcelona.<\/p>\n<p>Finalment, des de l&#8217;any 2009, l&#8217;escola pass\u00e0 a dependre del Consorci d&#8217;Educaci\u00f3 de Barcelona en relaci\u00f3 a l&#8217;organitzaci\u00f3 i a la gesti\u00f3 de la mateixa.<\/p>\n","protected":false},"excerpt":{"rendered":"<p>El CEE La Ginesta t\u00e9 el seu origen en l&#8217;Institut Psicopedag\u00f2gic Mundet creat per la Diputaci\u00f3 de Barcelona l&#8217;any 1971. Atenia 600 nois i noies amb discapacitat, provinents de la Casa de la Caritat, amb edats compreses entre els 5 i els 18 anys en&hellip;  <a href=\"https:\/\/agora.xtec.cat\/cee-laginesta\/lescola\/historia\/\" title=\"Read Hist\u00f2ria\">Llegeix m\u00e9s\u00bb<\/a><\/p>\n","protected":false},"author":1,"featured_media":0,"parent":22,"menu_order":20,"comment_status":"closed","ping_status":"closed","template":"page-templates\/side-menu.php","meta":{"_bbp_topic_count":0,"_bbp_reply_count":0,"_bbp_total_topic_count":0,"_bbp_total_reply_count":0,"_bbp_voice_count":0,"_bbp_anonymous_reply_count":0,"_bbp_topic_count_hidden":0,"_bbp_reply_count_hidden":0,"_bbp_forum_subforum_count":0,"footnotes":""},"class_list":["post-26","page","type-page","status-publish","hentry"],"post_mailing_queue_ids":[],"_links":{"self":[{"href":"https:\/\/agora.xtec.cat\/cee-laginesta\/wp-json\/wp\/v2\/pages\/26","targetHints":{"allow":["GET"]}}],"collection":[{"href":"https:\/\/agora.xtec.cat\/cee-laginesta\/wp-json\/wp\/v2\/pages"}],"about":[{"href":"https:\/\/agora.xtec.cat\/cee-laginesta\/wp-json\/wp\/v2\/types\/page"}],"author":[{"embeddable":true,"href":"https:\/\/agora.xtec.cat\/cee-laginesta\/wp-json\/wp\/v2\/users\/1"}],"replies":[{"embeddable":true,"href":"https:\/\/agora.xtec.cat\/cee-laginesta\/wp-json\/wp\/v2\/comments?post=26"}],"version-history":[{"count":5,"href":"https:\/\/agora.xtec.cat\/cee-laginesta\/wp-json\/wp\/v2\/pages\/26\/revisions"}],"predecessor-version":[{"id":8283,"href":"https:\/\/agora.xtec.cat\/cee-laginesta\/wp-json\/wp\/v2\/pages\/26\/revisions\/8283"}],"up":[{"embeddable":true,"href":"https:\/\/agora.xtec.cat\/cee-laginesta\/wp-json\/wp\/v2\/pages\/22"}],"wp:attachment":[{"href":"https:\/\/agora.xtec.cat\/cee-laginesta\/wp-json\/wp\/v2\/media?parent=26"}],"curies":[{"name":"wp","href":"https:\/\/api.w.org\/{rel}","templated":true}]}}