{"id":221,"date":"2015-12-23T09:36:46","date_gmt":"2015-12-23T08:36:46","guid":{"rendered":"http:\/\/agora.xtec.cat\/cee-laginesta\/?page_id=221"},"modified":"2023-03-23T18:09:06","modified_gmt":"2023-03-23T17:09:06","slug":"oficis-a-la-ciutat","status":"publish","type":"page","link":"https:\/\/agora.xtec.cat\/cee-laginesta\/programes\/oficis-a-la-ciutat\/","title":{"rendered":"Programa Enginy &#8211; Oficis a la ciutat"},"content":{"rendered":"<p data-canvas-width=\"420.52329696721864\">Diferents alumnes del grup C i del grup B, participa dels tallers &#8220;<a href=\"https:\/\/www.edubcn.cat\/rcs_gene\/extra\/05_convocatoria_unificada_programes\/2021_2022\/I0101_Enginy_DESCRIPTIVA_2021_2022.pdf\">Programa Enginy&#8221;<\/a> impulsat pel Consorci d&#8217;Educaci\u00f3 de Barcelona dins del programa Enginy.<\/p>\n<p data-canvas-width=\"420.52329696721864\">El programa pret\u00e9n donar resposta individualitzada a aquells alumnes que, per diferents causes, requereixen un temps i un espai de maduraci\u00f3 personal per definir un itinerari formatiu-professional. En el cas de l&#8217;escola, tamb\u00e9 s&#8217;aprofita aquest programa de tallers per ofereir una aproximaci\u00f3 als nois i noies a un entorn pre-laboral (companys, encarregat, tasques, situaci\u00f3 davant la feina, autonomia, seguretat i higiene&#8230;) i per fomentar l&#8217;autonomia en els despla\u00e7aments.<\/p>\n<p data-canvas-width=\"420.52329696721864\">La metodologia emprada \u00e9s interactiva, vivencial, experiencial i manipulativa, en espais on l&#8217;alumnat s&#8217;aproxima a l&#8217;entorn laboral. L&#8217;aprenentatge de les compet\u00e8ncies b\u00e0siques directament relacionades amb les h\u00e0bits de treball en equip i responsabilitat laboral, es converteixen en una font de motivaci\u00f3.<\/p>\n<p data-canvas-width=\"420.52329696721864\">QU\u00c8 SE N\u2019ESPERA<br \/>\n\uf0b7 Facilitar l\u2019orientaci\u00f3 de l\u2019alumnat cap a itineraris formatius m\u00e9s personalitzats i de futur.<br \/>\n\uf0b7 Facilitar a l\u2019alumnat elements per a la seva motivaci\u00f3 que permetin el despertar de<br \/>\nvocacions i l\u2019ajudin a definir el seu futur educatiu i professional.<br \/>\n\uf0b7 Evitar l\u2019abandonament prematur de l\u2019alumnat afavorint el coneixement d\u2019oficis i<br \/>\nprofessions diverses<br \/>\n\uf0b7 Compartir i aprendre d\u2019experi\u00e8ncies educatives intercentres de Barcelona..<br \/>\n\uf0b7 Crear pr\u00e0ctiques educatives inclusives, afavorint un Pla d\u2019orientaci\u00f3 a l\u2019alumnat en el<br \/>\nProjecte Educatiu de Centre.<br \/>\n\uf0b7 Consolidar noves estrat\u00e8gies de centre: treball cooperatiu, APS, doc\u00e8ncia compartida,<br \/>\naprenentatge competencial, afavorir el desenvolupament de les compet\u00e8ncies<br \/>\ntransversals de secund\u00e0ria, etc.<\/p>\n<p data-canvas-width=\"420.52329696721864\">Oficis Compartits:<\/p>\n<ul>\n<li>Perruqueria<\/li>\n<li>Est\u00e8tica (Escola de Perruqueria Colomer)<\/li>\n<li>Taller de manteniment b\u00e0sic d\u2019embarcacions<\/li>\n<li>Saber qu\u00e8 fer: Metall<\/li>\n<li>Saber qu\u00e8 fer: Teixits<\/li>\n<li>Oficis gastron\u00f2mics<\/li>\n<li>Instal\u00b7lacions dom\u00e8stiques<\/li>\n<li>Mec\u00e0nica b\u00e0sica de la bicicleta<\/li>\n<li>Fes-te-la tu. Taller de costura<\/li>\n<\/ul>\n","protected":false},"excerpt":{"rendered":"<p>Diferents alumnes del grup C i del grup B, participa dels tallers &#8220;<a href=\"https:\/\/www.edubcn.cat\/rcs_gene\/extra\/05_convocatoria_unificada_programes\/2021_2022\/I0101_Enginy_DESCRIPTIVA_2021_2022.pdf\">Programa Enginy&#8221;<\/a> impulsat pel Consorci d&#8217;Educaci\u00f3 de Barcelona dins del programa Enginy.<br \/>\nEl programa pret\u00e9n donar resposta individualitzada a aquells alumnes que, per diferents causes, requereixen un temps i un espai de maduraci\u00f3&hellip;  <a href=\"https:\/\/agora.xtec.cat\/cee-laginesta\/programes\/oficis-a-la-ciutat\/\" title=\"Read Programa Enginy &#8211; Oficis a la ciutat\">Llegeix m\u00e9s\u00bb<\/a><\/p>\n","protected":false},"author":1,"featured_media":0,"parent":64,"menu_order":60,"comment_status":"closed","ping_status":"closed","template":"","meta":{"_bbp_topic_count":0,"_bbp_reply_count":0,"_bbp_total_topic_count":0,"_bbp_total_reply_count":0,"_bbp_voice_count":0,"_bbp_anonymous_reply_count":0,"_bbp_topic_count_hidden":0,"_bbp_reply_count_hidden":0,"_bbp_forum_subforum_count":0,"footnotes":""},"class_list":["post-221","page","type-page","status-publish","hentry"],"post_mailing_queue_ids":[],"_links":{"self":[{"href":"https:\/\/agora.xtec.cat\/cee-laginesta\/wp-json\/wp\/v2\/pages\/221","targetHints":{"allow":["GET"]}}],"collection":[{"href":"https:\/\/agora.xtec.cat\/cee-laginesta\/wp-json\/wp\/v2\/pages"}],"about":[{"href":"https:\/\/agora.xtec.cat\/cee-laginesta\/wp-json\/wp\/v2\/types\/page"}],"author":[{"embeddable":true,"href":"https:\/\/agora.xtec.cat\/cee-laginesta\/wp-json\/wp\/v2\/users\/1"}],"replies":[{"embeddable":true,"href":"https:\/\/agora.xtec.cat\/cee-laginesta\/wp-json\/wp\/v2\/comments?post=221"}],"version-history":[{"count":3,"href":"https:\/\/agora.xtec.cat\/cee-laginesta\/wp-json\/wp\/v2\/pages\/221\/revisions"}],"predecessor-version":[{"id":7804,"href":"https:\/\/agora.xtec.cat\/cee-laginesta\/wp-json\/wp\/v2\/pages\/221\/revisions\/7804"}],"up":[{"embeddable":true,"href":"https:\/\/agora.xtec.cat\/cee-laginesta\/wp-json\/wp\/v2\/pages\/64"}],"wp:attachment":[{"href":"https:\/\/agora.xtec.cat\/cee-laginesta\/wp-json\/wp\/v2\/media?parent=221"}],"curies":[{"name":"wp","href":"https:\/\/api.w.org\/{rel}","templated":true}]}}