{"id":22,"date":"2014-09-18T12:19:57","date_gmt":"2014-09-18T11:19:57","guid":{"rendered":"http:\/\/agora.xtec.cat\/cee-laginesta\/?page_id=22"},"modified":"2022-02-08T10:57:05","modified_gmt":"2022-02-08T09:57:05","slug":"lescola","status":"publish","type":"page","link":"https:\/\/agora.xtec.cat\/cee-laginesta\/lescola\/","title":{"rendered":"L&#8217;escola"},"content":{"rendered":"<p>El CEE La Ginesta est\u00e0 situat al barri de Montbau, districte d&#8217;Horta-Guinard\u00f3, dins del Recinte Llars Mundet de Barcelona.<\/p>\n<p>S&#8217;organitza en una estructura dividida en escolaritzaci\u00f3 adaptada (12-16 anys) i Programa de formaci\u00f3 per a la Transici\u00f3 a la Vida Adulta (16-20 anys).<\/p>\n<p>El Centre compta amb mestres d\u2019educaci\u00f3 especial i especialistes (psicopedagoga, logopeda, mestre d&#8217;educaci\u00f3 f\u00edsica, mestre-fuster, mestre de m\u00fasica&#8230;),\u00a0 educadores\u00a0 d&#8217;educaci\u00f3 especial, fisioterapeuta del SEEM un cop per setmana,\u00a0 assessorament\u00a0 per part de la p<i>sic\u00f2loga SAPCEE<\/i><i>(Servei Assessorament Psicol\u00f2gic <\/i><i>Centre Educaci\u00f3 Especial) .<\/i><\/p>\n<p>Tamb\u00e9, i per les caracter\u00edstiques dels nostres alumnes, hi ha una continuada col\u00b7laboraci\u00f3 amb especialistes externs com: assessoraments del CREDV de l\u2019ONCE,\u00a0 psicopedagoga de l\u2019EAP, els serveis del CSMIJ \/ CESMA \/ SEMS-DI, serveis socials.<\/p>\n<p>&nbsp;<\/p>\n","protected":false},"excerpt":{"rendered":"<p>El CEE La Ginesta est\u00e0 situat al barri de Montbau, districte d&#8217;Horta-Guinard\u00f3, dins del Recinte Llars Mundet de Barcelona.<br \/>\nS&#8217;organitza en una estructura dividida en escolaritzaci\u00f3 adaptada (12-16 anys) i Programa de formaci\u00f3 per a la Transici\u00f3 a la Vida Adulta (16-20 anys).<br \/>\nEl Centre compta amb&hellip;  <a href=\"https:\/\/agora.xtec.cat\/cee-laginesta\/lescola\/\" title=\"Read L&#8217;escola\">Llegeix m\u00e9s\u00bb<\/a><\/p>\n","protected":false},"author":1,"featured_media":0,"parent":0,"menu_order":0,"comment_status":"closed","ping_status":"closed","template":"page-templates\/side-menu.php","meta":{"_bbp_topic_count":0,"_bbp_reply_count":0,"_bbp_total_topic_count":0,"_bbp_total_reply_count":0,"_bbp_voice_count":0,"_bbp_anonymous_reply_count":0,"_bbp_topic_count_hidden":0,"_bbp_reply_count_hidden":0,"_bbp_forum_subforum_count":0,"footnotes":""},"class_list":["post-22","page","type-page","status-publish","hentry"],"post_mailing_queue_ids":[],"_links":{"self":[{"href":"https:\/\/agora.xtec.cat\/cee-laginesta\/wp-json\/wp\/v2\/pages\/22","targetHints":{"allow":["GET"]}}],"collection":[{"href":"https:\/\/agora.xtec.cat\/cee-laginesta\/wp-json\/wp\/v2\/pages"}],"about":[{"href":"https:\/\/agora.xtec.cat\/cee-laginesta\/wp-json\/wp\/v2\/types\/page"}],"author":[{"embeddable":true,"href":"https:\/\/agora.xtec.cat\/cee-laginesta\/wp-json\/wp\/v2\/users\/1"}],"replies":[{"embeddable":true,"href":"https:\/\/agora.xtec.cat\/cee-laginesta\/wp-json\/wp\/v2\/comments?post=22"}],"version-history":[{"count":4,"href":"https:\/\/agora.xtec.cat\/cee-laginesta\/wp-json\/wp\/v2\/pages\/22\/revisions"}],"predecessor-version":[{"id":7215,"href":"https:\/\/agora.xtec.cat\/cee-laginesta\/wp-json\/wp\/v2\/pages\/22\/revisions\/7215"}],"wp:attachment":[{"href":"https:\/\/agora.xtec.cat\/cee-laginesta\/wp-json\/wp\/v2\/media?parent=22"}],"curies":[{"name":"wp","href":"https:\/\/api.w.org\/{rel}","templated":true}]}}