{"id":217,"date":"2015-12-23T09:35:10","date_gmt":"2015-12-23T08:35:10","guid":{"rendered":"http:\/\/agora.xtec.cat\/cee-laginesta\/?page_id=217"},"modified":"2016-04-15T13:08:50","modified_gmt":"2016-04-15T12:08:50","slug":"escoles-sostenibles","status":"publish","type":"page","link":"https:\/\/agora.xtec.cat\/cee-laginesta\/programes\/escoles-sostenibles\/","title":{"rendered":"Escoles+sostenibles"},"content":{"rendered":"<p>El CEE La Ginesta participa del projecte <a href=\"http:\/\/www.sostenibilitatbcn.cat\/index.php\/escoles-sostenibles\">Escoles+sostenibles<\/a>\u00a0conscient de la necessitat social d&#8217;una educaci\u00f3 per a la sostenibilitat, la cura del medi ambient i el respecte per l&#8217;entorn.<\/p>\n<p>Cavar, plantar, sembrar, airejar la terra, podar, arrencar males herbes, regar&#8230; s\u00f3n paraules que els alumnes interioritzen de primera m\u00e0 mitjan\u00e7ant un aprenentatge pr\u00e0ctic i vivencial dut a terme a l&#8217;hort que es disposa a l&#8217;escola. En ell, els alumnes aprenen conceptes relacionats amb el curr\u00edculum escolar per\u00f2 aplicats a un context real.<\/p>\n<p>Aix\u00ed mateix, tamb\u00e9 es fa un treball sistem\u00e0tic de reciclatge, cura de l&#8217;entorn, conscienciaci\u00f3 del medi ambient&#8230; tot incidint en tasques com:<\/p>\n<ul>\n<li>Gesti\u00f3 i \u00fas del paper<\/li>\n<li>Activitats relacionades amb l&#8217;hort i la cuina.<\/li>\n<li>Control i millora de l&#8217;\u00fas de l&#8217;aigua i la llum<\/li>\n<li>Cura i manteniment dels espais comuns i exteriors<\/li>\n<li>Relaci\u00f3 entre l&#8217;hort i la cuina: \u00fas de verdures i hortalisses collides a l&#8217;hort, i \u00fas de restes org\u00e0niques per fer compost<\/li>\n<\/ul>\n","protected":false},"excerpt":{"rendered":"<p>El CEE La Ginesta participa del projecte <a href=\"http:\/\/www.sostenibilitatbcn.cat\/index.php\/escoles-sostenibles\">Escoles+sostenibles<\/a>\u00a0conscient de la necessitat social d&#8217;una educaci\u00f3 per a la sostenibilitat, la cura del medi ambient i el respecte per l&#8217;entorn.<br \/>\nCavar, plantar, sembrar, airejar la terra, podar, arrencar males herbes, regar&#8230; s\u00f3n paraules que els alumnes interioritzen&hellip;  <a href=\"https:\/\/agora.xtec.cat\/cee-laginesta\/programes\/escoles-sostenibles\/\" title=\"Read Escoles+sostenibles\">Llegeix m\u00e9s\u00bb<\/a><\/p>\n","protected":false},"author":1,"featured_media":0,"parent":64,"menu_order":80,"comment_status":"closed","ping_status":"closed","template":"","meta":{"_bbp_topic_count":0,"_bbp_reply_count":0,"_bbp_total_topic_count":0,"_bbp_total_reply_count":0,"_bbp_voice_count":0,"_bbp_anonymous_reply_count":0,"_bbp_topic_count_hidden":0,"_bbp_reply_count_hidden":0,"_bbp_forum_subforum_count":0,"footnotes":""},"class_list":["post-217","page","type-page","status-publish","hentry"],"post_mailing_queue_ids":[],"_links":{"self":[{"href":"https:\/\/agora.xtec.cat\/cee-laginesta\/wp-json\/wp\/v2\/pages\/217","targetHints":{"allow":["GET"]}}],"collection":[{"href":"https:\/\/agora.xtec.cat\/cee-laginesta\/wp-json\/wp\/v2\/pages"}],"about":[{"href":"https:\/\/agora.xtec.cat\/cee-laginesta\/wp-json\/wp\/v2\/types\/page"}],"author":[{"embeddable":true,"href":"https:\/\/agora.xtec.cat\/cee-laginesta\/wp-json\/wp\/v2\/users\/1"}],"replies":[{"embeddable":true,"href":"https:\/\/agora.xtec.cat\/cee-laginesta\/wp-json\/wp\/v2\/comments?post=217"}],"version-history":[{"count":4,"href":"https:\/\/agora.xtec.cat\/cee-laginesta\/wp-json\/wp\/v2\/pages\/217\/revisions"}],"predecessor-version":[{"id":887,"href":"https:\/\/agora.xtec.cat\/cee-laginesta\/wp-json\/wp\/v2\/pages\/217\/revisions\/887"}],"up":[{"embeddable":true,"href":"https:\/\/agora.xtec.cat\/cee-laginesta\/wp-json\/wp\/v2\/pages\/64"}],"wp:attachment":[{"href":"https:\/\/agora.xtec.cat\/cee-laginesta\/wp-json\/wp\/v2\/media?parent=217"}],"curies":[{"name":"wp","href":"https:\/\/api.w.org\/{rel}","templated":true}]}}